{"id":2760,"date":"2023-07-28T18:57:45","date_gmt":"2023-07-28T18:57:45","guid":{"rendered":"https:\/\/dromerfaruk.com\/otoplasti\/"},"modified":"2023-08-09T16:49:51","modified_gmt":"2023-08-09T16:49:51","slug":"otoplasti","status":"publish","type":"page","link":"https:\/\/dromerfaruk.com\/tr\/otoplasti\/","title":{"rendered":"Otoplasti"},"content":{"rendered":"\t\t<div data-elementor-type=\"wp-page\" data-elementor-id=\"2760\" class=\"elementor elementor-2760 elementor-2105\">\n\t\t\t\t\t\t<section class=\"elementor-section elementor-top-section elementor-element elementor-element-177e21a elementor-section-boxed elementor-section-height-default elementor-section-height-default\" data-id=\"177e21a\" data-element_type=\"section\" data-settings=\"{&quot;background_background&quot;:&quot;classic&quot;}\">\n\t\t\t\t\t\t<div class=\"elementor-container elementor-column-gap-default\">\n\t\t\t\t\t<div class=\"elementor-column elementor-col-100 elementor-top-column elementor-element elementor-element-fa1f97e\" data-id=\"fa1f97e\" data-element_type=\"column\">\n\t\t\t<div class=\"elementor-widget-wrap elementor-element-populated\">\n\t\t\t\t\t\t<div class=\"elementor-element elementor-element-5f48177 elementor-widget elementor-widget-text-editor\" data-id=\"5f48177\" data-element_type=\"widget\" data-widget_type=\"text-editor.default\">\n\t\t\t\t<div class=\"elementor-widget-container\">\n\t\t\t\t\t\t\t<div class=\"min-h-[20px] flex items-start overflow-x-auto whitespace-pre-wrap break-words flex-col gap-4\">\n<div class=\"markdown prose w-full break-words dark:prose-invert light\">\n<h1>Dr. \u00d6mer Faruk Deveci ile \u0130stanbul&#8217;da Kapsaml\u0131 Otoplasti Rehberi<\/h1>\n<p>Kulak ameliyat\u0131 olarak da bilinen otoplasti, kula\u011f\u0131n \u015feklini, konumunu veya oran\u0131n\u0131 iyile\u015ftirebilen bir prosed\u00fcrd\u00fcr. Kulak yap\u0131s\u0131nda do\u011fu\u015ftan var olan bir kusuru d\u00fczeltebilir veya yaralanma sonucu olu\u015fan \u015fekilsiz kulaklar\u0131 tedavi edebilir. \u0130stanbul&#8217;da otoplasti yapt\u0131rmay\u0131 d\u00fc\u015f\u00fcn\u00fcyorsan\u0131z, deneyimli ve kendini i\u015fine adam\u0131\u015f bir plastik cerrah olan Dr. \u00d6mer Faruk Deveci, s\u00fcre\u00e7 boyunca size rehberlik etmek i\u00e7in burada.<\/p>\n<h2>Otoplastiyi Anlamak<\/h2>\n<p>Otoplasti, kulaklara ve y\u00fcze denge ve orant\u0131 getirirken do\u011fal bir \u015fekil olu\u015fturmak i\u00e7in tasarlanm\u0131\u015ft\u0131r. K\u00fc\u00e7\u00fck deformitelerin bile d\u00fczeltilmesi, g\u00f6r\u00fcn\u00fcm ve \u00f6zg\u00fcven \u00fczerinde derin faydalar sa\u011flayabilir. Simetriyi optimize etmek i\u00e7in prosed\u00fcr tipik olarak her iki kulakta da ger\u00e7ekle\u015ftirilir.<\/p>\n<p>Kulak i\u011fneleme, kulak yeniden \u015fekillendirme ve kulak k\u00fc\u00e7\u00fcltme dahil olmak \u00fczere farkl\u0131 otoplasti prosed\u00fcrleri vard\u0131r. Prosed\u00fcr se\u00e7imi, \u00f6zel ihtiya\u00e7lar\u0131n\u0131z ve hedeflerinizin yan\u0131 s\u0131ra bireysel anatominize de ba\u011fl\u0131 olacakt\u0131r.<\/p>\n<ul>\n<li>\n<p><strong>Kulak \u0130\u011f<\/strong>neleme: Bu prosed\u00fcr, \u00e7\u0131k\u0131nt\u0131l\u0131 kulaklar\u0131 d\u00fczeltmek i\u00e7in kullan\u0131l\u0131r. K\u0131k\u0131rda\u011f\u0131 ortaya \u00e7\u0131karmak i\u00e7in kulak arkas\u0131ndan bir kesi yap\u0131lmas\u0131n\u0131 i\u00e7erir. Daha sonra k\u0131k\u0131rdak yeniden \u015fekillendirilir ve kulaklar\u0131 ba\u015fa yakla\u015ft\u0131rmak i\u00e7in fazla deri \u00e7\u0131kar\u0131l\u0131r.<\/p>\n<\/li>\n<li>\n<p><strong>Kulak \u015eekillendirme<\/strong>: Bu prosed\u00fcr, kulak \u015feklindeki deformiteleri veya d\u00fczensizlikleri d\u00fczeltmek i\u00e7in kullan\u0131l\u0131r. Dikkatlice yerle\u015ftirilmi\u015f kesiler yoluyla k\u0131k\u0131rda\u011f\u0131n yeniden \u015fekillendirilmesini i\u00e7erir.<\/p>\n<\/li>\n<li>\n<p><strong>Kulak K\u00fc\u00e7\u00fcltme<\/strong>: Bu prosed\u00fcr b\u00fcy\u00fck kulaklar\u0131n boyutunu k\u00fc\u00e7\u00fcltmek i\u00e7in kullan\u0131l\u0131r. Kulakta bir kesi yoluyla fazla k\u0131k\u0131rdak ve derinin \u00e7\u0131kar\u0131lmas\u0131n\u0131 i\u00e7erir.<\/p>\n<\/li>\n<\/ul>\n<h2>\u0130stanbul&#8217;da Otoplasti i\u00e7in Neden Dr. Deveci&#8217;yi Se\u00e7melisiniz?<\/h2>\n<p>Otoplastiniz i\u00e7in do\u011fru cerrah\u0131 se\u00e7mek \u00e7ok \u00f6nemlidir. Dr. Deveci, her prosed\u00fcre y\u0131llar\u0131n deneyimini ve y\u00fcz esteti\u011fi konusunda derin bir anlay\u0131\u015f\u0131 getiriyor. Hastalar\u0131n\u0131n bireysel ihtiya\u00e7 ve isteklerine \u00f6ncelik vererek ameliyat sonu\u00e7lar\u0131n\u0131n estetik hedefleriyle uyumlu olmas\u0131n\u0131 sa\u011flar. Yakla\u015f\u0131m\u0131, do\u011fal forma derin bir sayg\u0131 ile karakterize edilir ve hastalar\u0131n\u0131n do\u011fal g\u00fczelli\u011fini geli\u015ftirmeye odaklan\u0131r. Dr. Deveci&#8217;nin yakla\u015f\u0131m\u0131 ve hastalar\u0131na olan ba\u011fl\u0131l\u0131\u011f\u0131 hakk\u0131nda daha fazla bilgiyi <a href=\"https:\/\/dromerfaruk.com\/tr\/\" target=\"_new\">buradan<\/a> edinebilirsiniz.<\/p>\n<h2>Otoplasti Prosed\u00fcr\u00fc<\/h2>\n<p>Otoplasti prosed\u00fcr\u00fc, Dr. Deveci&#8217;nin hedeflerinizi tart\u0131\u015faca\u011f\u0131, kulak yap\u0131n\u0131z\u0131 de\u011ferlendirece\u011fi ve ki\u015fiselle\u015ftirilmi\u015f bir cerrahi plan geli\u015ftirece\u011fi kapsaml\u0131 bir kons\u00fcltasyonla ba\u015flar. Bu planda kulaklar\u0131n\u0131z\u0131n \u015fekli ve boyutu ile \u00f6zel estetik hedefleriniz gibi fakt\u00f6rler dikkate al\u0131nacakt\u0131r.<\/p>\n<p>Ameliyat s\u0131ras\u0131nda Dr. Deveci kulak k\u0131vr\u0131mlar\u0131nda veya kulak arkas\u0131nda kesiler yapar. Daha sonra k\u0131k\u0131rdak yeniden \u015fekillendirilir ve daha dengeli bir g\u00f6r\u00fcn\u00fcm olu\u015fturmak i\u00e7in fazla deri \u00e7\u0131kar\u0131l\u0131r. \u0130\u015flem sedasyon veya genel anestezi ile lokal anestezi alt\u0131nda ger\u00e7ekle\u015ftirilir ve tipik olarak bir ila iki saat s\u00fcrer.<\/p>\n<p>Dr. Deveci, yara izini en aza indirmek ve en do\u011fal g\u00f6r\u00fcn\u00fcml\u00fc sonu\u00e7lar\u0131 sa\u011flamak i\u00e7in geli\u015fmi\u015f cerrahi teknikler kullanmaktad\u0131r. Kendisini hasta g\u00fcvenli\u011fine adam\u0131\u015ft\u0131r ve en y\u00fcksek cerrahi bak\u0131m standartlar\u0131na ba\u011fl\u0131d\u0131r.<\/p>\n<h2>\u0130stanbul&#8217;da Otoplasti Maliyeti 2023<\/h2>\n<p>Otoplastinin maliyeti, hastan\u0131n \u00f6zel hedefleri ve prosed\u00fcr\u00fcn kapsam\u0131 dahil olmak \u00fczere bir dizi fakt\u00f6re ba\u011fl\u0131 olarak de\u011fi\u015febilir. Kons\u00fcltasyonunuz s\u0131ras\u0131nda Dr. Deveci, ki\u015fiselle\u015ftirilmi\u015f cerrahi plan\u0131n\u0131za g\u00f6re ayr\u0131nt\u0131l\u0131 bir maliyet tahmini sunacakt\u0131r. Maliyetteki farkl\u0131l\u0131klara ra\u011fmen Dr. Deveci, eri\u015filebilir ve uygun fiyatl\u0131 y\u00fcksek kaliteli bak\u0131m sa\u011flamaya kararl\u0131d\u0131r. Otoplasti maliyeti hakk\u0131nda daha fazla bilgi i\u00e7in l\u00fctfen <a href=\"https:\/\/dromerfaruk.com\/tr\/?page_id=2602\" target=\"_new\">bizimle ileti\u015fime<\/a> ge\u00e7in.<\/p>\n<h2>Otoplasti Sonras\u0131 \u0130yile\u015fme<\/h2>\n<p>Otoplasti sonras\u0131 iyile\u015fme bir s\u00fcre dinlenme ve s\u0131n\u0131rl\u0131 fiziksel aktivite gerektirir. Hastalar bir miktar \u015fi\u015flik ve rahats\u0131zl\u0131k hissedebilir, bu durum genellikle bir veya iki hafta i\u00e7inde azal\u0131r. \u00c7o\u011fu hasta bir hafta i\u00e7inde normal aktivitelerine d\u00f6nebilir, ancak \u015fi\u015flik azald\u0131k\u00e7a ve kesiler iyile\u015ftik\u00e7e iyile\u015fme birka\u00e7 hafta devam edecektir.<\/p>\n<p>Dr. Deveci, ayr\u0131nt\u0131l\u0131 ameliyat sonras\u0131 bak\u0131m talimatlar\u0131 sa\u011flar ve iyile\u015fme s\u00fcrecinde her t\u00fcrl\u00fc soru veya endi\u015feyi yan\u0131tlamaya haz\u0131rd\u0131r. Kendisini her hastan\u0131n sorunsuz ve rahat bir iyile\u015fme s\u00fcreci ge\u00e7irmesini sa\u011flamaya adam\u0131\u015ft\u0131r.<\/p>\n<h2>Bir Kons\u00fcltasyon Planlay\u0131n<\/h2>\n<p>\u0130stanbul&#8217;da otoplasti yapt\u0131rmay\u0131 d\u00fc\u015f\u00fcn\u00fcyorsan\u0131z, Dr. Deveci ile bir kons\u00fcltasyon planlay\u0131n. Prosed\u00fcr\u00fc sizinle ayr\u0131nt\u0131l\u0131 olarak tart\u0131\u015fabilir, sorular\u0131n\u0131z\u0131 yan\u0131tlayabilir ve otoplastinin sizin i\u00e7in do\u011fru se\u00e7im olup olmad\u0131\u011f\u0131na karar vermenize yard\u0131mc\u0131 olabilir. Uluslararas\u0131 hastalar\u0131m\u0131z i\u00e7in, <a href=\"https:\/\/dromerfaruk.com\/tr\/?page_id=2608\" target=\"_new\">buradaki<\/a> yolculu\u011funuzda size yard\u0131mc\u0131 olacak \u00f6zel bir sayfam\u0131z var.<\/p>\n<p>Otoplasti do\u011fal g\u00fczelli\u011finizi geli\u015ftirebilir ve \u00f6zg\u00fcveninizi art\u0131rabilir. Daha fazla g\u00fczellik ve \u00f6zg\u00fcvene do\u011fru yolculu\u011funuz i\u00e7in Dr. \u00d6mer Faruk Deveci&#8217;nin uzmanl\u0131\u011f\u0131na ve \u015fefkatli bak\u0131m\u0131na g\u00fcvenin.<\/p>\n<\/div>\n<\/div>\n\t\t\t\t\t\t<\/div>\n\t\t\t\t<\/div>\n\t\t\t\t\t<\/div>\n\t\t<\/div>\n\t\t\t\t\t<\/div>\n\t\t<\/section>\n\t\t\t\t<\/div>\n\t\t","protected":false},"excerpt":{"rendered":"<p>Dr. \u00d6mer Faruk Deveci ile \u0130stanbul&#8217;da Kapsaml\u0131 Otoplasti Rehberi Kulak ameliyat\u0131 olarak da bilinen otoplasti, kula\u011f\u0131n \u015feklini, konumunu veya oran\u0131n\u0131 iyile\u015ftirebilen bir prosed\u00fcrd\u00fcr. Kulak yap\u0131s\u0131nda do\u011fu\u015ftan var olan bir kusuru d\u00fczeltebilir veya yaralanma sonucu olu\u015fan \u015fekilsiz kulaklar\u0131 tedavi edebilir. \u0130stanbul&#8217;da otoplasti yapt\u0131rmay\u0131 d\u00fc\u015f\u00fcn\u00fcyorsan\u0131z, deneyimli ve kendini i\u015fine adam\u0131\u015f bir plastik cerrah olan Dr. \u00d6mer Faruk [&hellip;]<\/p>\n","protected":false},"author":1,"featured_media":0,"parent":0,"menu_order":0,"comment_status":"closed","ping_status":"closed","template":"","meta":{"_coblocks_attr":"","_coblocks_dimensions":"","_coblocks_responsive_height":"","_coblocks_accordion_ie_support":"","site-sidebar-layout":"no-sidebar","site-content-layout":"page-builder","ast-site-content-layout":"default","site-content-style":"default","site-sidebar-style":"default","ast-global-header-display":"","ast-banner-title-visibility":"","ast-main-header-display":"","ast-hfb-above-header-display":"","ast-hfb-below-header-display":"","ast-hfb-mobile-header-display":"","site-post-title":"disabled","ast-breadcrumbs-content":"","ast-featured-img":"disabled","footer-sml-layout":"","ast-disable-related-posts":"","theme-transparent-header-meta":"","adv-header-id-meta":"","stick-header-meta":"","header-above-stick-meta":"","header-main-stick-meta":"","header-below-stick-meta":"","astra-migrate-meta-layouts":"default","ast-page-background-enabled":"default","ast-page-background-meta":{"desktop":{"background-color":"var(--ast-global-color-4)","background-image":"","background-repeat":"repeat","background-position":"center center","background-size":"auto","background-attachment":"scroll","background-type":"","background-media":"","overlay-type":"","overlay-color":"","overlay-opacity":"","overlay-gradient":""},"tablet":{"background-color":"","background-image":"","background-repeat":"repeat","background-position":"center center","background-size":"auto","background-attachment":"scroll","background-type":"","background-media":"","overlay-type":"","overlay-color":"","overlay-opacity":"","overlay-gradient":""},"mobile":{"background-color":"","background-image":"","background-repeat":"repeat","background-position":"center center","background-size":"auto","background-attachment":"scroll","background-type":"","background-media":"","overlay-type":"","overlay-color":"","overlay-opacity":"","overlay-gradient":""}},"ast-content-background-meta":{"desktop":{"background-color":"var(--ast-global-color-5)","background-image":"","background-repeat":"repeat","background-position":"center center","background-size":"auto","background-attachment":"scroll","background-type":"","background-media":"","overlay-type":"","overlay-color":"","overlay-opacity":"","overlay-gradient":""},"tablet":{"background-color":"var(--ast-global-color-5)","background-image":"","background-repeat":"repeat","background-position":"center center","background-size":"auto","background-attachment":"scroll","background-type":"","background-media":"","overlay-type":"","overlay-color":"","overlay-opacity":"","overlay-gradient":""},"mobile":{"background-color":"var(--ast-global-color-5)","background-image":"","background-repeat":"repeat","background-position":"center center","background-size":"auto","background-attachment":"scroll","background-type":"","background-media":"","overlay-type":"","overlay-color":"","overlay-opacity":"","overlay-gradient":""}},"footnotes":""},"class_list":["post-2760","page","type-page","status-publish","hentry"],"_links":{"self":[{"href":"https:\/\/dromerfaruk.com\/tr\/wp-json\/wp\/v2\/pages\/2760","targetHints":{"allow":["GET"]}}],"collection":[{"href":"https:\/\/dromerfaruk.com\/tr\/wp-json\/wp\/v2\/pages"}],"about":[{"href":"https:\/\/dromerfaruk.com\/tr\/wp-json\/wp\/v2\/types\/page"}],"author":[{"embeddable":true,"href":"https:\/\/dromerfaruk.com\/tr\/wp-json\/wp\/v2\/users\/1"}],"replies":[{"embeddable":true,"href":"https:\/\/dromerfaruk.com\/tr\/wp-json\/wp\/v2\/comments?post=2760"}],"version-history":[{"count":0,"href":"https:\/\/dromerfaruk.com\/tr\/wp-json\/wp\/v2\/pages\/2760\/revisions"}],"wp:attachment":[{"href":"https:\/\/dromerfaruk.com\/tr\/wp-json\/wp\/v2\/media?parent=2760"}],"curies":[{"name":"wp","href":"https:\/\/api.w.org\/{rel}","templated":true}]}}