{"id":2678,"date":"2023-07-28T18:44:45","date_gmt":"2023-07-28T18:44:45","guid":{"rendered":"https:\/\/dromerfaruk.com\/anne-makyaji\/"},"modified":"2023-08-09T16:49:35","modified_gmt":"2023-08-09T16:49:35","slug":"anne-makyaji","status":"publish","type":"page","link":"https:\/\/dromerfaruk.com\/tr\/anne-makyaji\/","title":{"rendered":"Anne Makyaj\u0131"},"content":{"rendered":"\t\t<div data-elementor-type=\"wp-page\" data-elementor-id=\"2678\" class=\"elementor elementor-2678 elementor-2087\">\n\t\t\t\t\t\t<section class=\"elementor-section elementor-top-section elementor-element elementor-element-c9a1cbb elementor-section-boxed elementor-section-height-default elementor-section-height-default\" data-id=\"c9a1cbb\" data-element_type=\"section\" data-settings=\"{&quot;background_background&quot;:&quot;classic&quot;}\">\n\t\t\t\t\t\t<div class=\"elementor-container elementor-column-gap-default\">\n\t\t\t\t\t<div class=\"elementor-column elementor-col-100 elementor-top-column elementor-element elementor-element-f9904d1\" data-id=\"f9904d1\" data-element_type=\"column\">\n\t\t\t<div class=\"elementor-widget-wrap elementor-element-populated\">\n\t\t\t\t\t\t<div class=\"elementor-element elementor-element-c4fba75 elementor-widget elementor-widget-text-editor\" data-id=\"c4fba75\" data-element_type=\"widget\" data-widget_type=\"text-editor.default\">\n\t\t\t\t<div class=\"elementor-widget-container\">\n\t\t\t\t\t\t\t<div class=\"min-h-[20px] flex items-start overflow-x-auto whitespace-pre-wrap break-words flex-col gap-4\">\n<div class=\"markdown prose w-full break-words dark:prose-invert light\">\n<h1>Dr. \u00d6mer Faruk Deveci ile \u0130stanbul&#8217;da Anne Makyaj\u0131 \u0130\u00e7in Kapsaml\u0131 Rehber<\/h1>\n<p>Annelik makyaj\u0131, hamilelikten sonra ortaya \u00e7\u0131kan fiziksel de\u011fi\u015fiklikleri iyile\u015ftirmek i\u00e7in birlikte uygulanan v\u00fccut \u015fekillendirme prosed\u00fcrlerinin \u00f6zel bir kombinasyonu i\u00e7in kullan\u0131lan bir terimdir. Bu genellikle kar\u0131n germe, g\u00f6\u011f\u00fcs b\u00fcy\u00fctme, dikle\u015ftirme veya k\u00fc\u00e7\u00fcltme gibi g\u00f6\u011f\u00fcs ameliyatlar\u0131n\u0131 ve liposuction&#8217;\u0131 i\u00e7erir. \u0130stanbul&#8217;da anne esteti\u011fi yapt\u0131rmay\u0131 d\u00fc\u015f\u00fcn\u00fcyorsan\u0131z, deneyimli ve kendini i\u015fine adam\u0131\u015f bir plastik cerrah olan Dr. \u00d6mer Faruk Deveci, s\u00fcre\u00e7 boyunca size rehberlik etmek i\u00e7in burada.<\/p>\n<h2>Anne Makyaj\u0131n\u0131 Anlamak<\/h2>\n<p>Annelik makyaj\u0131, hamilelik ve emzirmenin ard\u0131ndan meydana gelebilecek yayg\u0131n fiziksel de\u011fi\u015fiklikleri ele almak i\u00e7in tasarlanm\u0131\u015ft\u0131r. Bu de\u011fi\u015fiklikler aras\u0131nda sark\u0131k g\u00f6\u011f\u00fcsler, gev\u015fek cilt ve inat\u00e7\u0131 ya\u011f birikintileri yer alabilir. Annelik makyaj\u0131nda yer alan belirli prosed\u00fcrler, her hastan\u0131n benzersiz ihtiya\u00e7lar\u0131n\u0131 ve hedeflerini kar\u015f\u0131layacak \u015fekilde \u00f6zelle\u015ftirilebilir. \u0130\u015fte annelik makyaj\u0131na dahil edilebilecek farkl\u0131 prosed\u00fcr t\u00fcrlerine daha yak\u0131ndan bir bak\u0131\u015f:<\/p>\n<ul>\n<li>\n<p><strong>Kar\u0131n<\/strong> Germe: Abdominoplasti olarak da bilinen bu prosed\u00fcr, kar\u0131n b\u00f6lgesindeki fazla deri ve ya\u011f\u0131 al\u0131r ve altta yatan kaslar\u0131 s\u0131k\u0131la\u015ft\u0131r\u0131r. Bu, hamilelikten sonra kar\u0131n b\u00f6lgesinin daha s\u0131k\u0131 ve d\u00fcz bir g\u00f6r\u00fcn\u00fcme kavu\u015fmas\u0131na yard\u0131mc\u0131 olabilir.<\/p>\n<\/li>\n<li>\n<p><strong>Meme Ameliyat\u0131<\/strong>: Bu, hastan\u0131n \u00f6zel ihtiya\u00e7lar\u0131na ve hedeflerine ba\u011fl\u0131 olarak meme dikle\u015ftirme, b\u00fcy\u00fctme veya k\u00fc\u00e7\u00fcltmeyi i\u00e7erebilir. Bu prosed\u00fcrler g\u00f6\u011f\u00fcslere hacim kazand\u0131rabilir, sark\u0131k g\u00f6\u011f\u00fcsleri dikle\u015ftirebilir ve\/veya a\u015f\u0131r\u0131 b\u00fcy\u00fck g\u00f6\u011f\u00fcslerin boyutunu k\u00fc\u00e7\u00fcltebilir.<\/p>\n<\/li>\n<li>\n<p><strong>Liposuction<\/strong>: Bu prosed\u00fcr, diyet ve egzersize diren\u00e7li inat\u00e7\u0131 ya\u011f birikintilerini giderebilir. Kar\u0131n, kal\u00e7a, uyluk ve kollar dahil olmak \u00fczere v\u00fccudun \u00e7e\u015fitli b\u00f6lgelerini \u015fekillendirmek i\u00e7in kullan\u0131labilir.<\/p>\n<\/li>\n<\/ul>\n<h2>\u0130stanbul&#8217;da Anne Makyaj\u0131 \u0130\u00e7in Neden Dr. Deveci&#8217;yi Se\u00e7melisiniz?<\/h2>\n<p>Annelik esteti\u011finiz i\u00e7in do\u011fru cerrah\u0131 se\u00e7mek \u00e7ok \u00f6nemlidir. Dr. Deveci, her prosed\u00fcre y\u0131llar\u0131n deneyimini ve v\u00fccut esteti\u011fi konusunda derin bir anlay\u0131\u015f getiriyor. Hastalar\u0131n\u0131n bireysel ihtiya\u00e7 ve isteklerine \u00f6ncelik vererek ameliyat sonu\u00e7lar\u0131n\u0131n estetik hedefleriyle uyumlu olmas\u0131n\u0131 sa\u011flar. Yakla\u015f\u0131m\u0131, do\u011fal forma derin bir sayg\u0131 ile karakterize edilir ve hastalar\u0131n\u0131n do\u011fal g\u00fczelli\u011fini geli\u015ftirmeye odaklan\u0131r. Dr. Deveci&#8217;nin yakla\u015f\u0131m\u0131 ve hastalar\u0131na olan ba\u011fl\u0131l\u0131\u011f\u0131 hakk\u0131nda daha fazla bilgiyi <a href=\"https:\/\/dromerfaruk.com\/tr\/\" target=\"_new\">buradan<\/a> edinebilirsiniz.<\/p>\n<h2>Anne Makyaj\u0131 Prosed\u00fcr\u00fc<\/h2>\n<p>Annelik makyaj\u0131 prosed\u00fcr\u00fc, Dr. Deveci&#8217;nin hedeflerinizi tart\u0131\u015faca\u011f\u0131, v\u00fccut yap\u0131n\u0131z\u0131 de\u011ferlendirece\u011fi ve ki\u015fiselle\u015ftirilmi\u015f bir cerrahi plan geli\u015ftirece\u011fi kapsaml\u0131 bir kons\u00fcltasyonla ba\u015flar. Bu planda cilt elastikiyetiniz, fazla ya\u011f miktar\u0131n\u0131z ve \u00f6zel estetik hedefleriniz gibi fakt\u00f6rler dikkate al\u0131nacakt\u0131r.<\/p>\n<p>Ameliyat s\u0131ras\u0131nda Dr. Deveci, kar\u0131n germe, meme ameliyat\u0131 ve\/veya liposuction gibi se\u00e7ilen prosed\u00fcrleri uygular. Prosed\u00fcr genel anestezi alt\u0131nda ger\u00e7ekle\u015ftirilir ve ameliyat\u0131n kapsam\u0131na ba\u011fl\u0131 olarak birka\u00e7 saat s\u00fcrebilir. Dr. Deveci, i\u015flem boyunca hastalar\u0131n\u0131n g\u00fcvenli\u011fini ve konforunu sa\u011flamak i\u00e7in geli\u015fmi\u015f teknikler ve teknolojiler kullanmaktad\u0131r.<\/p>\n<h2>\u0130stanbul&#8217;da Anne Makyaj\u0131 Maliyeti 2023<\/h2>\n<p>Annelik makyaj\u0131n\u0131n maliyeti, hastan\u0131n \u00f6zel hedefleri ve prosed\u00fcr\u00fcn kapsam\u0131 dahil olmak \u00fczere bir dizi fakt\u00f6re ba\u011fl\u0131 olarak de\u011fi\u015febilir. Kons\u00fcltasyonunuz s\u0131ras\u0131nda Dr. Deveci, ki\u015fiselle\u015ftirilmi\u015f cerrahi plan\u0131n\u0131za g\u00f6re ayr\u0131nt\u0131l\u0131 bir maliyet tahmini sunacakt\u0131r. Maliyetteki farkl\u0131l\u0131klara ra\u011fmen Dr. Deveci, eri\u015filebilir ve uygun fiyatl\u0131 y\u00fcksek kaliteli bak\u0131m sa\u011flamaya kararl\u0131d\u0131r. Anne makyaj\u0131n\u0131n maliyeti hakk\u0131nda daha fazla bilgi i\u00e7in l\u00fctfen <a href=\"https:\/\/dromerfaruk.com\/tr\/?page_id=2602\" target=\"_new\">bizimle ileti\u015fime<\/a> ge\u00e7in.<\/p>\n<h2>Anne Makyaj\u0131ndan Sonra \u0130yile\u015fme<\/h2>\n<p>Anne esteti\u011finden sonra iyile\u015fme, bir s\u00fcre dinlenmeyi ve s\u0131n\u0131rl\u0131 fiziksel aktiviteyi i\u00e7erir. Hastalara genellikle \u015fi\u015fli\u011fi en aza indirmek ve tedavi edilen b\u00f6lgeleri iyile\u015firken desteklemek i\u00e7in kompresyon giysileri giymeleri tavsiye edilir.<\/p>\n<p>Annelik esteti\u011finden sonra \u015fi\u015flik, morarma ve rahats\u0131zl\u0131k normaldir, ancak bu semptomlar ila\u00e7la y\u00f6netilebilir. \u00c7o\u011fu hasta bir veya iki hafta i\u00e7inde normal aktivitelerine d\u00f6nebilir, ancak \u015fi\u015flik azald\u0131k\u00e7a ve v\u00fccut yeni konturlar\u0131na uyum sa\u011flad\u0131k\u00e7a iyile\u015fme birka\u00e7 hafta devam edecektir.<\/p>\n<p>Dr. Deveci, ayr\u0131nt\u0131l\u0131 ameliyat sonras\u0131 bak\u0131m talimatlar\u0131 sa\u011flar ve iyile\u015fme s\u00fcrecinde her t\u00fcrl\u00fc soru veya endi\u015feyi yan\u0131tlamaya haz\u0131rd\u0131r. Kendisini her hastan\u0131n sorunsuz ve rahat bir iyile\u015fme s\u00fcreci ge\u00e7irmesini sa\u011flamaya adam\u0131\u015ft\u0131r.<\/p>\n<h2>Bir Kons\u00fcltasyon Planlay\u0131n<\/h2>\n<p>\u0130stanbul&#8217;da anne esteti\u011fi yapt\u0131rmay\u0131 d\u00fc\u015f\u00fcn\u00fcyorsan\u0131z, Dr. Deveci ile bir kons\u00fcltasyon planlay\u0131n. Prosed\u00fcr\u00fc sizinle ayr\u0131nt\u0131l\u0131 olarak tart\u0131\u015fabilir, sorular\u0131n\u0131z\u0131 yan\u0131tlayabilir ve annelik makyaj\u0131n\u0131n sizin i\u00e7in do\u011fru se\u00e7im olup olmad\u0131\u011f\u0131na karar vermenize yard\u0131mc\u0131 olabilir. Uluslararas\u0131 hastalar\u0131m\u0131z i\u00e7in, <a href=\"https:\/\/dromerfaruk.com\/tr\/?page_id=2608\" target=\"_new\">buradaki<\/a> yolculu\u011funuzda size yard\u0131mc\u0131 olacak \u00f6zel bir sayfam\u0131z var.<\/p>\n<p>Bir anne makyaj\u0131 do\u011fal g\u00fczelli\u011finizi geli\u015ftirebilir ve \u00f6zg\u00fcveninizi art\u0131rabilir. Daha fazla g\u00fczellik ve \u00f6zg\u00fcvene do\u011fru yolculu\u011funuz i\u00e7in Dr. \u00d6mer Faruk Deveci&#8217;nin uzmanl\u0131\u011f\u0131na ve \u015fefkatli bak\u0131m\u0131na g\u00fcvenin.<\/p>\n<\/div>\n<\/div>\n\t\t\t\t\t\t<\/div>\n\t\t\t\t<\/div>\n\t\t\t\t\t<\/div>\n\t\t<\/div>\n\t\t\t\t\t<\/div>\n\t\t<\/section>\n\t\t\t\t<\/div>\n\t\t","protected":false},"excerpt":{"rendered":"<p>Dr. \u00d6mer Faruk Deveci ile \u0130stanbul&#8217;da Anne Makyaj\u0131 \u0130\u00e7in Kapsaml\u0131 Rehber Annelik makyaj\u0131, hamilelikten sonra ortaya \u00e7\u0131kan fiziksel de\u011fi\u015fiklikleri iyile\u015ftirmek i\u00e7in birlikte uygulanan v\u00fccut \u015fekillendirme prosed\u00fcrlerinin \u00f6zel bir kombinasyonu i\u00e7in kullan\u0131lan bir terimdir. Bu genellikle kar\u0131n germe, g\u00f6\u011f\u00fcs b\u00fcy\u00fctme, dikle\u015ftirme veya k\u00fc\u00e7\u00fcltme gibi g\u00f6\u011f\u00fcs ameliyatlar\u0131n\u0131 ve liposuction&#8217;\u0131 i\u00e7erir. \u0130stanbul&#8217;da anne esteti\u011fi yapt\u0131rmay\u0131 d\u00fc\u015f\u00fcn\u00fcyorsan\u0131z, deneyimli ve [&hellip;]<\/p>\n","protected":false},"author":1,"featured_media":0,"parent":0,"menu_order":0,"comment_status":"closed","ping_status":"closed","template":"","meta":{"_coblocks_attr":"","_coblocks_dimensions":"","_coblocks_responsive_height":"","_coblocks_accordion_ie_support":"","site-sidebar-layout":"no-sidebar","site-content-layout":"page-builder","ast-site-content-layout":"default","site-content-style":"default","site-sidebar-style":"default","ast-global-header-display":"","ast-banner-title-visibility":"","ast-main-header-display":"","ast-hfb-above-header-display":"","ast-hfb-below-header-display":"","ast-hfb-mobile-header-display":"","site-post-title":"disabled","ast-breadcrumbs-content":"","ast-featured-img":"disabled","footer-sml-layout":"","ast-disable-related-posts":"","theme-transparent-header-meta":"","adv-header-id-meta":"","stick-header-meta":"","header-above-stick-meta":"","header-main-stick-meta":"","header-below-stick-meta":"","astra-migrate-meta-layouts":"default","ast-page-background-enabled":"default","ast-page-background-meta":{"desktop":{"background-color":"var(--ast-global-color-4)","background-image":"","background-repeat":"repeat","background-position":"center center","background-size":"auto","background-attachment":"scroll","background-type":"","background-media":"","overlay-type":"","overlay-color":"","overlay-opacity":"","overlay-gradient":""},"tablet":{"background-color":"","background-image":"","background-repeat":"repeat","background-position":"center center","background-size":"auto","background-attachment":"scroll","background-type":"","background-media":"","overlay-type":"","overlay-color":"","overlay-opacity":"","overlay-gradient":""},"mobile":{"background-color":"","background-image":"","background-repeat":"repeat","background-position":"center center","background-size":"auto","background-attachment":"scroll","background-type":"","background-media":"","overlay-type":"","overlay-color":"","overlay-opacity":"","overlay-gradient":""}},"ast-content-background-meta":{"desktop":{"background-color":"var(--ast-global-color-5)","background-image":"","background-repeat":"repeat","background-position":"center center","background-size":"auto","background-attachment":"scroll","background-type":"","background-media":"","overlay-type":"","overlay-color":"","overlay-opacity":"","overlay-gradient":""},"tablet":{"background-color":"var(--ast-global-color-5)","background-image":"","background-repeat":"repeat","background-position":"center center","background-size":"auto","background-attachment":"scroll","background-type":"","background-media":"","overlay-type":"","overlay-color":"","overlay-opacity":"","overlay-gradient":""},"mobile":{"background-color":"var(--ast-global-color-5)","background-image":"","background-repeat":"repeat","background-position":"center center","background-size":"auto","background-attachment":"scroll","background-type":"","background-media":"","overlay-type":"","overlay-color":"","overlay-opacity":"","overlay-gradient":""}},"footnotes":""},"class_list":["post-2678","page","type-page","status-publish","hentry"],"_links":{"self":[{"href":"https:\/\/dromerfaruk.com\/tr\/wp-json\/wp\/v2\/pages\/2678","targetHints":{"allow":["GET"]}}],"collection":[{"href":"https:\/\/dromerfaruk.com\/tr\/wp-json\/wp\/v2\/pages"}],"about":[{"href":"https:\/\/dromerfaruk.com\/tr\/wp-json\/wp\/v2\/types\/page"}],"author":[{"embeddable":true,"href":"https:\/\/dromerfaruk.com\/tr\/wp-json\/wp\/v2\/users\/1"}],"replies":[{"embeddable":true,"href":"https:\/\/dromerfaruk.com\/tr\/wp-json\/wp\/v2\/comments?post=2678"}],"version-history":[{"count":0,"href":"https:\/\/dromerfaruk.com\/tr\/wp-json\/wp\/v2\/pages\/2678\/revisions"}],"wp:attachment":[{"href":"https:\/\/dromerfaruk.com\/tr\/wp-json\/wp\/v2\/media?parent=2678"}],"curies":[{"name":"wp","href":"https:\/\/api.w.org\/{rel}","templated":true}]}}