{"id":2628,"date":"2023-07-28T18:04:46","date_gmt":"2023-07-28T18:04:46","guid":{"rendered":"https:\/\/dromerfaruk.com\/brezilyali-popo-kaldirma\/"},"modified":"2023-08-09T16:49:26","modified_gmt":"2023-08-09T16:49:26","slug":"brezilyali-popo-kaldirma","status":"publish","type":"page","link":"https:\/\/dromerfaruk.com\/tr\/brezilyali-popo-kaldirma\/","title":{"rendered":"Brezilyal\u0131 Popo Kald\u0131rma"},"content":{"rendered":"\t\t<div data-elementor-type=\"wp-page\" data-elementor-id=\"2628\" class=\"elementor elementor-2628 elementor-2045\">\n\t\t\t\t\t\t<section class=\"elementor-section elementor-top-section elementor-element elementor-element-3e928dd elementor-section-boxed elementor-section-height-default elementor-section-height-default\" data-id=\"3e928dd\" data-element_type=\"section\" data-settings=\"{&quot;background_background&quot;:&quot;classic&quot;}\">\n\t\t\t\t\t\t<div class=\"elementor-container elementor-column-gap-default\">\n\t\t\t\t\t<div class=\"elementor-column elementor-col-100 elementor-top-column elementor-element elementor-element-47c7198\" data-id=\"47c7198\" data-element_type=\"column\">\n\t\t\t<div class=\"elementor-widget-wrap elementor-element-populated\">\n\t\t\t\t\t\t<div class=\"elementor-element elementor-element-99d8329 elementor-widget elementor-widget-text-editor\" data-id=\"99d8329\" data-element_type=\"widget\" data-widget_type=\"text-editor.default\">\n\t\t\t\t<div class=\"elementor-widget-container\">\n\t\t\t\t\t\t\t<div class=\"min-h-[20px] flex items-start overflow-x-auto whitespace-pre-wrap break-words flex-col gap-4\">\n<div class=\"markdown prose w-full break-words dark:prose-invert light\">\n<h1>Dr. \u00d6mer Faruk Deveci ile \u0130stanbul&#8217;da Brezilya Tipi Popo Kald\u0131rma<\/h1>\n<p>Brezilya Tipi Popo Kald\u0131rma (BBL), kal\u00e7alar\u0131n boyutunu ve \u015feklini geli\u015ftirmek i\u00e7in ki\u015finin kendi ya\u011f\u0131n\u0131 kullanan pop\u00fcler bir kozmetik prosed\u00fcrd\u00fcr. \u0130stanbul&#8217;da Brezilya Tipi Popo Esteti\u011fi yapt\u0131rmay\u0131 d\u00fc\u015f\u00fcn\u00fcyorsan\u0131z, deneyimli ve kendini i\u015fine adam\u0131\u015f bir plastik cerrah olan Dr. \u00d6mer Faruk Deveci, s\u00fcre\u00e7 boyunca size rehberlik etmek i\u00e7in burada.<\/p>\n<h2>Brezilya Tipi Popo Kald\u0131rmay\u0131 Anlamak<\/h2>\n<p>Brezilya Tipi Popo Kald\u0131rma iki ana ad\u0131mdan olu\u015fur: liposuction ve ya\u011f transferi. Liposuction s\u0131ras\u0131nda v\u00fccudun kar\u0131n, kal\u00e7a veya uyluk gibi fazlal\u0131k olan b\u00f6lgelerinden ya\u011f al\u0131n\u0131r. \u00c7\u0131kar\u0131lan ya\u011f daha sonra safla\u015ft\u0131r\u0131l\u0131r ve boyutunu ve \u015feklini geli\u015ftirmek i\u00e7in kal\u00e7aya enjekte edilir.<\/p>\n<p>Sonu\u00e7, implantlara ihtiya\u00e7 duymadan daha yuvarlak ve kald\u0131r\u0131lm\u0131\u015f bir kal\u00e7ad\u0131r. Bu prosed\u00fcr\u00fcn ek faydas\u0131, liposuction yap\u0131lan b\u00f6lgelerdeki zay\u0131flama etkisidir.<\/p>\n<h2>\u0130stanbul&#8217;da Brezilya Tipi Popo Kald\u0131rma \u0130\u00e7in Neden Dr. Deveci&#8217;yi Se\u00e7melisiniz?<\/h2>\n<p>Brezilya Tipi Popo Kald\u0131rma ameliyat\u0131n\u0131z i\u00e7in do\u011fru cerrah\u0131 se\u00e7mek \u00e7ok \u00f6nemlidir. Dr. Deveci, her prosed\u00fcre y\u0131llar\u0131n deneyimini ve v\u00fccut esteti\u011fi konusunda derin bir anlay\u0131\u015f getiriyor. Hastalar\u0131n\u0131n bireysel ihtiya\u00e7 ve isteklerine \u00f6ncelik vererek ameliyat sonu\u00e7lar\u0131n\u0131n estetik hedefleriyle uyumlu olmas\u0131n\u0131 sa\u011flar. Yakla\u015f\u0131m\u0131, do\u011fal forma derin bir sayg\u0131 ile karakterize edilir ve hastalar\u0131n\u0131n do\u011fal g\u00fczelli\u011fini geli\u015ftirmeye odaklan\u0131r. Dr. Deveci&#8217;nin yakla\u015f\u0131m\u0131 ve hastalar\u0131na olan ba\u011fl\u0131l\u0131\u011f\u0131 hakk\u0131nda daha fazla bilgiyi <a href=\"https:\/\/dromerfaruk.com\/tr\/\" target=\"_new\">buradan<\/a> edinebilirsiniz.<\/p>\n<h2>Brezilya Tipi Popo Kald\u0131rma Prosed\u00fcr\u00fc<\/h2>\n<p>Brezilya Tipi Popo Kald\u0131rma prosed\u00fcr\u00fc, Dr. Deveci&#8217;nin hedeflerinizi tart\u0131\u015faca\u011f\u0131, v\u00fccut yap\u0131n\u0131z\u0131 de\u011ferlendirece\u011fi ve ki\u015fiselle\u015ftirilmi\u015f bir cerrahi plan geli\u015ftirece\u011fi kapsaml\u0131 bir kons\u00fcltasyonla ba\u015flar.<\/p>\n<p>Ameliyat s\u0131ras\u0131nda Dr. Deveci ilk olarak belirlenen b\u00f6lgelerden ya\u011flar\u0131 almak i\u00e7in liposuction yapar. \u00c7\u0131kar\u0131lan ya\u011f daha sonra safla\u015ft\u0131r\u0131l\u0131r ve transfer i\u00e7in haz\u0131rlan\u0131r. Safla\u015ft\u0131r\u0131lm\u0131\u015f ya\u011f daha sonra do\u011fal g\u00f6r\u00fcn\u00fcml\u00fc bir iyile\u015ftirme elde etmek i\u00e7in \u00e7e\u015fitli derinliklerde kal\u00e7alara dikkatlice enjekte edilir.<\/p>\n<h2>\u0130stanbul&#8217;da Brezilya Tipi Popo Kald\u0131rma Maliyeti 2023<\/h2>\n<p>Brezilya Tipi Popo Kald\u0131rma i\u015fleminin maliyeti, transfer edilecek ya\u011f miktar\u0131 ve hastan\u0131n \u00f6zel hedefleri de dahil olmak \u00fczere bir dizi fakt\u00f6re ba\u011fl\u0131 olarak de\u011fi\u015febilir. Kons\u00fcltasyonunuz s\u0131ras\u0131nda Dr. Deveci, ki\u015fiselle\u015ftirilmi\u015f cerrahi plan\u0131n\u0131za g\u00f6re ayr\u0131nt\u0131l\u0131 bir maliyet tahmini sunacakt\u0131r. Maliyetteki farkl\u0131l\u0131klara ra\u011fmen Dr. Deveci, eri\u015filebilir ve uygun fiyatl\u0131 y\u00fcksek kaliteli bak\u0131m sa\u011flamaya kararl\u0131d\u0131r. Brezilya Tipi Popo Kald\u0131rma i\u015fleminin maliyeti hakk\u0131nda daha fazla bilgi i\u00e7in l\u00fctfen <a href=\"https:\/\/dromerfaruk.com\/tr\/?page_id=2602\" target=\"_new\">bizimle ileti\u015fime<\/a> ge\u00e7in.<\/p>\n<h2>Brezilya Tipi Popo Kald\u0131rma Sonras\u0131 \u0130yile\u015fme<\/h2>\n<p>Brezilya Tipi Popo Kald\u0131rma i\u015fleminden sonra iyile\u015fme, bir s\u00fcre dinlenmeyi ve s\u0131n\u0131rl\u0131 fiziksel aktiviteyi i\u00e7erir. Hastalara tipik olarak, transfer edilen ya\u011f h\u00fccrelerinin kanlanmas\u0131na izin vermek i\u00e7in yakla\u015f\u0131k iki hafta boyunca do\u011frudan kal\u00e7alar\u0131n\u0131n \u00fczerine oturmamalar\u0131 tavsiye edilir.<\/p>\n<p>Dr. Deveci, ayr\u0131nt\u0131l\u0131 ameliyat sonras\u0131 bak\u0131m talimatlar\u0131 sa\u011flar ve iyile\u015fme s\u00fcrecinde her t\u00fcrl\u00fc soru veya endi\u015feyi yan\u0131tlamaya haz\u0131rd\u0131r.<\/p>\n<h2>Bir Kons\u00fcltasyon Planlay\u0131n<\/h2>\n<p>\u0130stanbul&#8217;da Brezilya Tipi Popo Kald\u0131rma yapt\u0131rmay\u0131 d\u00fc\u015f\u00fcn\u00fcyorsan\u0131z, Dr. Deveci ile bir kons\u00fcltasyon planlay\u0131n. Prosed\u00fcr\u00fc sizinle ayr\u0131nt\u0131l\u0131 olarak tart\u0131\u015fabilir, sorular\u0131n\u0131z\u0131 yan\u0131tlayabilir ve Brezilya Tipi Popo Kald\u0131rma i\u015fleminin sizin i\u00e7in do\u011fru se\u00e7im olup olmad\u0131\u011f\u0131na karar vermenize yard\u0131mc\u0131 olabilir. Uluslararas\u0131 hastalar\u0131m\u0131z i\u00e7in, <a href=\"https:\/\/dromerfaruk.com\/tr\/?page_id=2608\" target=\"_new\">buradaki<\/a> yolculu\u011funuzda size yard\u0131mc\u0131 olacak \u00f6zel bir sayfam\u0131z var.<\/p>\n<p>Brezilya Tipi Popo Kald\u0131rma do\u011fal g\u00fczelli\u011finizi geli\u015ftirebilir ve \u00f6zg\u00fcveninizi art\u0131rabilir. Daha fazla g\u00fczellik ve \u00f6zg\u00fcvene do\u011fru yolculu\u011funuz i\u00e7in Dr. \u00d6mer Faruk Deveci&#8217;nin uzmanl\u0131\u011f\u0131na ve \u015fefkatli bak\u0131m\u0131na g\u00fcvenin.<\/p>\n<\/div>\n<\/div>\n\t\t\t\t\t\t<\/div>\n\t\t\t\t<\/div>\n\t\t\t\t\t<\/div>\n\t\t<\/div>\n\t\t\t\t\t<\/div>\n\t\t<\/section>\n\t\t\t\t<\/div>\n\t\t","protected":false},"excerpt":{"rendered":"<p>Dr. \u00d6mer Faruk Deveci ile \u0130stanbul&#8217;da Brezilya Tipi Popo Kald\u0131rma Brezilya Tipi Popo Kald\u0131rma (BBL), kal\u00e7alar\u0131n boyutunu ve \u015feklini geli\u015ftirmek i\u00e7in ki\u015finin kendi ya\u011f\u0131n\u0131 kullanan pop\u00fcler bir kozmetik prosed\u00fcrd\u00fcr. \u0130stanbul&#8217;da Brezilya Tipi Popo Esteti\u011fi yapt\u0131rmay\u0131 d\u00fc\u015f\u00fcn\u00fcyorsan\u0131z, deneyimli ve kendini i\u015fine adam\u0131\u015f bir plastik cerrah olan Dr. \u00d6mer Faruk Deveci, s\u00fcre\u00e7 boyunca size rehberlik etmek i\u00e7in [&hellip;]<\/p>\n","protected":false},"author":1,"featured_media":0,"parent":0,"menu_order":0,"comment_status":"closed","ping_status":"closed","template":"","meta":{"_coblocks_attr":"","_coblocks_dimensions":"","_coblocks_responsive_height":"","_coblocks_accordion_ie_support":"","site-sidebar-layout":"no-sidebar","site-content-layout":"page-builder","ast-site-content-layout":"default","site-content-style":"default","site-sidebar-style":"default","ast-global-header-display":"","ast-banner-title-visibility":"","ast-main-header-display":"","ast-hfb-above-header-display":"","ast-hfb-below-header-display":"","ast-hfb-mobile-header-display":"","site-post-title":"disabled","ast-breadcrumbs-content":"","ast-featured-img":"disabled","footer-sml-layout":"","ast-disable-related-posts":"","theme-transparent-header-meta":"","adv-header-id-meta":"","stick-header-meta":"","header-above-stick-meta":"","header-main-stick-meta":"","header-below-stick-meta":"","astra-migrate-meta-layouts":"default","ast-page-background-enabled":"default","ast-page-background-meta":{"desktop":{"background-color":"var(--ast-global-color-4)","background-image":"","background-repeat":"repeat","background-position":"center center","background-size":"auto","background-attachment":"scroll","background-type":"","background-media":"","overlay-type":"","overlay-color":"","overlay-opacity":"","overlay-gradient":""},"tablet":{"background-color":"","background-image":"","background-repeat":"repeat","background-position":"center center","background-size":"auto","background-attachment":"scroll","background-type":"","background-media":"","overlay-type":"","overlay-color":"","overlay-opacity":"","overlay-gradient":""},"mobile":{"background-color":"","background-image":"","background-repeat":"repeat","background-position":"center center","background-size":"auto","background-attachment":"scroll","background-type":"","background-media":"","overlay-type":"","overlay-color":"","overlay-opacity":"","overlay-gradient":""}},"ast-content-background-meta":{"desktop":{"background-color":"var(--ast-global-color-5)","background-image":"","background-repeat":"repeat","background-position":"center center","background-size":"auto","background-attachment":"scroll","background-type":"","background-media":"","overlay-type":"","overlay-color":"","overlay-opacity":"","overlay-gradient":""},"tablet":{"background-color":"var(--ast-global-color-5)","background-image":"","background-repeat":"repeat","background-position":"center center","background-size":"auto","background-attachment":"scroll","background-type":"","background-media":"","overlay-type":"","overlay-color":"","overlay-opacity":"","overlay-gradient":""},"mobile":{"background-color":"var(--ast-global-color-5)","background-image":"","background-repeat":"repeat","background-position":"center center","background-size":"auto","background-attachment":"scroll","background-type":"","background-media":"","overlay-type":"","overlay-color":"","overlay-opacity":"","overlay-gradient":""}},"footnotes":""},"class_list":["post-2628","page","type-page","status-publish","hentry"],"_links":{"self":[{"href":"https:\/\/dromerfaruk.com\/tr\/wp-json\/wp\/v2\/pages\/2628","targetHints":{"allow":["GET"]}}],"collection":[{"href":"https:\/\/dromerfaruk.com\/tr\/wp-json\/wp\/v2\/pages"}],"about":[{"href":"https:\/\/dromerfaruk.com\/tr\/wp-json\/wp\/v2\/types\/page"}],"author":[{"embeddable":true,"href":"https:\/\/dromerfaruk.com\/tr\/wp-json\/wp\/v2\/users\/1"}],"replies":[{"embeddable":true,"href":"https:\/\/dromerfaruk.com\/tr\/wp-json\/wp\/v2\/comments?post=2628"}],"version-history":[{"count":0,"href":"https:\/\/dromerfaruk.com\/tr\/wp-json\/wp\/v2\/pages\/2628\/revisions"}],"wp:attachment":[{"href":"https:\/\/dromerfaruk.com\/tr\/wp-json\/wp\/v2\/media?parent=2628"}],"curies":[{"name":"wp","href":"https:\/\/api.w.org\/{rel}","templated":true}]}}