{"id":2627,"date":"2023-07-28T17:59:01","date_gmt":"2023-07-28T17:59:01","guid":{"rendered":"https:\/\/dromerfaruk.com\/rinoplasti\/"},"modified":"2023-08-09T16:49:26","modified_gmt":"2023-08-09T16:49:26","slug":"rinoplasti","status":"publish","type":"page","link":"https:\/\/dromerfaruk.com\/tr\/rinoplasti\/","title":{"rendered":"Rinoplasti"},"content":{"rendered":"\t\t<div data-elementor-type=\"wp-page\" data-elementor-id=\"2627\" class=\"elementor elementor-2627 elementor-2039\">\n\t\t\t\t\t\t<section class=\"elementor-section elementor-top-section elementor-element elementor-element-0514c85 elementor-section-boxed elementor-section-height-default elementor-section-height-default\" data-id=\"0514c85\" data-element_type=\"section\" data-settings=\"{&quot;background_background&quot;:&quot;classic&quot;}\">\n\t\t\t\t\t\t<div class=\"elementor-container elementor-column-gap-default\">\n\t\t\t\t\t<div class=\"elementor-column elementor-col-100 elementor-top-column elementor-element elementor-element-1317695\" data-id=\"1317695\" data-element_type=\"column\">\n\t\t\t<div class=\"elementor-widget-wrap elementor-element-populated\">\n\t\t\t\t\t\t<div class=\"elementor-element elementor-element-ba4172e elementor-widget elementor-widget-text-editor\" data-id=\"ba4172e\" data-element_type=\"widget\" data-widget_type=\"text-editor.default\">\n\t\t\t\t<div class=\"elementor-widget-container\">\n\t\t\t\t\t\t\t<div class=\"flex flex-grow flex-col gap-3\">\n<div class=\"min-h-[20px] flex items-start overflow-x-auto whitespace-pre-wrap break-words flex-col gap-4\">\n<div class=\"markdown prose w-full break-words dark:prose-invert light\">\n<div class=\"min-h-[20px] flex items-start overflow-x-auto whitespace-pre-wrap break-words flex-col gap-4\">\n<div class=\"markdown prose w-full break-words dark:prose-invert light\">\n<div class=\"flex flex-grow flex-col gap-3\">\n<div class=\"min-h-[20px] flex items-start overflow-x-auto whitespace-pre-wrap break-words flex-col gap-4\">\n<div class=\"markdown prose w-full break-words dark:prose-invert light\">\n<h1>Dr. \u00d6mer Faruk Deveci ile \u0130stanbul&#8217;da Rinoplasti<\/h1>\n<p>Halk aras\u0131nda &#8220;burun esteti\u011fi&#8221; olarak bilinen rinoplasti, burun yap\u0131s\u0131n\u0131 yeniden \u015fekillendirerek, yeniden boyutland\u0131rarak veya yeniden tan\u0131mlayarak ki\u015finin y\u00fcz uyumunu \u00f6nemli \u00f6l\u00e7\u00fcde art\u0131rabilen cerrahi bir prosed\u00fcrd\u00fcr. \u0130stanbul&#8217;da burun esteti\u011fi yapt\u0131rmay\u0131 d\u00fc\u015f\u00fcn\u00fcyorsan\u0131z, son derece yetenekli ve kendini i\u015fine adam\u0131\u015f bir plastik cerrah olan Dr. \u00d6mer Faruk Deveci, s\u00fcrecin her ad\u0131m\u0131nda size rehberlik etmek i\u00e7in burada.<\/p>\n<h2>Rinoplasti Nedir?<\/h2>\n<p>Rinoplasti, burnun \u015feklini, boyutunu veya oranlar\u0131n\u0131 de\u011fi\u015ftirebilen, y\u00fcz dengesini iyile\u015ftiren ve \u00f6zg\u00fcveni art\u0131ran cerrahi bir prosed\u00fcrd\u00fcr. Ayr\u0131ca, nefes alma sorunlar\u0131na neden olabilecek septum deviasyonu gibi yap\u0131sal sorunlar\u0131 da d\u00fczeltebilir. Rinoplasti, y\u00fcksek d\u00fczeyde beceri, hassasiyet ve detaylar i\u00e7in sanatsal bir g\u00f6z gerektiren en karma\u015f\u0131k ve girift estetik ameliyatlardan biridir.<\/p>\n<p>Y\u00fcz\u00fcn merkezi \u00f6zelli\u011fi olan burun, y\u00fczdeki uyum ve dengenin belirlenmesinde \u00e7ok \u00f6nemli bir rol oynar. Ufak bir de\u011fi\u015fiklik bile ki\u015finin g\u00f6r\u00fcn\u00fcm\u00fc \u00fczerinde \u00f6nemli bir etkiye sahip olabilir. Bu nedenle burun esteti\u011fi sadece burnun de\u011fi\u015ftirilmesi de\u011fil, genel y\u00fcz esteti\u011finin iyile\u015ftirilmesidir.<\/p>\n<h2>Rinoplasti \u00c7e\u015fitleri<\/h2>\n<p>Rinoplasti genel olarak iki tipe ayr\u0131labilir: kozmetik ve fonksiyonel.<\/p>\n<ul>\n<li>\n<p><strong>Kozmetik Rinoplasti<\/strong>: Bu prosed\u00fcr burnun estetik g\u00f6r\u00fcn\u00fcm\u00fcn\u00fc geli\u015ftirmek i\u00e7in yap\u0131l\u0131r. Ki\u015finin \u00e7ok b\u00fcy\u00fck veya k\u00fc\u00e7\u00fck oldu\u011funu d\u00fc\u015f\u00fcnd\u00fc\u011f\u00fc bir burun, \u00e7arp\u0131k veya merkezden uzak bir burun veya k\u00f6pr\u00fcde kamburluk olan bir burun dahil olmak \u00fczere \u00e7e\u015fitli endi\u015feleri giderebilir. Ayr\u0131ca \u00e7ok b\u00fcy\u00fck, \u015fi\u015fkin, sark\u0131k veya kalk\u0131k olan burun ucunu d\u00fczeltebilir ve a\u015f\u0131r\u0131 geni\u015flemi\u015f veya s\u0131k\u0131\u015fm\u0131\u015f burun deliklerini ayarlayabilir.<\/p>\n<\/li>\n<li>\n<p><strong>Fonksiyonel Rinoplasti<\/strong>: Bu prosed\u00fcr \u00f6ncelikle septum deviasyonu, burun kapak\u00e7\u0131\u011f\u0131 \u00e7\u00f6kmesi ve konka hipertrofisi gibi nefes almay\u0131 etkileyen yap\u0131sal sorunlar\u0131 d\u00fczeltmek i\u00e7in yap\u0131l\u0131r. Birincil ama\u00e7 burun fonksiyonunu iyile\u015ftirmek olsa da, fonksiyonel rinoplasti ayn\u0131 zamanda burun esteti\u011finde de iyile\u015fme sa\u011flayabilir.<\/p>\n<\/li>\n<\/ul>\n<h2>Dr. Deveci ile Rinoplasti Yolculu\u011fu<\/h2>\n<h3>\u0130lk Kons\u00fcltasyon<\/h3>\n<p>Yeni bir buruna do\u011fru yolculuk, Dr. Deveci ile derinlemesine bir kons\u00fcltasyonla ba\u015flar. Bu toplant\u0131 s\u0131ras\u0131nda hedeflerinizi tart\u0131\u015facak, y\u00fcz yap\u0131n\u0131z\u0131 de\u011ferlendirecek ve prosed\u00fcr\u00fc ayr\u0131nt\u0131l\u0131 olarak a\u00e7\u0131klayacakt\u0131r. Ayr\u0131ca, \u00f6zel estetik hedeflerinizi ve burnunuzun ve y\u00fcz\u00fcn\u00fcz\u00fcn benzersiz \u00f6zelliklerini dikkate alan ki\u015fiselle\u015ftirilmi\u015f bir cerrahi plan geli\u015ftirecektir.<\/p>\n<p>Dr. Deveci, hastan\u0131n estetik hedeflerinin, ya\u015fam tarz\u0131n\u0131n ve genel sa\u011fl\u0131\u011f\u0131n\u0131n g\u00f6z \u00f6n\u00fcnde bulunduruldu\u011fu hasta merkezli bir yakla\u015f\u0131ma inanmaktad\u0131r. Endi\u015felerinizi dinleyecek, sorular\u0131n\u0131z\u0131 yan\u0131tlayacak ve d\u00fcr\u00fcst ve profesyonel tavsiyelerde bulunacakt\u0131r. Kons\u00fcltasyon, beklentilerinizi ifade etmeniz ve prosed\u00fcr\u00fcn ger\u00e7ek\u00e7i olarak neleri ba\u015farabilece\u011fini anlaman\u0131z i\u00e7in harika bir f\u0131rsatt\u0131r.<\/p>\n<h3>Ameliyat \u00d6ncesi Planlama<\/h3>\n<p>Ameliyata devam etmeye karar verdi\u011finizde, Dr. Deveci ve ekibi size ameliyat \u00f6ncesi ayr\u0131nt\u0131l\u0131 talimatlar verecektir. Bunlar diyet, alkol t\u00fcketimi, sigara ve ila\u00e7larla ilgili y\u00f6nergeleri i\u00e7erebilir. Bu talimatlara uyman\u0131z g\u00fcvenli\u011finiz ve ameliyat\u0131n ba\u015far\u0131s\u0131 i\u00e7in \u00e7ok \u00f6nemlidir.<\/p>\n<p>Ameliyat \u00f6ncesi planlama, ameliyat i\u00e7in sa\u011fl\u0131k durumunuzun iyi oldu\u011fundan emin olmak amac\u0131yla kapsaml\u0131 bir t\u0131bbi de\u011ferlendirmeyi de i\u00e7erir. Bu, kan testlerini, t\u0131bbi g\u00f6r\u00fcnt\u00fclemeyi ve t\u0131bbi ge\u00e7mi\u015finizin g\u00f6zden ge\u00e7irilmesini i\u00e7erebilir. Dr. Deveci ve ekibi bu s\u00fcre\u00e7te size rehberlik ederek ameliyata iyi bir \u015fekilde haz\u0131rlanman\u0131z\u0131 sa\u011flayacakt\u0131r.<\/p>\n<h3>Ameliyat<\/h3>\n<p>Rinoplasti tipik olarak genel anestezi alt\u0131nda yap\u0131l\u0131r. Prosed\u00fcr s\u0131ras\u0131nda Dr. Deveci, altta yatan yap\u0131lara eri\u015fmek i\u00e7in burun i\u00e7inde veya kolumella (burun deliklerini ay\u0131ran dar doku \u015feridi) boyunca kesiler yapacakt\u0131r. Daha sonra istenen g\u00f6r\u00fcn\u00fcm\u00fc elde etmek i\u00e7in kemik ve k\u0131k\u0131rda\u011f\u0131 yeniden \u015fekillendirecektir. Ameliyat, prosed\u00fcr\u00fcn karma\u015f\u0131kl\u0131\u011f\u0131na ba\u011fl\u0131 olarak genellikle bir ila \u00fc\u00e7 saat aras\u0131nda s\u00fcrer.<\/p>\n<p>Dr. Deveci, yara izini en aza indirmek ve en do\u011fal g\u00f6r\u00fcn\u00fcml\u00fc sonu\u00e7lar\u0131 sa\u011flamak i\u00e7in geli\u015fmi\u015f cerrahi teknikler kullanmaktad\u0131r. Kendisini hasta g\u00fcvenli\u011fine adam\u0131\u015ft\u0131r ve en y\u00fcksek cerrahi bak\u0131m standartlar\u0131na ba\u011fl\u0131d\u0131r.<\/p>\n<h3>Ameliyat Sonras\u0131 Bak\u0131m<\/h3>\n<p>Ameliyattan sonra dinlenmeniz ve iyile\u015fmeniz gerekecektir. Dr. Deveci size ameliyat sonras\u0131 \u00f6zel talimatlar verecektir; bunlar aras\u0131nda ameliyat b\u00f6lgesine nas\u0131l bak\u0131m yap\u0131laca\u011f\u0131, uygulanacak veya a\u011f\u0131zdan al\u0131nacak ila\u00e7lar ve Dr. Deveci&#8217;yi ne zaman takip etmeniz gerekti\u011fi yer alabilir. Bu talimatlara uyulmas\u0131, sorunsuz bir iyile\u015fme ve optimum sonu\u00e7lar elde edilmesine yard\u0131mc\u0131 olabilir.<\/p>\n<h2>\u0130stanbul&#8217;da Rinoplasti \u0130\u00e7in Neden Dr. Deveci&#8217;yi Se\u00e7melisiniz?<\/h2>\n<p>Dr. Deveci, rinoplasti konusunda uzmanla\u015fm\u0131\u015f, son derece yetenekli ve deneyimli bir plastik cerraht\u0131r. Titiz cerrahi tekni\u011fi, sanatsal g\u00f6z\u00fc ve hasta bak\u0131m\u0131na olan ba\u011fl\u0131l\u0131\u011f\u0131yla tan\u0131nmaktad\u0131r. Amac\u0131, do\u011fal g\u00f6r\u00fcnen, y\u00fcz hatlar\u0131n\u0131n geri kalan\u0131yla uyum i\u00e7inde olan ve hastan\u0131n estetik hedeflerini kar\u015f\u0131layan sonu\u00e7lar yaratmakt\u0131r.<\/p>\n<h2>\u0130stanbul&#8217;da Rinoplasti Maliyeti 2023<\/h2>\n<p>Rinoplastinin maliyeti, prosed\u00fcr\u00fcn karma\u015f\u0131kl\u0131\u011f\u0131 ve cerrah\u0131n deneyimi de dahil olmak \u00fczere \u00e7e\u015fitli fakt\u00f6rlere ba\u011fl\u0131 olarak de\u011fi\u015febilir. Kons\u00fcltasyonunuz s\u0131ras\u0131nda Dr. Deveci, ki\u015fiselle\u015ftirilmi\u015f cerrahi plan\u0131n\u0131za g\u00f6re ayr\u0131nt\u0131l\u0131 bir maliyet tahmini sunacakt\u0131r. Rinoplasti maliyeti hakk\u0131nda daha fazla bilgi i\u00e7in l\u00fctfen <a href=\"https:\/\/dromerfaruk.com\/tr\/?page_id=2602\" target=\"_new\">bizimle ileti\u015fime<\/a> ge\u00e7in.<\/p>\n<h2>Bir Kons\u00fcltasyon Planlay\u0131n<\/h2>\n<p>\u0130stanbul&#8217;da burun esteti\u011fi yapt\u0131rmay\u0131 d\u00fc\u015f\u00fcn\u00fcyorsan\u0131z, Dr. Deveci ile bir kons\u00fcltasyon planlay\u0131n. Prosed\u00fcr\u00fc sizinle ayr\u0131nt\u0131l\u0131 olarak tart\u0131\u015fabilir, sorular\u0131n\u0131z\u0131 yan\u0131tlayabilir ve rinoplastinin sizin i\u00e7in do\u011fru se\u00e7im olup olmad\u0131\u011f\u0131na karar vermenize yard\u0131mc\u0131 olabilir. Uluslararas\u0131 hastalar\u0131m\u0131z i\u00e7in, <a href=\"https:\/\/dromerfaruk.com\/tr\/?page_id=2608\" target=\"_new\">buradaki<\/a> yolculu\u011funuzda size yard\u0131mc\u0131 olacak \u00f6zel bir sayfam\u0131z var.<\/p>\n<p>Burun esteti\u011fi y\u00fcz uyumunuzu \u00f6nemli \u00f6l\u00e7\u00fcde geli\u015ftirebilir ve \u00f6zg\u00fcveninizi art\u0131rabilir. Daha fazla g\u00fczellik ve \u00f6zg\u00fcvene do\u011fru yolculu\u011funuz i\u00e7in Dr. \u00d6mer Faruk Deveci&#8217;nin uzmanl\u0131\u011f\u0131na ve \u015fefkatli bak\u0131m\u0131na g\u00fcvenin.<\/p>\n<\/div>\n<\/div>\n<\/div>\n<\/div>\n<\/div>\n<\/div>\n<\/div>\n<\/div>\n\t\t\t\t\t\t<\/div>\n\t\t\t\t<\/div>\n\t\t\t\t\t<\/div>\n\t\t<\/div>\n\t\t\t\t\t<\/div>\n\t\t<\/section>\n\t\t\t\t<\/div>\n\t\t","protected":false},"excerpt":{"rendered":"<p>Dr. \u00d6mer Faruk Deveci ile \u0130stanbul&#8217;da Rinoplasti Halk aras\u0131nda &#8220;burun esteti\u011fi&#8221; olarak bilinen rinoplasti, burun yap\u0131s\u0131n\u0131 yeniden \u015fekillendirerek, yeniden boyutland\u0131rarak veya yeniden tan\u0131mlayarak ki\u015finin y\u00fcz uyumunu \u00f6nemli \u00f6l\u00e7\u00fcde art\u0131rabilen cerrahi bir prosed\u00fcrd\u00fcr. \u0130stanbul&#8217;da burun esteti\u011fi yapt\u0131rmay\u0131 d\u00fc\u015f\u00fcn\u00fcyorsan\u0131z, son derece yetenekli ve kendini i\u015fine adam\u0131\u015f bir plastik cerrah olan Dr. \u00d6mer Faruk Deveci, s\u00fcrecin her ad\u0131m\u0131nda [&hellip;]<\/p>\n","protected":false},"author":1,"featured_media":0,"parent":0,"menu_order":0,"comment_status":"closed","ping_status":"closed","template":"","meta":{"_coblocks_attr":"","_coblocks_dimensions":"","_coblocks_responsive_height":"","_coblocks_accordion_ie_support":"","site-sidebar-layout":"no-sidebar","site-content-layout":"page-builder","ast-site-content-layout":"default","site-content-style":"default","site-sidebar-style":"default","ast-global-header-display":"","ast-banner-title-visibility":"","ast-main-header-display":"","ast-hfb-above-header-display":"","ast-hfb-below-header-display":"","ast-hfb-mobile-header-display":"","site-post-title":"disabled","ast-breadcrumbs-content":"","ast-featured-img":"disabled","footer-sml-layout":"","ast-disable-related-posts":"","theme-transparent-header-meta":"","adv-header-id-meta":"","stick-header-meta":"","header-above-stick-meta":"","header-main-stick-meta":"","header-below-stick-meta":"","astra-migrate-meta-layouts":"default","ast-page-background-enabled":"default","ast-page-background-meta":{"desktop":{"background-color":"var(--ast-global-color-4)","background-image":"","background-repeat":"repeat","background-position":"center center","background-size":"auto","background-attachment":"scroll","background-type":"","background-media":"","overlay-type":"","overlay-color":"","overlay-opacity":"","overlay-gradient":""},"tablet":{"background-color":"","background-image":"","background-repeat":"repeat","background-position":"center center","background-size":"auto","background-attachment":"scroll","background-type":"","background-media":"","overlay-type":"","overlay-color":"","overlay-opacity":"","overlay-gradient":""},"mobile":{"background-color":"","background-image":"","background-repeat":"repeat","background-position":"center center","background-size":"auto","background-attachment":"scroll","background-type":"","background-media":"","overlay-type":"","overlay-color":"","overlay-opacity":"","overlay-gradient":""}},"ast-content-background-meta":{"desktop":{"background-color":"var(--ast-global-color-5)","background-image":"","background-repeat":"repeat","background-position":"center center","background-size":"auto","background-attachment":"scroll","background-type":"","background-media":"","overlay-type":"","overlay-color":"","overlay-opacity":"","overlay-gradient":""},"tablet":{"background-color":"var(--ast-global-color-5)","background-image":"","background-repeat":"repeat","background-position":"center center","background-size":"auto","background-attachment":"scroll","background-type":"","background-media":"","overlay-type":"","overlay-color":"","overlay-opacity":"","overlay-gradient":""},"mobile":{"background-color":"var(--ast-global-color-5)","background-image":"","background-repeat":"repeat","background-position":"center center","background-size":"auto","background-attachment":"scroll","background-type":"","background-media":"","overlay-type":"","overlay-color":"","overlay-opacity":"","overlay-gradient":""}},"footnotes":""},"class_list":["post-2627","page","type-page","status-publish","hentry"],"_links":{"self":[{"href":"https:\/\/dromerfaruk.com\/tr\/wp-json\/wp\/v2\/pages\/2627","targetHints":{"allow":["GET"]}}],"collection":[{"href":"https:\/\/dromerfaruk.com\/tr\/wp-json\/wp\/v2\/pages"}],"about":[{"href":"https:\/\/dromerfaruk.com\/tr\/wp-json\/wp\/v2\/types\/page"}],"author":[{"embeddable":true,"href":"https:\/\/dromerfaruk.com\/tr\/wp-json\/wp\/v2\/users\/1"}],"replies":[{"embeddable":true,"href":"https:\/\/dromerfaruk.com\/tr\/wp-json\/wp\/v2\/comments?post=2627"}],"version-history":[{"count":0,"href":"https:\/\/dromerfaruk.com\/tr\/wp-json\/wp\/v2\/pages\/2627\/revisions"}],"wp:attachment":[{"href":"https:\/\/dromerfaruk.com\/tr\/wp-json\/wp\/v2\/media?parent=2627"}],"curies":[{"name":"wp","href":"https:\/\/api.w.org\/{rel}","templated":true}]}}