{"id":2608,"date":"2022-12-28T10:33:57","date_gmt":"2022-12-28T10:33:57","guid":{"rendered":"https:\/\/dromerfaruk.com\/uluslararasi-hastalar\/"},"modified":"2023-08-09T16:49:21","modified_gmt":"2023-08-09T16:49:21","slug":"uluslararasi-hastalar","status":"publish","type":"page","link":"https:\/\/dromerfaruk.com\/tr\/uluslararasi-hastalar\/","title":{"rendered":"Uluslararas\u0131 Hastalar"},"content":{"rendered":"\t\t<div data-elementor-type=\"wp-page\" data-elementor-id=\"2608\" class=\"elementor elementor-2608 elementor-10\">\n\t\t\t\t\t\t<section class=\"elementor-section elementor-top-section elementor-element elementor-element-45abd9fa elementor-section-height-min-height elementor-section-boxed elementor-section-height-default elementor-section-items-middle\" data-id=\"45abd9fa\" data-element_type=\"section\" data-settings=\"{&quot;background_background&quot;:&quot;classic&quot;}\">\n\t\t\t\t\t\t\t<div class=\"elementor-background-overlay\"><\/div>\n\t\t\t\t\t\t\t<div class=\"elementor-container elementor-column-gap-no\">\n\t\t\t\t\t<div class=\"elementor-column elementor-col-100 elementor-top-column elementor-element elementor-element-7d2461cf\" data-id=\"7d2461cf\" data-element_type=\"column\">\n\t\t\t<div class=\"elementor-widget-wrap\">\n\t\t\t\t\t\t\t<\/div>\n\t\t<\/div>\n\t\t\t\t\t<\/div>\n\t\t<\/section>\n\t\t\t\t<section class=\"elementor-section elementor-top-section elementor-element elementor-element-5bf388f elementor-section-content-top elementor-section-boxed elementor-section-height-default elementor-section-height-default\" data-id=\"5bf388f\" data-element_type=\"section\" data-settings=\"{&quot;background_background&quot;:&quot;gradient&quot;}\">\n\t\t\t\t\t\t\t<div class=\"elementor-background-overlay\"><\/div>\n\t\t\t\t\t\t\t<div class=\"elementor-container elementor-column-gap-no\">\n\t\t\t\t\t<div class=\"elementor-column elementor-col-66 elementor-top-column elementor-element elementor-element-2b1c571d\" data-id=\"2b1c571d\" data-element_type=\"column\" data-settings=\"{&quot;background_background&quot;:&quot;gradient&quot;}\">\n\t\t\t<div class=\"elementor-widget-wrap elementor-element-populated\">\n\t\t\t\t\t\t<div class=\"elementor-element elementor-element-25ae4f90 elementor-widget elementor-widget-text-editor\" data-id=\"25ae4f90\" data-element_type=\"widget\" data-widget_type=\"text-editor.default\">\n\t\t\t\t<div class=\"elementor-widget-container\">\n\t\t\t\t\t\t\t<p>Op. Dr. \u00d6mer Faruk Deveci&#8217;nin muayenehanesinde, yurt d\u0131\u015f\u0131nda t\u0131bbi tedavi g\u00f6rmenin hem heyecan verici hem de zorlay\u0131c\u0131 olabilece\u011finin fark\u0131nday\u0131z. Kendini i\u015fine adam\u0131\u015f ekibimizin, uluslararas\u0131 hastalar\u0131m\u0131za en y\u00fcksek kalitede bak\u0131m ve destek sunarak sorunsuz ve endi\u015fesiz bir deneyim sa\u011flamaya kararl\u0131 oldu\u011fundan emin olabilirsiniz.<\/p>\n\t\t\t\t\t\t<\/div>\n\t\t\t\t<\/div>\n\t\t\t\t\t<\/div>\n\t\t<\/div>\n\t\t\t\t<div class=\"elementor-column elementor-col-33 elementor-top-column elementor-element elementor-element-48a7f34e\" data-id=\"48a7f34e\" data-element_type=\"column\">\n\t\t\t<div class=\"elementor-widget-wrap elementor-element-populated\">\n\t\t\t\t\t\t<div class=\"elementor-element elementor-element-1a1c921c elementor-widget elementor-widget-image\" data-id=\"1a1c921c\" data-element_type=\"widget\" data-widget_type=\"image.default\">\n\t\t\t\t<div class=\"elementor-widget-container\">\n\t\t\t\t\t\t\t\t\t\t\t\t\t<img fetchpriority=\"high\" decoding=\"async\" width=\"275\" height=\"183\" src=\"https:\/\/dromerfaruk.com\/wp-content\/uploads\/2023\/07\/1.jpg\" class=\"attachment-large size-large wp-image-2553\" alt=\"\" \/>\t\t\t\t\t\t\t\t\t\t\t\t\t<\/div>\n\t\t\t\t<\/div>\n\t\t\t\t<div class=\"elementor-element elementor-element-163a247f elementor-widget elementor-widget-image\" data-id=\"163a247f\" data-element_type=\"widget\" data-widget_type=\"image.default\">\n\t\t\t\t<div class=\"elementor-widget-container\">\n\t\t\t\t\t\t\t\t\t\t\t\t\t<img decoding=\"async\" width=\"275\" height=\"183\" src=\"https:\/\/dromerfaruk.com\/wp-content\/uploads\/2023\/07\/images.jpg\" class=\"attachment-large size-large wp-image-2549\" alt=\"\" \/>\t\t\t\t\t\t\t\t\t\t\t\t\t<\/div>\n\t\t\t\t<\/div>\n\t\t\t\t\t<\/div>\n\t\t<\/div>\n\t\t\t\t\t<\/div>\n\t\t<\/section>\n\t\t\t\t<section class=\"elementor-section elementor-top-section elementor-element elementor-element-361cf9ac elementor-section-boxed elementor-section-height-default elementor-section-height-default elementor-invisible\" data-id=\"361cf9ac\" data-element_type=\"section\" data-settings=\"{&quot;animation&quot;:&quot;slideInUp&quot;,&quot;background_background&quot;:&quot;gradient&quot;}\">\n\t\t\t\t\t\t<div class=\"elementor-container elementor-column-gap-default\">\n\t\t\t\t\t<div class=\"elementor-column elementor-col-100 elementor-top-column elementor-element elementor-element-676c4eee\" data-id=\"676c4eee\" data-element_type=\"column\">\n\t\t\t<div class=\"elementor-widget-wrap elementor-element-populated\">\n\t\t\t\t\t\t<div class=\"elementor-element elementor-element-25841f0 elementor-widget elementor-widget-heading\" data-id=\"25841f0\" data-element_type=\"widget\" data-widget_type=\"heading.default\">\n\t\t\t\t<div class=\"elementor-widget-container\">\n\t\t\t<h2 class=\"elementor-heading-title elementor-size-default\">Uluslararas\u0131 Hasta S\u00fcreci<\/h2>\t\t<\/div>\n\t\t\t\t<\/div>\n\t\t\t\t\t<\/div>\n\t\t<\/div>\n\t\t\t\t\t<\/div>\n\t\t<\/section>\n\t\t\t\t<section class=\"elementor-section elementor-top-section elementor-element elementor-element-deb8f7d elementor-section-boxed elementor-section-height-default elementor-section-height-default\" data-id=\"deb8f7d\" data-element_type=\"section\">\n\t\t\t\t\t\t<div class=\"elementor-container elementor-column-gap-default\">\n\t\t\t\t\t<div class=\"elementor-column elementor-col-100 elementor-top-column elementor-element elementor-element-3b51c06\" data-id=\"3b51c06\" data-element_type=\"column\" data-settings=\"{&quot;background_background&quot;:&quot;gradient&quot;}\">\n\t\t\t<div class=\"elementor-widget-wrap elementor-element-populated\">\n\t\t\t\t\t\t<div class=\"elementor-element elementor-element-87b807c elementor-widget elementor-widget-heading\" data-id=\"87b807c\" data-element_type=\"widget\" data-widget_type=\"heading.default\">\n\t\t\t\t<div class=\"elementor-widget-container\">\n\t\t\t<h2 class=\"elementor-heading-title elementor-size-default\">Dr. Deveci'nin Caddebostan'daki Klini\u011fi<\/h2>\t\t<\/div>\n\t\t\t\t<\/div>\n\t\t\t\t\t<\/div>\n\t\t<\/div>\n\t\t\t\t\t<\/div>\n\t\t<\/section>\n\t\t\t\t<section class=\"elementor-section elementor-top-section elementor-element elementor-element-41ee2647 elementor-section-boxed elementor-section-height-default elementor-section-height-default elementor-invisible\" data-id=\"41ee2647\" data-element_type=\"section\" data-settings=\"{&quot;animation&quot;:&quot;fadeIn&quot;}\">\n\t\t\t\t\t\t<div class=\"elementor-container elementor-column-gap-default\">\n\t\t\t\t\t<div class=\"elementor-column elementor-col-100 elementor-top-column elementor-element elementor-element-78793dae\" data-id=\"78793dae\" data-element_type=\"column\">\n\t\t\t<div class=\"elementor-widget-wrap\">\n\t\t\t\t\t\t\t<\/div>\n\t\t<\/div>\n\t\t\t\t\t<\/div>\n\t\t<\/section>\n\t\t\t\t<\/div>\n\t\t","protected":false},"excerpt":{"rendered":"<p>Uluslararas\u0131 Hastalar G\u00fcvenli Etkili Bak\u0131m Uluslararas\u0131 Hasta Deneyimi G\u00fcvenli G\u00fcvenli Kapsaml\u0131 Dr. Deveci&#8217;nin ellerinde bak\u0131m Op. Dr. \u00d6mer Faruk Deveci&#8217;nin muayenehanesinde, yurt d\u0131\u015f\u0131nda t\u0131bbi tedavi g\u00f6rmenin hem heyecan verici hem de zorlay\u0131c\u0131 olabilece\u011finin fark\u0131nday\u0131z. Kendini i\u015fine adam\u0131\u015f ekibimizin, uluslararas\u0131 hastalar\u0131m\u0131za en y\u00fcksek kalitede bak\u0131m ve destek sunarak sorunsuz ve endi\u015fesiz bir deneyim sa\u011flamaya kararl\u0131 oldu\u011fundan [&hellip;]<\/p>\n","protected":false},"author":1,"featured_media":0,"parent":0,"menu_order":0,"comment_status":"closed","ping_status":"closed","template":"","meta":{"_coblocks_attr":"","_coblocks_dimensions":"","_coblocks_responsive_height":"","_coblocks_accordion_ie_support":"","site-sidebar-layout":"no-sidebar","site-content-layout":"page-builder","ast-site-content-layout":"default","site-content-style":"default","site-sidebar-style":"default","ast-global-header-display":"","ast-banner-title-visibility":"","ast-main-header-display":"","ast-hfb-above-header-display":"","ast-hfb-below-header-display":"","ast-hfb-mobile-header-display":"","site-post-title":"disabled","ast-breadcrumbs-content":"","ast-featured-img":"disabled","footer-sml-layout":"","ast-disable-related-posts":"","theme-transparent-header-meta":"enabled","adv-header-id-meta":"","stick-header-meta":"","header-above-stick-meta":"","header-main-stick-meta":"","header-below-stick-meta":"","astra-migrate-meta-layouts":"default","ast-page-background-enabled":"default","ast-page-background-meta":{"desktop":{"background-color":"var(--ast-global-color-4)","background-image":"","background-repeat":"repeat","background-position":"center center","background-size":"auto","background-attachment":"scroll","background-type":"","background-media":"","overlay-type":"","overlay-color":"","overlay-opacity":"","overlay-gradient":""},"tablet":{"background-color":"","background-image":"","background-repeat":"repeat","background-position":"center center","background-size":"auto","background-attachment":"scroll","background-type":"","background-media":"","overlay-type":"","overlay-color":"","overlay-opacity":"","overlay-gradient":""},"mobile":{"background-color":"","background-image":"","background-repeat":"repeat","background-position":"center center","background-size":"auto","background-attachment":"scroll","background-type":"","background-media":"","overlay-type":"","overlay-color":"","overlay-opacity":"","overlay-gradient":""}},"ast-content-background-meta":{"desktop":{"background-color":"var(--ast-global-color-5)","background-image":"","background-repeat":"repeat","background-position":"center center","background-size":"auto","background-attachment":"scroll","background-type":"","background-media":"","overlay-type":"","overlay-color":"","overlay-opacity":"","overlay-gradient":""},"tablet":{"background-color":"var(--ast-global-color-5)","background-image":"","background-repeat":"repeat","background-position":"center center","background-size":"auto","background-attachment":"scroll","background-type":"","background-media":"","overlay-type":"","overlay-color":"","overlay-opacity":"","overlay-gradient":""},"mobile":{"background-color":"var(--ast-global-color-5)","background-image":"","background-repeat":"repeat","background-position":"center center","background-size":"auto","background-attachment":"scroll","background-type":"","background-media":"","overlay-type":"","overlay-color":"","overlay-opacity":"","overlay-gradient":""}},"footnotes":""},"class_list":["post-2608","page","type-page","status-publish","hentry"],"_links":{"self":[{"href":"https:\/\/dromerfaruk.com\/tr\/wp-json\/wp\/v2\/pages\/2608","targetHints":{"allow":["GET"]}}],"collection":[{"href":"https:\/\/dromerfaruk.com\/tr\/wp-json\/wp\/v2\/pages"}],"about":[{"href":"https:\/\/dromerfaruk.com\/tr\/wp-json\/wp\/v2\/types\/page"}],"author":[{"embeddable":true,"href":"https:\/\/dromerfaruk.com\/tr\/wp-json\/wp\/v2\/users\/1"}],"replies":[{"embeddable":true,"href":"https:\/\/dromerfaruk.com\/tr\/wp-json\/wp\/v2\/comments?post=2608"}],"version-history":[{"count":0,"href":"https:\/\/dromerfaruk.com\/tr\/wp-json\/wp\/v2\/pages\/2608\/revisions"}],"wp:attachment":[{"href":"https:\/\/dromerfaruk.com\/tr\/wp-json\/wp\/v2\/media?parent=2608"}],"curies":[{"name":"wp","href":"https:\/\/api.w.org\/{rel}","templated":true}]}}