{"id":2699,"date":"2023-07-28T19:02:00","date_gmt":"2023-07-28T19:02:00","guid":{"rendered":"https:\/\/dromerfaruk.com\/rellenos-faciales\/"},"modified":"2023-08-09T16:49:39","modified_gmt":"2023-08-09T16:49:39","slug":"rellenos-faciales","status":"publish","type":"page","link":"https:\/\/dromerfaruk.com\/es\/rellenos-faciales\/","title":{"rendered":"Rellenos faciales"},"content":{"rendered":"\t\t<div data-elementor-type=\"wp-page\" data-elementor-id=\"2699\" class=\"elementor elementor-2699 elementor-2116\">\n\t\t\t\t\t\t<section class=\"elementor-section elementor-top-section elementor-element elementor-element-353ee6c elementor-section-boxed elementor-section-height-default elementor-section-height-default\" data-id=\"353ee6c\" data-element_type=\"section\" data-settings=\"{&quot;background_background&quot;:&quot;classic&quot;}\">\n\t\t\t\t\t\t<div class=\"elementor-container elementor-column-gap-default\">\n\t\t\t\t\t<div class=\"elementor-column elementor-col-100 elementor-top-column elementor-element elementor-element-e26f3a8\" data-id=\"e26f3a8\" data-element_type=\"column\">\n\t\t\t<div class=\"elementor-widget-wrap elementor-element-populated\">\n\t\t\t\t\t\t<div class=\"elementor-element elementor-element-4fcdfa8 elementor-widget elementor-widget-text-editor\" data-id=\"4fcdfa8\" data-element_type=\"widget\" data-widget_type=\"text-editor.default\">\n\t\t\t\t<div class=\"elementor-widget-container\">\n\t\t\t\t\t\t\t<div class=\"min-h-[20px] flex items-start overflow-x-auto whitespace-pre-wrap break-words flex-col gap-4\">\n<div class=\"markdown prose w-full break-words dark:prose-invert light\">\n<h1>Gu\u00eda completa de rellenos faciales en Estambul con el Dr. \u00d6mer Faruk Deveci<\/h1>\n<p>Los rellenos faciales, tambi\u00e9n conocidos como rellenos d\u00e9rmicos, son un popular tratamiento no quir\u00fargico utilizado para restaurar el volumen y la plenitud de la cara, reduciendo la aparici\u00f3n de l\u00edneas y arrugas y creando una apariencia m\u00e1s suave y juvenil. Si usted est\u00e1 considerando rellenos faciales en Estambul, el Dr. \u00d6mer Faruk Deveci, un cirujano pl\u00e1stico experimentado y dedicado, est\u00e1 aqu\u00ed para guiarle a trav\u00e9s del proceso.<\/p>\n<h2>\u00bfQu\u00e9 son los rellenos faciales?<\/h2>\n<p>Los rellenos faciales son tratamientos inyectables que pueden a\u00f1adir volumen a las zonas de la cara que han perdido plenitud debido al envejecimiento, el da\u00f1o solar u otros factores. Pueden alisar l\u00edneas y arrugas, realzar los labios, devolver el volumen a las mejillas y mejorar el contorno general del rostro.<\/p>\n<p>Existen varios tipos de rellenos faciales, como los rellenos de \u00e1cido hialur\u00f3nico, los rellenos de hidroxiapatita c\u00e1lcica y los rellenos de \u00e1cido poli-L-l\u00e1ctico. La elecci\u00f3n del relleno depender\u00e1 de sus necesidades y objetivos espec\u00edficos, as\u00ed como de su anatom\u00eda individual.<\/p>\n<ul>\n<li>\n<p><strong>Rellenos de \u00e1cido hialur\u00f3nico<\/strong>: Estos rellenos est\u00e1n hechos de una sustancia que se encuentra naturalmente en la piel, las articulaciones y los ojos. Pueden aportar volumen e hidrataci\u00f3n a la piel, alisar l\u00edneas y arrugas y realzar los labios.<\/p>\n<\/li>\n<li>\n<p>Rellenos de <strong>hidroxiapatita c\u00e1lcica<\/strong>: Estos rellenos est\u00e1n hechos de una sustancia que se encuentra naturalmente en los huesos humanos. Suelen utilizarse para tratar l\u00edneas y arrugas m\u00e1s profundas y para realzar las mejillas y otros contornos faciales.<\/p>\n<\/li>\n<li>\n<p><strong>Rellenos de \u00e1cido polil\u00e1ctico<\/strong>: Estos rellenos estimulan la producci\u00f3n propia de col\u00e1geno, una prote\u00edna que ayuda a mantener la estructura y elasticidad de la piel. Suelen utilizarse para tratar las arrugas faciales m\u00e1s profundas y a\u00f1adir volumen a las mejillas.<\/p>\n<\/li>\n<\/ul>\n<h2>Por qu\u00e9 elegir al Dr. Deveci para rellenos faciales en Estambul<\/h2>\n<p>La elecci\u00f3n del cirujano adecuado para sus rellenos faciales es crucial. El Dr. Deveci aporta a\u00f1os de experiencia y un profundo conocimiento de la est\u00e9tica facial a cada intervenci\u00f3n. Da prioridad a las necesidades y deseos individuales de sus pacientes, asegur\u00e1ndose de que los resultados del tratamiento se ajustan a sus objetivos est\u00e9ticos. Su enfoque se caracteriza por un profundo respeto por la forma natural, centr\u00e1ndose en realzar la belleza natural de sus pacientes. Puede obtener m\u00e1s informaci\u00f3n sobre el enfoque del Dr. Deveci y su dedicaci\u00f3n a sus pacientes <a href=\"https:\/\/dromerfaruk.com\/es\/\" target=\"_new\">aqu\u00ed<\/a>.<\/p>\n<h2>Procedimiento de relleno facial<\/h2>\n<p>El procedimiento de rellenos faciales comienza con una consulta exhaustiva, durante la cual el Dr. Deveci discutir\u00e1 sus objetivos, evaluar\u00e1 su estructura facial y desarrollar\u00e1 un plan de tratamiento personalizado. Este plan tendr\u00e1 en cuenta factores como el estado de su piel, las zonas de la cara que se van a tratar y sus objetivos est\u00e9ticos espec\u00edficos.<\/p>\n<p>Durante el tratamiento, el Dr. Deveci inyecta una cantidad precisa de relleno en las zonas tratadas. El procedimiento es r\u00e1pido y m\u00ednimamente invasivo, y suele durar menos de una hora. No se necesita anestesia y puede reanudar sus actividades normales inmediatamente despu\u00e9s de la intervenci\u00f3n.<\/p>\n<h2>Coste de los rellenos faciales en Estambul 2023<\/h2>\n<p>El coste de los rellenos faciales puede variar en funci\u00f3n de diversos factores, como los objetivos espec\u00edficos del paciente y la extensi\u00f3n del tratamiento. Durante su consulta, el Dr. Deveci le proporcionar\u00e1 un presupuesto detallado basado en su plan de tratamiento personalizado. A pesar de las variaciones en el coste, el Dr. Deveci se compromete a proporcionar una atenci\u00f3n de alta calidad que sea accesible y asequible. Si desea m\u00e1s informaci\u00f3n sobre el coste de los rellenos faciales, <a href=\"https:\/\/dromerfaruk.com\/es\/?page_id=2605\" target=\"_new\">p\u00f3ngase en contacto con nosotros<\/a>.<\/p>\n<h2>Recuperaci\u00f3n de los rellenos faciales<\/h2>\n<p>La recuperaci\u00f3n de los rellenos faciales suele ser r\u00e1pida y sencilla. Es posible que aparezcan peque\u00f1os hematomas o hinchaz\u00f3n en los puntos de inyecci\u00f3n, pero estos efectos secundarios desaparecer\u00e1n en unos d\u00edas. La mayor\u00eda de los pacientes pueden reincorporarse a sus actividades normales inmediatamente despu\u00e9s de la intervenci\u00f3n.<\/p>\n<p>El Dr. Deveci proporciona instrucciones detalladas sobre los cuidados posteriores al tratamiento y est\u00e1 a su disposici\u00f3n para responder a cualquier pregunta o duda durante el proceso de recuperaci\u00f3n. Se dedica a garantizar que cada paciente tenga una recuperaci\u00f3n c\u00f3moda y sin problemas.<\/p>\n<h2>Concertar una consulta<\/h2>\n<p>Si usted est\u00e1 considerando rellenos faciales en Estambul, programar una consulta con el Dr. Deveci. \u00c9l puede discutir el procedimiento con usted en detalle, responder a sus preguntas, y ayudarle a decidir si los rellenos faciales son la opci\u00f3n correcta para usted. Para nuestros pacientes internacionales, tenemos una p\u00e1gina dedicada a ayudarle en su viaje <a href=\"https:\/\/dromerfaruk.com\/es\/?page_id=2637\" target=\"_new\">hasta aqu\u00ed<\/a>.<\/p>\n<p>Los rellenos faciales pueden realzar su belleza natural y aumentar su autoestima. Conf\u00ede en la experiencia y el cuidado compasivo del Dr. \u00d6mer Faruk Deveci para su viaje hacia una mayor belleza y confianza en s\u00ed mismo.<\/p>\n<\/div>\n<\/div>\n\t\t\t\t\t\t<\/div>\n\t\t\t\t<\/div>\n\t\t\t\t\t<\/div>\n\t\t<\/div>\n\t\t\t\t\t<\/div>\n\t\t<\/section>\n\t\t\t\t<\/div>\n\t\t","protected":false},"excerpt":{"rendered":"<p>Gu\u00eda completa de rellenos faciales en Estambul con el Dr. \u00d6mer Faruk Deveci Los rellenos faciales, tambi\u00e9n conocidos como rellenos d\u00e9rmicos, son un popular tratamiento no quir\u00fargico utilizado para restaurar el volumen y la plenitud de la cara, reduciendo la aparici\u00f3n de l\u00edneas y arrugas y creando una apariencia m\u00e1s suave y juvenil. Si usted [&hellip;]<\/p>\n","protected":false},"author":1,"featured_media":0,"parent":0,"menu_order":0,"comment_status":"closed","ping_status":"closed","template":"","meta":{"_coblocks_attr":"","_coblocks_dimensions":"","_coblocks_responsive_height":"","_coblocks_accordion_ie_support":"","site-sidebar-layout":"no-sidebar","site-content-layout":"page-builder","ast-site-content-layout":"default","site-content-style":"default","site-sidebar-style":"default","ast-global-header-display":"","ast-banner-title-visibility":"","ast-main-header-display":"","ast-hfb-above-header-display":"","ast-hfb-below-header-display":"","ast-hfb-mobile-header-display":"","site-post-title":"disabled","ast-breadcrumbs-content":"","ast-featured-img":"disabled","footer-sml-layout":"","ast-disable-related-posts":"","theme-transparent-header-meta":"","adv-header-id-meta":"","stick-header-meta":"","header-above-stick-meta":"","header-main-stick-meta":"","header-below-stick-meta":"","astra-migrate-meta-layouts":"default","ast-page-background-enabled":"default","ast-page-background-meta":{"desktop":{"background-color":"var(--ast-global-color-4)","background-image":"","background-repeat":"repeat","background-position":"center center","background-size":"auto","background-attachment":"scroll","background-type":"","background-media":"","overlay-type":"","overlay-color":"","overlay-opacity":"","overlay-gradient":""},"tablet":{"background-color":"","background-image":"","background-repeat":"repeat","background-position":"center center","background-size":"auto","background-attachment":"scroll","background-type":"","background-media":"","overlay-type":"","overlay-color":"","overlay-opacity":"","overlay-gradient":""},"mobile":{"background-color":"","background-image":"","background-repeat":"repeat","background-position":"center center","background-size":"auto","background-attachment":"scroll","background-type":"","background-media":"","overlay-type":"","overlay-color":"","overlay-opacity":"","overlay-gradient":""}},"ast-content-background-meta":{"desktop":{"background-color":"var(--ast-global-color-5)","background-image":"","background-repeat":"repeat","background-position":"center center","background-size":"auto","background-attachment":"scroll","background-type":"","background-media":"","overlay-type":"","overlay-color":"","overlay-opacity":"","overlay-gradient":""},"tablet":{"background-color":"var(--ast-global-color-5)","background-image":"","background-repeat":"repeat","background-position":"center center","background-size":"auto","background-attachment":"scroll","background-type":"","background-media":"","overlay-type":"","overlay-color":"","overlay-opacity":"","overlay-gradient":""},"mobile":{"background-color":"var(--ast-global-color-5)","background-image":"","background-repeat":"repeat","background-position":"center center","background-size":"auto","background-attachment":"scroll","background-type":"","background-media":"","overlay-type":"","overlay-color":"","overlay-opacity":"","overlay-gradient":""}},"footnotes":""},"class_list":["post-2699","page","type-page","status-publish","hentry"],"_links":{"self":[{"href":"https:\/\/dromerfaruk.com\/es\/wp-json\/wp\/v2\/pages\/2699","targetHints":{"allow":["GET"]}}],"collection":[{"href":"https:\/\/dromerfaruk.com\/es\/wp-json\/wp\/v2\/pages"}],"about":[{"href":"https:\/\/dromerfaruk.com\/es\/wp-json\/wp\/v2\/types\/page"}],"author":[{"embeddable":true,"href":"https:\/\/dromerfaruk.com\/es\/wp-json\/wp\/v2\/users\/1"}],"replies":[{"embeddable":true,"href":"https:\/\/dromerfaruk.com\/es\/wp-json\/wp\/v2\/comments?post=2699"}],"version-history":[{"count":0,"href":"https:\/\/dromerfaruk.com\/es\/wp-json\/wp\/v2\/pages\/2699\/revisions"}],"wp:attachment":[{"href":"https:\/\/dromerfaruk.com\/es\/wp-json\/wp\/v2\/media?parent=2699"}],"curies":[{"name":"wp","href":"https:\/\/api.w.org\/{rel}","templated":true}]}}