{"id":2698,"date":"2023-07-28T18:57:45","date_gmt":"2023-07-28T18:57:45","guid":{"rendered":"https:\/\/dromerfaruk.com\/otoplastia\/"},"modified":"2023-08-09T16:49:39","modified_gmt":"2023-08-09T16:49:39","slug":"otoplastia","status":"publish","type":"page","link":"https:\/\/dromerfaruk.com\/es\/otoplastia\/","title":{"rendered":"Otoplastia"},"content":{"rendered":"\t\t<div data-elementor-type=\"wp-page\" data-elementor-id=\"2698\" class=\"elementor elementor-2698 elementor-2105\">\n\t\t\t\t\t\t<section class=\"elementor-section elementor-top-section elementor-element elementor-element-177e21a elementor-section-boxed elementor-section-height-default elementor-section-height-default\" data-id=\"177e21a\" data-element_type=\"section\" data-settings=\"{&quot;background_background&quot;:&quot;classic&quot;}\">\n\t\t\t\t\t\t<div class=\"elementor-container elementor-column-gap-default\">\n\t\t\t\t\t<div class=\"elementor-column elementor-col-100 elementor-top-column elementor-element elementor-element-fa1f97e\" data-id=\"fa1f97e\" data-element_type=\"column\">\n\t\t\t<div class=\"elementor-widget-wrap elementor-element-populated\">\n\t\t\t\t\t\t<div class=\"elementor-element elementor-element-5f48177 elementor-widget elementor-widget-text-editor\" data-id=\"5f48177\" data-element_type=\"widget\" data-widget_type=\"text-editor.default\">\n\t\t\t\t<div class=\"elementor-widget-container\">\n\t\t\t\t\t\t\t<div class=\"min-h-[20px] flex items-start overflow-x-auto whitespace-pre-wrap break-words flex-col gap-4\">\n<div class=\"markdown prose w-full break-words dark:prose-invert light\">\n<h1>Gu\u00eda completa de la otoplastia en Estambul con el Dr. \u00d6mer Faruk Deveci<\/h1>\n<p>La otoplastia, tambi\u00e9n conocida como cirug\u00eda de orejas, es un procedimiento que puede mejorar la forma, posici\u00f3n o proporci\u00f3n de la oreja. Puede corregir un defecto en la estructura de la oreja presente al nacer o tratar orejas deformes causadas por lesiones. Si est\u00e1 pensando en someterse a una otoplastia en Estambul, el Dr. \u00d6mer Faruk Deveci, un cirujano pl\u00e1stico experimentado y dedicado, est\u00e1 aqu\u00ed para guiarle durante el proceso.<\/p>\n<h2>Comprender la otoplastia<\/h2>\n<p>La otoplastia est\u00e1 dise\u00f1ada para crear una forma natural al tiempo que aporta equilibrio y proporci\u00f3n a las orejas y la cara. La correcci\u00f3n incluso de deformidades menores puede tener profundos beneficios para la apariencia y la autoestima. La intervenci\u00f3n suele realizarse en ambas orejas para optimizar la simetr\u00eda.<\/p>\n<p>Existen distintos tipos de otoplastia, como la colocaci\u00f3n de orejas en asa, la remodelaci\u00f3n de orejas y la reducci\u00f3n de orejas. La elecci\u00f3n del procedimiento depender\u00e1 de sus necesidades y objetivos espec\u00edficos, as\u00ed como de su anatom\u00eda individual.<\/p>\n<ul>\n<li>\n<p><strong>Fijaci\u00f3n de orejas<\/strong>: Este procedimiento se utiliza para corregir las orejas de soplillo. Consiste en realizar una incisi\u00f3n detr\u00e1s de la oreja para exponer el cart\u00edlago. A continuaci\u00f3n, se remodela el cart\u00edlago y se elimina el exceso de piel para acercar las orejas a la cabeza.<\/p>\n<\/li>\n<li>\n<p><strong>Remodelaci\u00f3n de orejas<\/strong>: Este procedimiento se utiliza para corregir deformidades o irregularidades en la forma de las orejas. Consiste en remodelar el cart\u00edlago mediante incisiones cuidadosamente colocadas.<\/p>\n<\/li>\n<li>\n<p><strong>Reducci\u00f3n de ore<\/strong>jas: Este procedimiento se utiliza para reducir el tama\u00f1o de las orejas grandes. Consiste en eliminar el exceso de cart\u00edlago y piel a trav\u00e9s de una incisi\u00f3n en la oreja.<\/p>\n<\/li>\n<\/ul>\n<h2>Por qu\u00e9 elegir el Dr. Deveci para la otoplastia en Estambul<\/h2>\n<p>La elecci\u00f3n del cirujano adecuado para su otoplastia es crucial. El Dr. Deveci aporta a\u00f1os de experiencia y un profundo conocimiento de la est\u00e9tica facial a cada intervenci\u00f3n. Da prioridad a las necesidades y deseos individuales de sus pacientes, asegur\u00e1ndose de que los resultados de la cirug\u00eda se ajustan a sus objetivos est\u00e9ticos. Su enfoque se caracteriza por un profundo respeto por la forma natural, centr\u00e1ndose en realzar la belleza natural de sus pacientes. Puede obtener m\u00e1s informaci\u00f3n sobre el enfoque del Dr. Deveci y su dedicaci\u00f3n a sus pacientes <a href=\"https:\/\/dromerfaruk.com\/es\/\" target=\"_new\">aqu\u00ed<\/a>.<\/p>\n<h2>El procedimiento de la otoplastia<\/h2>\n<p>El procedimiento de otoplastia comienza con una consulta exhaustiva, durante la cual el Dr. Deveci discutir\u00e1 sus objetivos, evaluar\u00e1 la estructura de su oreja, y desarrollar\u00e1 un plan quir\u00fargico personalizado. Este plan tendr\u00e1 en cuenta factores como la forma y el tama\u00f1o de sus orejas y sus objetivos est\u00e9ticos espec\u00edficos.<\/p>\n<p>Durante la intervenci\u00f3n, el Dr. Deveci realiza incisiones en los pliegues de las orejas o detr\u00e1s de ellas. A continuaci\u00f3n, se remodela el cart\u00edlago y se elimina el exceso de piel para crear un aspecto m\u00e1s equilibrado. La intervenci\u00f3n se realiza con anestesia local con sedaci\u00f3n o anestesia general y suele durar entre una y dos horas.<\/p>\n<p>El Dr. Deveci utiliza t\u00e9cnicas quir\u00fargicas avanzadas para minimizar las cicatrices y garantizar los resultados m\u00e1s naturales. Est\u00e1 comprometido con la seguridad del paciente y se adhiere a los m\u00e1s altos est\u00e1ndares de atenci\u00f3n quir\u00fargica.<\/p>\n<h2>Coste de la otoplastia en Estambul 2023<\/h2>\n<p>El coste de una otoplastia puede variar en funci\u00f3n de diversos factores, como los objetivos espec\u00edficos del paciente y el alcance de la intervenci\u00f3n. Durante su consulta, el Dr. Deveci le proporcionar\u00e1 un presupuesto detallado basado en su plan quir\u00fargico personalizado. A pesar de las variaciones en el coste, el Dr. Deveci se compromete a proporcionar una atenci\u00f3n de alta calidad que sea accesible y asequible. Si desea m\u00e1s informaci\u00f3n sobre el coste de una otoplastia, <a href=\"https:\/\/dromerfaruk.com\/es\/?page_id=2605\" target=\"_new\">p\u00f3ngase en contacto con nosotros<\/a>.<\/p>\n<h2>Recuperaci\u00f3n de la otoplastia<\/h2>\n<p>La recuperaci\u00f3n de una otoplastia implica un periodo de reposo y actividad f\u00edsica limitada. Los pacientes pueden experimentar cierta hinchaz\u00f3n y molestias, que suelen remitir en una o dos semanas. La mayor\u00eda de los pacientes pueden reanudar sus actividades normales en una semana, aunque la cicatrizaci\u00f3n continuar\u00e1 durante varias semanas a medida que disminuya la inflamaci\u00f3n y cicatricen las incisiones.<\/p>\n<p>El Dr. Deveci proporciona instrucciones detalladas de cuidados postoperatorios y est\u00e1 disponible para responder a cualquier pregunta o duda durante el proceso de recuperaci\u00f3n. Se dedica a garantizar que cada paciente tenga una recuperaci\u00f3n c\u00f3moda y sin problemas.<\/p>\n<h2>Concertar una consulta<\/h2>\n<p>Si usted est\u00e1 considerando una otoplastia en Estambul, programe una consulta con el Dr. Deveci. Podr\u00e1 explicarle detalladamente la intervenci\u00f3n, responder a sus preguntas y ayudarle a decidir si una otoplastia es la opci\u00f3n adecuada para usted. Para nuestros pacientes internacionales, tenemos una p\u00e1gina dedicada a ayudarle en su viaje <a href=\"https:\/\/dromerfaruk.com\/es\/?page_id=2637\" target=\"_new\">hasta aqu\u00ed<\/a>.<\/p>\n<p>Una otoplastia puede realzar su belleza natural y aumentar su confianza en s\u00ed mismo. Conf\u00ede en la experiencia y el cuidado compasivo del Dr. \u00d6mer Faruk Deveci para su viaje hacia una mayor belleza y confianza en s\u00ed mismo.<\/p>\n<\/div>\n<\/div>\n\t\t\t\t\t\t<\/div>\n\t\t\t\t<\/div>\n\t\t\t\t\t<\/div>\n\t\t<\/div>\n\t\t\t\t\t<\/div>\n\t\t<\/section>\n\t\t\t\t<\/div>\n\t\t","protected":false},"excerpt":{"rendered":"<p>Gu\u00eda completa de la otoplastia en Estambul con el Dr. \u00d6mer Faruk Deveci La otoplastia, tambi\u00e9n conocida como cirug\u00eda de orejas, es un procedimiento que puede mejorar la forma, posici\u00f3n o proporci\u00f3n de la oreja. Puede corregir un defecto en la estructura de la oreja presente al nacer o tratar orejas deformes causadas por lesiones. [&hellip;]<\/p>\n","protected":false},"author":1,"featured_media":0,"parent":0,"menu_order":0,"comment_status":"closed","ping_status":"closed","template":"","meta":{"_coblocks_attr":"","_coblocks_dimensions":"","_coblocks_responsive_height":"","_coblocks_accordion_ie_support":"","site-sidebar-layout":"no-sidebar","site-content-layout":"page-builder","ast-site-content-layout":"default","site-content-style":"default","site-sidebar-style":"default","ast-global-header-display":"","ast-banner-title-visibility":"","ast-main-header-display":"","ast-hfb-above-header-display":"","ast-hfb-below-header-display":"","ast-hfb-mobile-header-display":"","site-post-title":"disabled","ast-breadcrumbs-content":"","ast-featured-img":"disabled","footer-sml-layout":"","ast-disable-related-posts":"","theme-transparent-header-meta":"","adv-header-id-meta":"","stick-header-meta":"","header-above-stick-meta":"","header-main-stick-meta":"","header-below-stick-meta":"","astra-migrate-meta-layouts":"default","ast-page-background-enabled":"default","ast-page-background-meta":{"desktop":{"background-color":"var(--ast-global-color-4)","background-image":"","background-repeat":"repeat","background-position":"center center","background-size":"auto","background-attachment":"scroll","background-type":"","background-media":"","overlay-type":"","overlay-color":"","overlay-opacity":"","overlay-gradient":""},"tablet":{"background-color":"","background-image":"","background-repeat":"repeat","background-position":"center center","background-size":"auto","background-attachment":"scroll","background-type":"","background-media":"","overlay-type":"","overlay-color":"","overlay-opacity":"","overlay-gradient":""},"mobile":{"background-color":"","background-image":"","background-repeat":"repeat","background-position":"center center","background-size":"auto","background-attachment":"scroll","background-type":"","background-media":"","overlay-type":"","overlay-color":"","overlay-opacity":"","overlay-gradient":""}},"ast-content-background-meta":{"desktop":{"background-color":"var(--ast-global-color-5)","background-image":"","background-repeat":"repeat","background-position":"center center","background-size":"auto","background-attachment":"scroll","background-type":"","background-media":"","overlay-type":"","overlay-color":"","overlay-opacity":"","overlay-gradient":""},"tablet":{"background-color":"var(--ast-global-color-5)","background-image":"","background-repeat":"repeat","background-position":"center center","background-size":"auto","background-attachment":"scroll","background-type":"","background-media":"","overlay-type":"","overlay-color":"","overlay-opacity":"","overlay-gradient":""},"mobile":{"background-color":"var(--ast-global-color-5)","background-image":"","background-repeat":"repeat","background-position":"center center","background-size":"auto","background-attachment":"scroll","background-type":"","background-media":"","overlay-type":"","overlay-color":"","overlay-opacity":"","overlay-gradient":""}},"footnotes":""},"class_list":["post-2698","page","type-page","status-publish","hentry"],"_links":{"self":[{"href":"https:\/\/dromerfaruk.com\/es\/wp-json\/wp\/v2\/pages\/2698","targetHints":{"allow":["GET"]}}],"collection":[{"href":"https:\/\/dromerfaruk.com\/es\/wp-json\/wp\/v2\/pages"}],"about":[{"href":"https:\/\/dromerfaruk.com\/es\/wp-json\/wp\/v2\/types\/page"}],"author":[{"embeddable":true,"href":"https:\/\/dromerfaruk.com\/es\/wp-json\/wp\/v2\/users\/1"}],"replies":[{"embeddable":true,"href":"https:\/\/dromerfaruk.com\/es\/wp-json\/wp\/v2\/comments?post=2698"}],"version-history":[{"count":0,"href":"https:\/\/dromerfaruk.com\/es\/wp-json\/wp\/v2\/pages\/2698\/revisions"}],"wp:attachment":[{"href":"https:\/\/dromerfaruk.com\/es\/wp-json\/wp\/v2\/media?parent=2698"}],"curies":[{"name":"wp","href":"https:\/\/api.w.org\/{rel}","templated":true}]}}