{"id":2677,"date":"2023-07-28T18:44:45","date_gmt":"2023-07-28T18:44:45","guid":{"rendered":"https:\/\/dromerfaruk.com\/cambio-de-imagen-para-mamas\/"},"modified":"2023-08-09T16:49:35","modified_gmt":"2023-08-09T16:49:35","slug":"cambio-de-imagen-para-mamas","status":"publish","type":"page","link":"https:\/\/dromerfaruk.com\/es\/cambio-de-imagen-para-mamas\/","title":{"rendered":"Cambio de imagen para mam\u00e1s"},"content":{"rendered":"\t\t<div data-elementor-type=\"wp-page\" data-elementor-id=\"2677\" class=\"elementor elementor-2677 elementor-2087\">\n\t\t\t\t\t\t<section class=\"elementor-section elementor-top-section elementor-element elementor-element-c9a1cbb elementor-section-boxed elementor-section-height-default elementor-section-height-default\" data-id=\"c9a1cbb\" data-element_type=\"section\" data-settings=\"{&quot;background_background&quot;:&quot;classic&quot;}\">\n\t\t\t\t\t\t<div class=\"elementor-container elementor-column-gap-default\">\n\t\t\t\t\t<div class=\"elementor-column elementor-col-100 elementor-top-column elementor-element elementor-element-f9904d1\" data-id=\"f9904d1\" data-element_type=\"column\">\n\t\t\t<div class=\"elementor-widget-wrap elementor-element-populated\">\n\t\t\t\t\t\t<div class=\"elementor-element elementor-element-c4fba75 elementor-widget elementor-widget-text-editor\" data-id=\"c4fba75\" data-element_type=\"widget\" data-widget_type=\"text-editor.default\">\n\t\t\t\t<div class=\"elementor-widget-container\">\n\t\t\t\t\t\t\t<div class=\"min-h-[20px] flex items-start overflow-x-auto whitespace-pre-wrap break-words flex-col gap-4\">\n<div class=\"markdown prose w-full break-words dark:prose-invert light\">\n<h1>Gu\u00eda completa de Mommy Makeover en Estambul con el Dr. \u00d6mer Faruk Deveci<\/h1>\n<p>Un cambio de imagen para mam\u00e1s es una combinaci\u00f3n especializada de procedimientos de contorno corporal que se realizan conjuntamente para mejorar los cambios f\u00edsicos que persisten tras el embarazo. Suele incluir abdominoplastia, cirug\u00eda mamaria -como aumento, elevaci\u00f3n o reducci\u00f3n- y liposucci\u00f3n. Si est\u00e1 pensando en someterse a un cambio de imagen para mam\u00e1s en Estambul, el Dr. \u00d6mer Faruk Deveci, un cirujano pl\u00e1stico experimentado y dedicado, est\u00e1 aqu\u00ed para guiarle durante el proceso.<\/p>\n<h2>Comprender el cambio de imagen para mam\u00e1s<\/h2>\n<p>Un cambio de imagen para mam\u00e1s est\u00e1 dise\u00f1ado para abordar los cambios f\u00edsicos habituales que pueden producirse tras el embarazo y la lactancia. Estos cambios pueden incluir senos ca\u00eddos, piel fl\u00e1cida y dep\u00f3sitos de grasa rebelde. Los procedimientos espec\u00edficos de un cambio de imagen para mam\u00e1s pueden personalizarse para satisfacer las necesidades y objetivos \u00fanicos de cada paciente. A continuaci\u00f3n se describen los distintos tipos de intervenciones que pueden incluirse en un cambio de imagen para mam\u00e1s:<\/p>\n<ul>\n<li>\n<p><strong>Abdominoplastia<\/strong>: Tambi\u00e9n conocida como abdominoplastia, esta intervenci\u00f3n elimina el exceso de piel y grasa del abdomen y tensa los m\u00fasculos subyacentes. Esto puede ayudar a recuperar un aspecto m\u00e1s firme y plano del abdomen despu\u00e9s del embarazo.<\/p>\n<\/li>\n<li>\n<p><strong>Cirug\u00eda mam<\/strong>aria: Esto puede incluir un levantamiento de senos, aumento o reducci\u00f3n, dependiendo de las necesidades y objetivos espec\u00edficos del paciente. Estos procedimientos pueden restaurar el volumen de los senos, levantar los senos ca\u00eddos y\/o reducir el tama\u00f1o de los senos demasiado grandes.<\/p>\n<\/li>\n<li>\n<p><strong>Liposucci\u00f3n<\/strong>: Este procedimiento puede eliminar los dep\u00f3sitos de grasa rebelde que se resisten a la dieta y el ejercicio. Puede utilizarse para contornear diversas zonas del cuerpo, como el abdomen, las caderas, los muslos y los brazos.<\/p>\n<\/li>\n<\/ul>\n<h2>\u00bfPor qu\u00e9 elegir al Dr. Deveci para el Mommy Makeover en Estambul?<\/h2>\n<p>Elegir al cirujano adecuado para su cambio de imagen es crucial. El Dr. Deveci aporta a\u00f1os de experiencia y un profundo conocimiento de la est\u00e9tica corporal a cada intervenci\u00f3n. Da prioridad a las necesidades y deseos individuales de sus pacientes, asegur\u00e1ndose de que los resultados de la cirug\u00eda se ajustan a sus objetivos est\u00e9ticos. Su enfoque se caracteriza por un profundo respeto por la forma natural, centr\u00e1ndose en realzar la belleza natural de sus pacientes. Puede obtener m\u00e1s informaci\u00f3n sobre el enfoque del Dr. Deveci y su dedicaci\u00f3n a sus pacientes <a href=\"https:\/\/dromerfaruk.com\/es\/\" target=\"_new\">aqu\u00ed<\/a>.<\/p>\n<h2>El procedimiento de cambio de imagen para mam\u00e1s<\/h2>\n<p>El procedimiento mommy makeover comienza con una consulta exhaustiva, durante la cual el Dr. Deveci hablar\u00e1 de sus objetivos, evaluar\u00e1 su estructura corporal y desarrollar\u00e1 un plan quir\u00fargico personalizado. Este plan tendr\u00e1 en cuenta factores como la elasticidad de su piel, la cantidad de grasa sobrante y sus objetivos est\u00e9ticos espec\u00edficos.<\/p>\n<p>Durante la intervenci\u00f3n, el Dr. Deveci realiza los procedimientos elegidos, que pueden incluir una abdominoplastia, cirug\u00eda mamaria y\/o liposucci\u00f3n. La intervenci\u00f3n se realiza bajo anestesia general y puede durar varias horas, dependiendo del alcance de la cirug\u00eda. El Dr. Deveci utiliza t\u00e9cnicas y tecnolog\u00edas avanzadas para garantizar la seguridad y comodidad de sus pacientes durante todo el procedimiento.<\/p>\n<h2>Coste del cambio de imagen en Estambul 2023<\/h2>\n<p>El coste de un cambio de imagen para mam\u00e1s puede variar en funci\u00f3n de varios factores, como los objetivos espec\u00edficos de la paciente y el alcance de la intervenci\u00f3n. Durante su consulta, el Dr. Deveci le proporcionar\u00e1 un presupuesto detallado basado en su plan quir\u00fargico personalizado. A pesar de las variaciones en el coste, el Dr. Deveci se compromete a proporcionar una atenci\u00f3n de alta calidad que sea accesible y asequible. Si desea m\u00e1s informaci\u00f3n sobre el coste de un cambio de imagen para mam\u00e1s, <a href=\"https:\/\/dromerfaruk.com\/es\/?page_id=2605\" target=\"_new\">p\u00f3ngase en contacto con nosotros<\/a>.<\/p>\n<h2>Recuperaci\u00f3n tras un cambio de imagen<\/h2>\n<p>La recuperaci\u00f3n de un mommy makeover implica un periodo de reposo y actividad f\u00edsica limitada. Normalmente se aconseja a los pacientes que lleven prendas de compresi\u00f3n para minimizar la inflamaci\u00f3n y sujetar las zonas tratadas mientras cicatrizan.<\/p>\n<p>La hinchaz\u00f3n, los hematomas y las molestias son normales despu\u00e9s de un cambio de imagen, pero estos s\u00edntomas pueden tratarse con medicaci\u00f3n. La mayor\u00eda de los pacientes pueden reanudar sus actividades normales en una o dos semanas, aunque la cicatrizaci\u00f3n continuar\u00e1 durante varias semanas a medida que disminuya la inflamaci\u00f3n y el cuerpo se adapte a sus nuevos contornos.<\/p>\n<p>El Dr. Deveci proporciona instrucciones detalladas de cuidados postoperatorios y est\u00e1 disponible para responder a cualquier pregunta o duda durante el proceso de recuperaci\u00f3n. Se dedica a garantizar que cada paciente tenga una recuperaci\u00f3n c\u00f3moda y sin problemas.<\/p>\n<h2>Concertar una consulta<\/h2>\n<p>Si usted est\u00e1 considerando un cambio de imagen de mam\u00e1 en Estambul, programar una consulta con el Dr. Deveci. \u00c9l puede discutir el procedimiento con usted en detalle, responder a sus preguntas, y ayudarle a decidir si un cambio de imagen de mam\u00e1 es la opci\u00f3n correcta para usted. Para nuestros pacientes internacionales, tenemos una p\u00e1gina dedicada a ayudarle en su viaje <a href=\"https:\/\/dromerfaruk.com\/es\/?page_id=2637\" target=\"_new\">hasta aqu\u00ed<\/a>.<\/p>\n<p>Un cambio de imagen para mam\u00e1s puede realzar tu belleza natural y aumentar la confianza en ti misma. Conf\u00ede en la experiencia y el cuidado compasivo del Dr. \u00d6mer Faruk Deveci para su viaje hacia una mayor belleza y confianza en s\u00ed mismo.<\/p>\n<\/div>\n<\/div>\n\t\t\t\t\t\t<\/div>\n\t\t\t\t<\/div>\n\t\t\t\t\t<\/div>\n\t\t<\/div>\n\t\t\t\t\t<\/div>\n\t\t<\/section>\n\t\t\t\t<\/div>\n\t\t","protected":false},"excerpt":{"rendered":"<p>Gu\u00eda completa de Mommy Makeover en Estambul con el Dr. \u00d6mer Faruk Deveci Un cambio de imagen para mam\u00e1s es una combinaci\u00f3n especializada de procedimientos de contorno corporal que se realizan conjuntamente para mejorar los cambios f\u00edsicos que persisten tras el embarazo. Suele incluir abdominoplastia, cirug\u00eda mamaria -como aumento, elevaci\u00f3n o reducci\u00f3n- y liposucci\u00f3n. Si [&hellip;]<\/p>\n","protected":false},"author":1,"featured_media":0,"parent":0,"menu_order":0,"comment_status":"closed","ping_status":"closed","template":"","meta":{"_coblocks_attr":"","_coblocks_dimensions":"","_coblocks_responsive_height":"","_coblocks_accordion_ie_support":"","site-sidebar-layout":"no-sidebar","site-content-layout":"page-builder","ast-site-content-layout":"default","site-content-style":"default","site-sidebar-style":"default","ast-global-header-display":"","ast-banner-title-visibility":"","ast-main-header-display":"","ast-hfb-above-header-display":"","ast-hfb-below-header-display":"","ast-hfb-mobile-header-display":"","site-post-title":"disabled","ast-breadcrumbs-content":"","ast-featured-img":"disabled","footer-sml-layout":"","ast-disable-related-posts":"","theme-transparent-header-meta":"","adv-header-id-meta":"","stick-header-meta":"","header-above-stick-meta":"","header-main-stick-meta":"","header-below-stick-meta":"","astra-migrate-meta-layouts":"default","ast-page-background-enabled":"default","ast-page-background-meta":{"desktop":{"background-color":"var(--ast-global-color-4)","background-image":"","background-repeat":"repeat","background-position":"center center","background-size":"auto","background-attachment":"scroll","background-type":"","background-media":"","overlay-type":"","overlay-color":"","overlay-opacity":"","overlay-gradient":""},"tablet":{"background-color":"","background-image":"","background-repeat":"repeat","background-position":"center center","background-size":"auto","background-attachment":"scroll","background-type":"","background-media":"","overlay-type":"","overlay-color":"","overlay-opacity":"","overlay-gradient":""},"mobile":{"background-color":"","background-image":"","background-repeat":"repeat","background-position":"center center","background-size":"auto","background-attachment":"scroll","background-type":"","background-media":"","overlay-type":"","overlay-color":"","overlay-opacity":"","overlay-gradient":""}},"ast-content-background-meta":{"desktop":{"background-color":"var(--ast-global-color-5)","background-image":"","background-repeat":"repeat","background-position":"center center","background-size":"auto","background-attachment":"scroll","background-type":"","background-media":"","overlay-type":"","overlay-color":"","overlay-opacity":"","overlay-gradient":""},"tablet":{"background-color":"var(--ast-global-color-5)","background-image":"","background-repeat":"repeat","background-position":"center center","background-size":"auto","background-attachment":"scroll","background-type":"","background-media":"","overlay-type":"","overlay-color":"","overlay-opacity":"","overlay-gradient":""},"mobile":{"background-color":"var(--ast-global-color-5)","background-image":"","background-repeat":"repeat","background-position":"center center","background-size":"auto","background-attachment":"scroll","background-type":"","background-media":"","overlay-type":"","overlay-color":"","overlay-opacity":"","overlay-gradient":""}},"footnotes":""},"class_list":["post-2677","page","type-page","status-publish","hentry"],"_links":{"self":[{"href":"https:\/\/dromerfaruk.com\/es\/wp-json\/wp\/v2\/pages\/2677","targetHints":{"allow":["GET"]}}],"collection":[{"href":"https:\/\/dromerfaruk.com\/es\/wp-json\/wp\/v2\/pages"}],"about":[{"href":"https:\/\/dromerfaruk.com\/es\/wp-json\/wp\/v2\/types\/page"}],"author":[{"embeddable":true,"href":"https:\/\/dromerfaruk.com\/es\/wp-json\/wp\/v2\/users\/1"}],"replies":[{"embeddable":true,"href":"https:\/\/dromerfaruk.com\/es\/wp-json\/wp\/v2\/comments?post=2677"}],"version-history":[{"count":0,"href":"https:\/\/dromerfaruk.com\/es\/wp-json\/wp\/v2\/pages\/2677\/revisions"}],"wp:attachment":[{"href":"https:\/\/dromerfaruk.com\/es\/wp-json\/wp\/v2\/media?parent=2677"}],"curies":[{"name":"wp","href":"https:\/\/api.w.org\/{rel}","templated":true}]}}