{"id":2674,"date":"2023-07-28T18:39:40","date_gmt":"2023-07-28T18:39:40","guid":{"rendered":"https:\/\/dromerfaruk.com\/operaciones-de-mama\/"},"modified":"2023-08-09T16:49:34","modified_gmt":"2023-08-09T16:49:34","slug":"operaciones-de-mama","status":"publish","type":"page","link":"https:\/\/dromerfaruk.com\/es\/operaciones-de-mama\/","title":{"rendered":"Operaciones de mama"},"content":{"rendered":"\t\t<div data-elementor-type=\"wp-page\" data-elementor-id=\"2674\" class=\"elementor elementor-2674 elementor-2081\">\n\t\t\t\t\t\t<section class=\"elementor-section elementor-top-section elementor-element elementor-element-809482b elementor-section-boxed elementor-section-height-default elementor-section-height-default\" data-id=\"809482b\" data-element_type=\"section\" data-settings=\"{&quot;background_background&quot;:&quot;classic&quot;}\">\n\t\t\t\t\t\t<div class=\"elementor-container elementor-column-gap-default\">\n\t\t\t\t\t<div class=\"elementor-column elementor-col-100 elementor-top-column elementor-element elementor-element-841205c\" data-id=\"841205c\" data-element_type=\"column\">\n\t\t\t<div class=\"elementor-widget-wrap elementor-element-populated\">\n\t\t\t\t\t\t<div class=\"elementor-element elementor-element-5bbe1ee elementor-widget elementor-widget-text-editor\" data-id=\"5bbe1ee\" data-element_type=\"widget\" data-widget_type=\"text-editor.default\">\n\t\t\t\t<div class=\"elementor-widget-container\">\n\t\t\t\t\t\t\t<div class=\"flex flex-grow flex-col gap-3\">\n<div class=\"min-h-[20px] flex items-start overflow-x-auto whitespace-pre-wrap break-words flex-col gap-4\">\n<div class=\"markdown prose w-full break-words dark:prose-invert light\">\n<h1>Gu\u00eda completa de operaciones de mama en Estambul con el Dr. \u00d6mer Faruk Deveci<\/h1>\n<p>Las operaciones de pecho, incluidos el aumento, la reducci\u00f3n, el lifting y la reconstrucci\u00f3n, son algunas de las intervenciones est\u00e9ticas m\u00e1s frecuentes en todo el mundo. Estas intervenciones pueden aumentar el tama\u00f1o y la forma de los senos, mejorar las proporciones corporales y aumentar la confianza en uno mismo. Si est\u00e1 pensando en someterse a una operaci\u00f3n de mamas en Estambul, el Dr. \u00d6mer Faruk Deveci, cirujano pl\u00e1stico experimentado y dedicado, est\u00e1 aqu\u00ed para guiarle a lo largo del proceso.<\/p>\n<h2>Comprender las operaciones mamarias<\/h2>\n<p>Las operaciones de mama pueden abordar una variedad de problemas y pueden personalizarse para satisfacer las necesidades y objetivos \u00fanicos de cada paciente. A continuaci\u00f3n se describen los distintos tipos de operaciones de mama:<\/p>\n<ul>\n<li>\n<p><strong>Aumento mamario<\/strong>: Este procedimiento est\u00e1 dise\u00f1ado para aumentar el tama\u00f1o y mejorar la forma de los senos utilizando implantes o transferencia de grasa. Es una opci\u00f3n popular para quienes desean realzar su figura o recuperar el volumen mamario perdido debido a la p\u00e9rdida de peso o al embarazo. El procedimiento consiste en realizar una incisi\u00f3n e insertar un implante o transferir grasa a la zona mamaria. A continuaci\u00f3n, se cierra la incisi\u00f3n con suturas. Los implantes se pueden rellenar con soluci\u00f3n salina o silicona, y el Dr. Deveci discutir\u00e1 los pros y los contras de cada opci\u00f3n durante su consulta.<\/p>\n<\/li>\n<li>\n<p><strong>Reducci\u00f3n mamaria<\/strong>: Este procedimiento reduce el tama\u00f1o de los senos grandes y pesados. Puede aliviar las molestias asociadas a unos senos demasiado grandes y crear un perfil corporal m\u00e1s equilibrado. Durante una reducci\u00f3n mamaria, se elimina el exceso de tejido mamario, grasa y piel. El pez\u00f3n y la areola tambi\u00e9n pueden reposicionarse o redimensionarse para crear un aspecto m\u00e1s proporcionado. Este procedimiento puede mejorar significativamente la calidad de vida de las mujeres con mamas demasiado grandes, reduciendo las molestias f\u00edsicas y aumentando la gama de opciones de ropa.<\/p>\n<\/li>\n<li>\n<p><strong>Elevaci\u00f3n<\/strong> de mamas: Tambi\u00e9n conocido como mastopexia, este procedimiento eleva y reafirma los senos eliminando el exceso de piel y tensando el tejido circundante para remodelar y sostener el nuevo contorno mamario. La elevaci\u00f3n de mamas puede realizarse sola o junto con un aumento o reducci\u00f3n de mamas para conseguir la forma y el tama\u00f1o deseados. Este procedimiento es especialmente beneficioso para las mujeres que han experimentado flacidez o p\u00e9rdida de volumen debido al envejecimiento, el embarazo o las fluctuaciones de peso.<\/p>\n<\/li>\n<li>\n<p><strong>Reconstrucci\u00f3n mamaria<\/strong>: Este procedimiento se realiza t\u00edpicamente para restaurar uno o ambos senos a una forma, apariencia, simetr\u00eda y tama\u00f1o casi normales despu\u00e9s de una mastectom\u00eda, tumorectom\u00eda u otros traumas. A menudo implica varios procedimientos realizados por etapas y puede comenzar en el momento de la mastectom\u00eda o retrasarse hasta una fecha posterior. El proceso de reconstrucci\u00f3n puede implicar el uso de implantes o tejido aut\u00f3logo (tejido procedente de otra parte del cuerpo de la paciente) para recrear el mont\u00edculo mamario.<\/p>\n<\/li>\n<\/ul>\n<h2>Por qu\u00e9 elegir al Dr. Deveci para operaciones de pecho en Estambul<\/h2>\n<p>La elecci\u00f3n del cirujano adecuado para su operaci\u00f3n de pecho es crucial. El Dr. Deveci aporta a\u00f1os de experiencia y un profundo conocimiento de la est\u00e9tica corporal a cada intervenci\u00f3n. Da prioridad a las necesidades y deseos individuales de sus pacientes, asegur\u00e1ndose de que los resultados de la cirug\u00eda se ajustan a sus objetivos est\u00e9ticos. Su enfoque se caracteriza por un profundo respeto por la forma natural, centr\u00e1ndose en realzar la belleza natural de sus pacientes. Puede obtener m\u00e1s informaci\u00f3n sobre el enfoque del Dr. Deveci y su dedicaci\u00f3n a sus pacientes <a href=\"https:\/\/dromerfaruk.com\/es\/\" target=\"_new\">aqu\u00ed<\/a>.<\/p>\n<h2>El procedimiento de las operaciones de mama<\/h2>\n<p>El procedimiento de las operaciones de mama comienza con una consulta exhaustiva, durante la cual el Dr. Deveci discutir\u00e1 sus objetivos, evaluar\u00e1 su estructura mamaria y desarrollar\u00e1 un plan quir\u00fargico personalizado. Este plan tendr\u00e1 en cuenta factores como la elasticidad de su piel, la cantidad de tejido mamario y sus objetivos est\u00e9ticos espec\u00edficos.<\/p>\n<p>Durante la intervenci\u00f3n, el Dr. Deveci realiza incisiones en las mamas. La t\u00e9cnica espec\u00edfica utilizada depender\u00e1 del tipo de operaci\u00f3n que se realice. La intervenci\u00f3n se realiza bajo anestesia general y puede durar varias horas, dependiendo del alcance de la cirug\u00eda. El Dr. Deveci utiliza t\u00e9cnicas y tecnolog\u00edas avanzadas para garantizar la seguridad y comodidad de sus pacientes durante todo el procedimiento.<\/p>\n<h2>Coste de las operaciones de pecho en Estambul 2023<\/h2>\n<p>El coste de las operaciones mamarias puede variar en funci\u00f3n de diversos factores, como los objetivos espec\u00edficos de la paciente y el alcance de la intervenci\u00f3n. Durante su consulta, el Dr. Deveci le proporcionar\u00e1 un presupuesto detallado basado en su plan quir\u00fargico personalizado. A pesar de las variaciones en el coste, el Dr. Deveci se compromete a proporcionar una atenci\u00f3n de alta calidad que sea accesible y asequible. Si desea m\u00e1s informaci\u00f3n sobre el coste de las operaciones de mama, <a href=\"https:\/\/dromerfaruk.com\/es\/?page_id=2605\" target=\"_new\">p\u00f3ngase en contacto con nosotros<\/a>.<\/p>\n<h2>Recuperaci\u00f3n de las operaciones de mama<\/h2>\n<p>La recuperaci\u00f3n de las operaciones de mama implica un periodo de reposo y actividad f\u00edsica limitada. Normalmente se aconseja a las pacientes que lleven un sujetador de soporte o una venda el\u00e1stica para minimizar la inflamaci\u00f3n y sujetar los senos mientras cicatrizan.<\/p>\n<p>La hinchaz\u00f3n, los hematomas y las molestias son normales tras una operaci\u00f3n de pecho, pero estos s\u00edntomas pueden tratarse con medicaci\u00f3n. La mayor\u00eda de las pacientes pueden reanudar sus actividades normales en una o dos semanas, aunque la cicatrizaci\u00f3n continuar\u00e1 durante varias semanas a medida que disminuye la inflamaci\u00f3n y los senos se adaptan a su nueva forma.<\/p>\n<p>El Dr. Deveci proporciona instrucciones detalladas de cuidados postoperatorios y est\u00e1 disponible para responder a cualquier pregunta o duda durante el proceso de recuperaci\u00f3n. Se dedica a garantizar que cada paciente tenga una recuperaci\u00f3n c\u00f3moda y sin problemas.<\/p>\n<h2>Concertar una consulta<\/h2>\n<p>Si est\u00e1 considerando operarse los senos en Estambul, programe una consulta con el Dr. Deveci. Le explicar\u00e1 en detalle la intervenci\u00f3n, responder\u00e1 a sus preguntas y le ayudar\u00e1 a decidir si la operaci\u00f3n de mamas es la mejor opci\u00f3n para usted. Para nuestros pacientes internacionales, tenemos una p\u00e1gina dedicada a ayudarle en su viaje <a href=\"https:\/\/dromerfaruk.com\/es\/?page_id=2637\" target=\"_new\">hasta aqu\u00ed<\/a>.<\/p>\n<p>Las operaciones de pecho pueden realzar su belleza natural y aumentar su confianza en s\u00ed misma. Conf\u00ede en la experiencia y el cuidado compasivo del Dr. \u00d6mer Faruk Deveci para su viaje hacia una mayor belleza y confianza en s\u00ed mismo.<\/p>\n<\/div>\n<\/div>\n<\/div>\n\t\t\t\t\t\t<\/div>\n\t\t\t\t<\/div>\n\t\t\t\t\t<\/div>\n\t\t<\/div>\n\t\t\t\t\t<\/div>\n\t\t<\/section>\n\t\t\t\t<\/div>\n\t\t","protected":false},"excerpt":{"rendered":"<p>Gu\u00eda completa de operaciones de mama en Estambul con el Dr. \u00d6mer Faruk Deveci Las operaciones de pecho, incluidos el aumento, la reducci\u00f3n, el lifting y la reconstrucci\u00f3n, son algunas de las intervenciones est\u00e9ticas m\u00e1s frecuentes en todo el mundo. Estas intervenciones pueden aumentar el tama\u00f1o y la forma de los senos, mejorar las proporciones [&hellip;]<\/p>\n","protected":false},"author":1,"featured_media":0,"parent":0,"menu_order":0,"comment_status":"closed","ping_status":"closed","template":"","meta":{"_coblocks_attr":"","_coblocks_dimensions":"","_coblocks_responsive_height":"","_coblocks_accordion_ie_support":"","site-sidebar-layout":"no-sidebar","site-content-layout":"page-builder","ast-site-content-layout":"default","site-content-style":"default","site-sidebar-style":"default","ast-global-header-display":"","ast-banner-title-visibility":"","ast-main-header-display":"","ast-hfb-above-header-display":"","ast-hfb-below-header-display":"","ast-hfb-mobile-header-display":"","site-post-title":"disabled","ast-breadcrumbs-content":"","ast-featured-img":"disabled","footer-sml-layout":"","ast-disable-related-posts":"","theme-transparent-header-meta":"","adv-header-id-meta":"","stick-header-meta":"","header-above-stick-meta":"","header-main-stick-meta":"","header-below-stick-meta":"","astra-migrate-meta-layouts":"default","ast-page-background-enabled":"default","ast-page-background-meta":{"desktop":{"background-color":"var(--ast-global-color-4)","background-image":"","background-repeat":"repeat","background-position":"center center","background-size":"auto","background-attachment":"scroll","background-type":"","background-media":"","overlay-type":"","overlay-color":"","overlay-opacity":"","overlay-gradient":""},"tablet":{"background-color":"","background-image":"","background-repeat":"repeat","background-position":"center center","background-size":"auto","background-attachment":"scroll","background-type":"","background-media":"","overlay-type":"","overlay-color":"","overlay-opacity":"","overlay-gradient":""},"mobile":{"background-color":"","background-image":"","background-repeat":"repeat","background-position":"center center","background-size":"auto","background-attachment":"scroll","background-type":"","background-media":"","overlay-type":"","overlay-color":"","overlay-opacity":"","overlay-gradient":""}},"ast-content-background-meta":{"desktop":{"background-color":"var(--ast-global-color-5)","background-image":"","background-repeat":"repeat","background-position":"center center","background-size":"auto","background-attachment":"scroll","background-type":"","background-media":"","overlay-type":"","overlay-color":"","overlay-opacity":"","overlay-gradient":""},"tablet":{"background-color":"var(--ast-global-color-5)","background-image":"","background-repeat":"repeat","background-position":"center center","background-size":"auto","background-attachment":"scroll","background-type":"","background-media":"","overlay-type":"","overlay-color":"","overlay-opacity":"","overlay-gradient":""},"mobile":{"background-color":"var(--ast-global-color-5)","background-image":"","background-repeat":"repeat","background-position":"center center","background-size":"auto","background-attachment":"scroll","background-type":"","background-media":"","overlay-type":"","overlay-color":"","overlay-opacity":"","overlay-gradient":""}},"footnotes":""},"class_list":["post-2674","page","type-page","status-publish","hentry"],"_links":{"self":[{"href":"https:\/\/dromerfaruk.com\/es\/wp-json\/wp\/v2\/pages\/2674","targetHints":{"allow":["GET"]}}],"collection":[{"href":"https:\/\/dromerfaruk.com\/es\/wp-json\/wp\/v2\/pages"}],"about":[{"href":"https:\/\/dromerfaruk.com\/es\/wp-json\/wp\/v2\/types\/page"}],"author":[{"embeddable":true,"href":"https:\/\/dromerfaruk.com\/es\/wp-json\/wp\/v2\/users\/1"}],"replies":[{"embeddable":true,"href":"https:\/\/dromerfaruk.com\/es\/wp-json\/wp\/v2\/comments?post=2674"}],"version-history":[{"count":0,"href":"https:\/\/dromerfaruk.com\/es\/wp-json\/wp\/v2\/pages\/2674\/revisions"}],"wp:attachment":[{"href":"https:\/\/dromerfaruk.com\/es\/wp-json\/wp\/v2\/media?parent=2674"}],"curies":[{"name":"wp","href":"https:\/\/api.w.org\/{rel}","templated":true}]}}