{"id":2668,"date":"2023-07-28T18:36:28","date_gmt":"2023-07-28T18:36:28","guid":{"rendered":"https:\/\/dromerfaruk.com\/elevacion-de-brazos\/"},"modified":"2023-08-09T16:49:32","modified_gmt":"2023-08-09T16:49:32","slug":"elevacion-de-brazos","status":"publish","type":"page","link":"https:\/\/dromerfaruk.com\/es\/elevacion-de-brazos\/","title":{"rendered":"Elevaci\u00f3n de brazos"},"content":{"rendered":"\t\t<div data-elementor-type=\"wp-page\" data-elementor-id=\"2668\" class=\"elementor elementor-2668 elementor-2075\">\n\t\t\t\t\t\t<section class=\"elementor-section elementor-top-section elementor-element elementor-element-a49cda9 elementor-section-boxed elementor-section-height-default elementor-section-height-default\" data-id=\"a49cda9\" data-element_type=\"section\" data-settings=\"{&quot;background_background&quot;:&quot;classic&quot;}\">\n\t\t\t\t\t\t<div class=\"elementor-container elementor-column-gap-default\">\n\t\t\t\t\t<div class=\"elementor-column elementor-col-100 elementor-top-column elementor-element elementor-element-bc5d4a3\" data-id=\"bc5d4a3\" data-element_type=\"column\">\n\t\t\t<div class=\"elementor-widget-wrap elementor-element-populated\">\n\t\t\t\t\t\t<div class=\"elementor-element elementor-element-6fd3dc3 elementor-widget elementor-widget-text-editor\" data-id=\"6fd3dc3\" data-element_type=\"widget\" data-widget_type=\"text-editor.default\">\n\t\t\t\t<div class=\"elementor-widget-container\">\n\t\t\t\t\t\t\t<div class=\"min-h-[20px] flex items-start overflow-x-auto whitespace-pre-wrap break-words flex-col gap-4\">\n<div class=\"markdown prose w-full break-words dark:prose-invert light\">\n<h1>Lifting de brazos en Estambul con el Dr. \u00d6mer Faruk Deveci<\/h1>\n<p>El lifting de brazos, o braquioplastia, es una intervenci\u00f3n quir\u00fargica que remodela la parte inferior del brazo, desde la axila hasta el codo. El procedimiento est\u00e1 dise\u00f1ado para corregir la flacidez de la piel y reducir el aspecto de \u00abalas de murci\u00e9lago\u00bb que puede desarrollarse debido al envejecimiento, las fluctuaciones de peso o factores hereditarios. Si usted est\u00e1 considerando un lifting de brazos en Estambul, el Dr. \u00d6mer Faruk Deveci, un cirujano pl\u00e1stico experimentado y dedicado, est\u00e1 aqu\u00ed para guiarle a trav\u00e9s del proceso.<\/p>\n<h2>Comprender el lifting de brazos<\/h2>\n<p>El lifting de brazos est\u00e1 dise\u00f1ado para tratar la flacidez de la piel y el exceso de grasa en la parte superior de los brazos. La intervenci\u00f3n consiste en realizar una incisi\u00f3n en la cara interna o posterior del brazo, eliminar el exceso de piel y grasa y tensar el tejido de sost\u00e9n subyacente. El resultado es un aspecto m\u00e1s tonificado y proporcionado.<\/p>\n<p>El procedimiento de lifting de brazos puede personalizarse para satisfacer las necesidades y objetivos \u00fanicos de cada paciente. Puede realizarse solo o junto con otros procedimientos, como una liposucci\u00f3n o un lifting corporal, para mejorar el rejuvenecimiento general del cuerpo.<\/p>\n<h2>\u00bfPor qu\u00e9 elegir al Dr. Deveci para el lifting de brazos en Estambul?<\/h2>\n<p>La elecci\u00f3n del cirujano adecuado para su lifting de brazos es crucial. El Dr. Deveci aporta a\u00f1os de experiencia y un profundo conocimiento de la est\u00e9tica corporal a cada intervenci\u00f3n. Da prioridad a las necesidades y deseos individuales de sus pacientes, asegur\u00e1ndose de que los resultados de la cirug\u00eda se ajustan a sus objetivos est\u00e9ticos. Su enfoque se caracteriza por un profundo respeto por la forma natural, centr\u00e1ndose en realzar la belleza natural de sus pacientes. Puede obtener m\u00e1s informaci\u00f3n sobre el enfoque del Dr. Deveci y su dedicaci\u00f3n a sus pacientes <a href=\"https:\/\/dromerfaruk.com\/es\/\" target=\"_new\">aqu\u00ed<\/a>.<\/p>\n<h2>Procedimiento de lifting de brazos<\/h2>\n<p>El procedimiento de lifting de brazos comienza con una consulta exhaustiva, durante la cual el Dr. Deveci discutir\u00e1 sus objetivos, evaluar\u00e1 la estructura de sus brazos y desarrollar\u00e1 un plan quir\u00fargico personalizado. Este plan tendr\u00e1 en cuenta factores como la elasticidad de su piel, la cantidad de grasa sobrante y sus objetivos est\u00e9ticos espec\u00edficos.<\/p>\n<p>Durante la intervenci\u00f3n, el Dr. Deveci realiza una incisi\u00f3n a lo largo de la cara interna o posterior del brazo. A trav\u00e9s de esta incisi\u00f3n, se elimina el exceso de piel y grasa, y se tensa y remodela el tejido subyacente. La intervenci\u00f3n se realiza bajo anestesia general y puede durar varias horas, dependiendo del alcance de la cirug\u00eda. El Dr. Deveci utiliza t\u00e9cnicas y tecnolog\u00edas avanzadas para garantizar la seguridad y comodidad de sus pacientes durante todo el procedimiento.<\/p>\n<h2>Coste del lifting de brazos en Estambul 2023<\/h2>\n<p>El coste de un lifting de brazos puede variar en funci\u00f3n de una serie de factores, incluidos los objetivos espec\u00edficos del paciente y el alcance de la intervenci\u00f3n. Durante su consulta, el Dr. Deveci le proporcionar\u00e1 un presupuesto detallado basado en su plan quir\u00fargico personalizado. A pesar de las variaciones en el coste, el Dr. Deveci se compromete a proporcionar una atenci\u00f3n de alta calidad que sea accesible y asequible. Si desea m\u00e1s informaci\u00f3n sobre el coste de un lifting de brazos, <a href=\"https:\/\/dromerfaruk.com\/es\/?page_id=2605\" target=\"_new\">p\u00f3ngase en contacto con nosotros<\/a>.<\/p>\n<h2>Recuperaci\u00f3n de un lifting de brazos<\/h2>\n<p>La recuperaci\u00f3n de un lifting de brazos implica un periodo de reposo y actividad f\u00edsica limitada. Normalmente se aconseja a los pacientes que lleven prendas de compresi\u00f3n para minimizar la inflamaci\u00f3n y sujetar las zonas tratadas mientras cicatrizan.<\/p>\n<p>La hinchaz\u00f3n, los hematomas y las molestias son normales despu\u00e9s de un lifting de brazos, pero estos s\u00edntomas pueden tratarse con medicaci\u00f3n. La mayor\u00eda de los pacientes pueden reanudar sus actividades normales en una o dos semanas, aunque la cicatrizaci\u00f3n continuar\u00e1 durante varias semanas a medida que disminuya la inflamaci\u00f3n y el cuerpo se adapte a sus nuevos contornos.<\/p>\n<p>El Dr. Deveci proporciona instrucciones detalladas de cuidados postoperatorios y est\u00e1 disponible para responder a cualquier pregunta o duda durante el proceso de recuperaci\u00f3n. Se dedica a garantizar que cada paciente tenga una recuperaci\u00f3n c\u00f3moda y sin problemas.<\/p>\n<h2>Concertar una consulta<\/h2>\n<p>Si est\u00e1 considerando un lifting de brazos en Estambul, programe una consulta con el Dr. Deveci. Podr\u00e1 explicarle en detalle la intervenci\u00f3n, responder a sus preguntas y ayudarle a decidir si el lifting de brazos es la opci\u00f3n adecuada para usted. Para nuestros pacientes internacionales, tenemos una p\u00e1gina dedicada a ayudarle en su viaje <a href=\"https:\/\/dromerfaruk.com\/es\/?page_id=2637\" target=\"_new\">hasta aqu\u00ed<\/a>.<\/p>\n<p>Un lifting de brazos puede realzar su belleza natural y aumentar su confianza en s\u00ed misma. Conf\u00ede en la experiencia y el cuidado compasivo del Dr. \u00d6mer Faruk Deveci para su viaje hacia una mayor belleza y confianza en s\u00ed mismo.<\/p>\n<\/div>\n<\/div>\n\t\t\t\t\t\t<\/div>\n\t\t\t\t<\/div>\n\t\t\t\t\t<\/div>\n\t\t<\/div>\n\t\t\t\t\t<\/div>\n\t\t<\/section>\n\t\t\t\t<\/div>\n\t\t","protected":false},"excerpt":{"rendered":"<p>Lifting de brazos en Estambul con el Dr. \u00d6mer Faruk Deveci El lifting de brazos, o braquioplastia, es una intervenci\u00f3n quir\u00fargica que remodela la parte inferior del brazo, desde la axila hasta el codo. El procedimiento est\u00e1 dise\u00f1ado para corregir la flacidez de la piel y reducir el aspecto de \u00abalas de murci\u00e9lago\u00bb que puede [&hellip;]<\/p>\n","protected":false},"author":1,"featured_media":0,"parent":0,"menu_order":0,"comment_status":"closed","ping_status":"closed","template":"","meta":{"_coblocks_attr":"","_coblocks_dimensions":"","_coblocks_responsive_height":"","_coblocks_accordion_ie_support":"","site-sidebar-layout":"no-sidebar","site-content-layout":"page-builder","ast-site-content-layout":"default","site-content-style":"default","site-sidebar-style":"default","ast-global-header-display":"","ast-banner-title-visibility":"","ast-main-header-display":"","ast-hfb-above-header-display":"","ast-hfb-below-header-display":"","ast-hfb-mobile-header-display":"","site-post-title":"disabled","ast-breadcrumbs-content":"","ast-featured-img":"disabled","footer-sml-layout":"","ast-disable-related-posts":"","theme-transparent-header-meta":"","adv-header-id-meta":"","stick-header-meta":"","header-above-stick-meta":"","header-main-stick-meta":"","header-below-stick-meta":"","astra-migrate-meta-layouts":"default","ast-page-background-enabled":"default","ast-page-background-meta":{"desktop":{"background-color":"var(--ast-global-color-4)","background-image":"","background-repeat":"repeat","background-position":"center center","background-size":"auto","background-attachment":"scroll","background-type":"","background-media":"","overlay-type":"","overlay-color":"","overlay-opacity":"","overlay-gradient":""},"tablet":{"background-color":"","background-image":"","background-repeat":"repeat","background-position":"center center","background-size":"auto","background-attachment":"scroll","background-type":"","background-media":"","overlay-type":"","overlay-color":"","overlay-opacity":"","overlay-gradient":""},"mobile":{"background-color":"","background-image":"","background-repeat":"repeat","background-position":"center center","background-size":"auto","background-attachment":"scroll","background-type":"","background-media":"","overlay-type":"","overlay-color":"","overlay-opacity":"","overlay-gradient":""}},"ast-content-background-meta":{"desktop":{"background-color":"var(--ast-global-color-5)","background-image":"","background-repeat":"repeat","background-position":"center center","background-size":"auto","background-attachment":"scroll","background-type":"","background-media":"","overlay-type":"","overlay-color":"","overlay-opacity":"","overlay-gradient":""},"tablet":{"background-color":"var(--ast-global-color-5)","background-image":"","background-repeat":"repeat","background-position":"center center","background-size":"auto","background-attachment":"scroll","background-type":"","background-media":"","overlay-type":"","overlay-color":"","overlay-opacity":"","overlay-gradient":""},"mobile":{"background-color":"var(--ast-global-color-5)","background-image":"","background-repeat":"repeat","background-position":"center center","background-size":"auto","background-attachment":"scroll","background-type":"","background-media":"","overlay-type":"","overlay-color":"","overlay-opacity":"","overlay-gradient":""}},"footnotes":""},"class_list":["post-2668","page","type-page","status-publish","hentry"],"_links":{"self":[{"href":"https:\/\/dromerfaruk.com\/es\/wp-json\/wp\/v2\/pages\/2668","targetHints":{"allow":["GET"]}}],"collection":[{"href":"https:\/\/dromerfaruk.com\/es\/wp-json\/wp\/v2\/pages"}],"about":[{"href":"https:\/\/dromerfaruk.com\/es\/wp-json\/wp\/v2\/types\/page"}],"author":[{"embeddable":true,"href":"https:\/\/dromerfaruk.com\/es\/wp-json\/wp\/v2\/users\/1"}],"replies":[{"embeddable":true,"href":"https:\/\/dromerfaruk.com\/es\/wp-json\/wp\/v2\/comments?post=2668"}],"version-history":[{"count":0,"href":"https:\/\/dromerfaruk.com\/es\/wp-json\/wp\/v2\/pages\/2668\/revisions"}],"wp:attachment":[{"href":"https:\/\/dromerfaruk.com\/es\/wp-json\/wp\/v2\/media?parent=2668"}],"curies":[{"name":"wp","href":"https:\/\/api.w.org\/{rel}","templated":true}]}}