{"id":2648,"date":"2023-07-28T18:18:51","date_gmt":"2023-07-28T18:18:51","guid":{"rendered":"https:\/\/dromerfaruk.com\/lifting-de-cuello\/"},"modified":"2023-08-09T16:49:29","modified_gmt":"2023-08-09T16:49:29","slug":"lifting-de-cuello","status":"publish","type":"page","link":"https:\/\/dromerfaruk.com\/es\/lifting-de-cuello\/","title":{"rendered":"Lifting de cuello"},"content":{"rendered":"\t\t<div data-elementor-type=\"wp-page\" data-elementor-id=\"2648\" class=\"elementor elementor-2648 elementor-2057\">\n\t\t\t\t\t\t<section class=\"elementor-section elementor-top-section elementor-element elementor-element-49f81d7 elementor-section-boxed elementor-section-height-default elementor-section-height-default\" data-id=\"49f81d7\" data-element_type=\"section\" data-settings=\"{&quot;background_background&quot;:&quot;classic&quot;}\">\n\t\t\t\t\t\t<div class=\"elementor-container elementor-column-gap-default\">\n\t\t\t\t\t<div class=\"elementor-column elementor-col-100 elementor-top-column elementor-element elementor-element-5865f03\" data-id=\"5865f03\" data-element_type=\"column\">\n\t\t\t<div class=\"elementor-widget-wrap elementor-element-populated\">\n\t\t\t\t\t\t<div class=\"elementor-element elementor-element-ca40704 elementor-widget elementor-widget-text-editor\" data-id=\"ca40704\" data-element_type=\"widget\" data-widget_type=\"text-editor.default\">\n\t\t\t\t<div class=\"elementor-widget-container\">\n\t\t\t\t\t\t\t<div class=\"flex flex-grow flex-col gap-3\">\n<div class=\"min-h-[20px] flex items-start overflow-x-auto whitespace-pre-wrap break-words flex-col gap-4\">\n<div class=\"markdown prose w-full break-words dark:prose-invert light\">\n<h1>Lifting de cuello en Estambul con el Dr. \u00d6mer Faruk Deveci<\/h1>\n<p>El lifting de cuello, o ritidectom\u00eda inferior, es una intervenci\u00f3n quir\u00fargica que mejora los signos visibles del envejecimiento en la l\u00ednea de la mand\u00edbula y el cuello. Es una opci\u00f3n popular para quienes buscan rejuvenecer su aspecto y recuperar una apariencia m\u00e1s juvenil. Si usted est\u00e1 considerando un lifting de cuello en Estambul, el Dr. \u00d6mer Faruk Deveci, un cirujano pl\u00e1stico experimentado y dedicado, est\u00e1 aqu\u00ed para guiarle a trav\u00e9s del proceso.<\/p>\n<h2>Comprender el lifting de cuello<\/h2>\n<p>El lifting de cuello est\u00e1 dise\u00f1ado para tratar los signos comunes del envejecimiento, como el exceso de grasa y la relajaci\u00f3n de la piel en la parte inferior de la cara que crea papada, el exceso de dep\u00f3sitos grasos bajo la barbilla, la piel floja del cuello o las bandas musculares en el cuello. La intervenci\u00f3n consiste en eliminar el exceso de piel, tensar los m\u00fasculos subyacentes y mejorar el contorno de la mand\u00edbula.<\/p>\n<p>El procedimiento de lifting de cuello puede personalizarse para satisfacer las necesidades y objetivos \u00fanicos de cada paciente. Puede realizarse solo o junto con otros procedimientos, como el lifting facial o la cirug\u00eda de p\u00e1rpados, para mejorar el rejuvenecimiento general del rostro.<\/p>\n<h2>Por qu\u00e9 elegir al Dr. Deveci para el Lifting de Cuello en Estambul<\/h2>\n<p>La elecci\u00f3n del cirujano adecuado para su lifting de cuello es crucial. El Dr. Deveci aporta a\u00f1os de experiencia y un profundo conocimiento de la est\u00e9tica facial a cada intervenci\u00f3n. Da prioridad a las necesidades y deseos individuales de sus pacientes, asegur\u00e1ndose de que los resultados de la cirug\u00eda se ajustan a sus objetivos est\u00e9ticos. Su enfoque se caracteriza por un profundo respeto por la forma natural, centr\u00e1ndose en realzar la belleza natural de sus pacientes. Puede obtener m\u00e1s informaci\u00f3n sobre el enfoque del Dr. Deveci y su dedicaci\u00f3n a sus pacientes <a href=\"https:\/\/dromerfaruk.com\/es\/\" target=\"_new\">aqu\u00ed<\/a>.<\/p>\n<h2>El lifting de cuello<\/h2>\n<p>El procedimiento de lifting de cuello comienza con una consulta exhaustiva, durante la cual el Dr. Deveci discutir\u00e1 sus objetivos, evaluar\u00e1 su estructura facial y desarrollar\u00e1 un plan quir\u00fargico personalizado. Este plan tendr\u00e1 en cuenta factores como su tipo de piel, el grado de envejecimiento del cuello y sus objetivos est\u00e9ticos espec\u00edficos.<\/p>\n<p>Durante la intervenci\u00f3n, dependiendo del grado de cambio que desee, podr\u00e1 elegir entre un lifting de cuello con incisi\u00f3n tradicional o un lifting de cuello con incisi\u00f3n limitada. Se puede esculpir o redistribuir la grasa de la papada y el cuello, y reposicionar el tejido subyacente. A continuaci\u00f3n, se vuelve a envolver la piel sobre los contornos elevados y se recorta el exceso de piel.<\/p>\n<p>La intervenci\u00f3n se realiza bajo anestesia general y puede durar varias horas, dependiendo del alcance de la cirug\u00eda. El Dr. Deveci utiliza t\u00e9cnicas y tecnolog\u00edas avanzadas para garantizar la seguridad y comodidad de sus pacientes durante todo el procedimiento.<\/p>\n<h2>Coste del lifting de cuello en Estambul 2023<\/h2>\n<p>El coste de un lifting de cuello puede variar en funci\u00f3n de una serie de factores, como los objetivos espec\u00edficos del paciente y el alcance de la intervenci\u00f3n. Durante su consulta, el Dr. Deveci le proporcionar\u00e1 un presupuesto detallado basado en su plan quir\u00fargico personalizado. A pesar de las variaciones en el coste, el Dr. Deveci se compromete a proporcionar una atenci\u00f3n de alta calidad que sea accesible y asequible. Si desea m\u00e1s informaci\u00f3n sobre el coste de un lifting de cuello, <a href=\"https:\/\/dromerfaruk.com\/es\/?page_id=2605\" target=\"_new\">p\u00f3ngase en contacto con nosotros<\/a>.<\/p>\n<h2>Recuperaci\u00f3n del lifting de cuello<\/h2>\n<p>La recuperaci\u00f3n de un lifting de cuello implica un periodo de reposo y actividad f\u00edsica limitada. Se suele aconsejar a los pacientes que mantengan la cabeza elevada y eviten cualquier actividad extenuante durante al menos dos semanas.<\/p>\n<p>La inflamaci\u00f3n, los hematomas y las molestias son normales despu\u00e9s de un lifting de cuello, pero estos s\u00edntomas pueden tratarse con medicaci\u00f3n. La mayor\u00eda de los pacientes pueden retomar sus actividades normales en dos o tres semanas, aunque la cicatrizaci\u00f3n continuar\u00e1 durante varias semanas a medida que disminuya la inflamaci\u00f3n y mejoren las l\u00edneas de la incisi\u00f3n.<\/p>\n<p>El Dr. Deveci proporciona instrucciones detalladas de cuidados postoperatorios y est\u00e1 disponible para responder a cualquier pregunta o duda durante el proceso de recuperaci\u00f3n.<\/p>\n<h2>Concertar una consulta<\/h2>\n<p>Si usted est\u00e1 considerando un lifting de cuello en Estambul, programe una consulta con el Dr. Deveci. \u00c9l puede discutir el procedimiento con usted en detalle, responder a sus preguntas, y ayudarle a decidir si un lifting de cuello es la opci\u00f3n correcta para usted. Para nuestros pacientes internacionales, tenemos una p\u00e1gina dedicada a ayudarle en su viaje <a href=\"https:\/\/dromerfaruk.com\/es\/?page_id=2637\" target=\"_new\">hasta aqu\u00ed<\/a>.<\/p>\n<p>Un lifting de cuello puede realzar su belleza natural y aumentar su confianza en s\u00ed misma. Conf\u00ede en la experiencia y el cuidado compasivo del Dr. \u00d6mer Faruk Deveci para su viaje hacia una mayor belleza y confianza en s\u00ed mismo.<\/p>\n<\/div>\n<\/div>\n<\/div>\n\t\t\t\t\t\t<\/div>\n\t\t\t\t<\/div>\n\t\t\t\t\t<\/div>\n\t\t<\/div>\n\t\t\t\t\t<\/div>\n\t\t<\/section>\n\t\t\t\t<\/div>\n\t\t","protected":false},"excerpt":{"rendered":"<p>Lifting de cuello en Estambul con el Dr. \u00d6mer Faruk Deveci El lifting de cuello, o ritidectom\u00eda inferior, es una intervenci\u00f3n quir\u00fargica que mejora los signos visibles del envejecimiento en la l\u00ednea de la mand\u00edbula y el cuello. Es una opci\u00f3n popular para quienes buscan rejuvenecer su aspecto y recuperar una apariencia m\u00e1s juvenil. Si [&hellip;]<\/p>\n","protected":false},"author":1,"featured_media":0,"parent":0,"menu_order":0,"comment_status":"closed","ping_status":"closed","template":"","meta":{"_coblocks_attr":"","_coblocks_dimensions":"","_coblocks_responsive_height":"","_coblocks_accordion_ie_support":"","site-sidebar-layout":"no-sidebar","site-content-layout":"page-builder","ast-site-content-layout":"default","site-content-style":"default","site-sidebar-style":"default","ast-global-header-display":"","ast-banner-title-visibility":"","ast-main-header-display":"","ast-hfb-above-header-display":"","ast-hfb-below-header-display":"","ast-hfb-mobile-header-display":"","site-post-title":"disabled","ast-breadcrumbs-content":"","ast-featured-img":"disabled","footer-sml-layout":"","ast-disable-related-posts":"","theme-transparent-header-meta":"","adv-header-id-meta":"","stick-header-meta":"","header-above-stick-meta":"","header-main-stick-meta":"","header-below-stick-meta":"","astra-migrate-meta-layouts":"default","ast-page-background-enabled":"default","ast-page-background-meta":{"desktop":{"background-color":"var(--ast-global-color-4)","background-image":"","background-repeat":"repeat","background-position":"center center","background-size":"auto","background-attachment":"scroll","background-type":"","background-media":"","overlay-type":"","overlay-color":"","overlay-opacity":"","overlay-gradient":""},"tablet":{"background-color":"","background-image":"","background-repeat":"repeat","background-position":"center center","background-size":"auto","background-attachment":"scroll","background-type":"","background-media":"","overlay-type":"","overlay-color":"","overlay-opacity":"","overlay-gradient":""},"mobile":{"background-color":"","background-image":"","background-repeat":"repeat","background-position":"center center","background-size":"auto","background-attachment":"scroll","background-type":"","background-media":"","overlay-type":"","overlay-color":"","overlay-opacity":"","overlay-gradient":""}},"ast-content-background-meta":{"desktop":{"background-color":"var(--ast-global-color-5)","background-image":"","background-repeat":"repeat","background-position":"center center","background-size":"auto","background-attachment":"scroll","background-type":"","background-media":"","overlay-type":"","overlay-color":"","overlay-opacity":"","overlay-gradient":""},"tablet":{"background-color":"var(--ast-global-color-5)","background-image":"","background-repeat":"repeat","background-position":"center center","background-size":"auto","background-attachment":"scroll","background-type":"","background-media":"","overlay-type":"","overlay-color":"","overlay-opacity":"","overlay-gradient":""},"mobile":{"background-color":"var(--ast-global-color-5)","background-image":"","background-repeat":"repeat","background-position":"center center","background-size":"auto","background-attachment":"scroll","background-type":"","background-media":"","overlay-type":"","overlay-color":"","overlay-opacity":"","overlay-gradient":""}},"footnotes":""},"class_list":["post-2648","page","type-page","status-publish","hentry"],"_links":{"self":[{"href":"https:\/\/dromerfaruk.com\/es\/wp-json\/wp\/v2\/pages\/2648","targetHints":{"allow":["GET"]}}],"collection":[{"href":"https:\/\/dromerfaruk.com\/es\/wp-json\/wp\/v2\/pages"}],"about":[{"href":"https:\/\/dromerfaruk.com\/es\/wp-json\/wp\/v2\/types\/page"}],"author":[{"embeddable":true,"href":"https:\/\/dromerfaruk.com\/es\/wp-json\/wp\/v2\/users\/1"}],"replies":[{"embeddable":true,"href":"https:\/\/dromerfaruk.com\/es\/wp-json\/wp\/v2\/comments?post=2648"}],"version-history":[{"count":0,"href":"https:\/\/dromerfaruk.com\/es\/wp-json\/wp\/v2\/pages\/2648\/revisions"}],"wp:attachment":[{"href":"https:\/\/dromerfaruk.com\/es\/wp-json\/wp\/v2\/media?parent=2648"}],"curies":[{"name":"wp","href":"https:\/\/api.w.org\/{rel}","templated":true}]}}