{"id":2642,"date":"2023-07-28T18:20:58","date_gmt":"2023-07-28T18:20:58","guid":{"rendered":"https:\/\/dromerfaruk.com\/abdominoplastia\/"},"modified":"2023-08-09T16:49:28","modified_gmt":"2023-08-09T16:49:28","slug":"abdominoplastia","status":"publish","type":"page","link":"https:\/\/dromerfaruk.com\/es\/abdominoplastia\/","title":{"rendered":"Abdominoplastia"},"content":{"rendered":"\t\t<div data-elementor-type=\"wp-page\" data-elementor-id=\"2642\" class=\"elementor elementor-2642 elementor-2063\">\n\t\t\t\t\t\t<section class=\"elementor-section elementor-top-section elementor-element elementor-element-be363a0 elementor-section-boxed elementor-section-height-default elementor-section-height-default\" data-id=\"be363a0\" data-element_type=\"section\" data-settings=\"{&quot;background_background&quot;:&quot;classic&quot;}\">\n\t\t\t\t\t\t<div class=\"elementor-container elementor-column-gap-default\">\n\t\t\t\t\t<div class=\"elementor-column elementor-col-100 elementor-top-column elementor-element elementor-element-5c509dd\" data-id=\"5c509dd\" data-element_type=\"column\">\n\t\t\t<div class=\"elementor-widget-wrap elementor-element-populated\">\n\t\t\t\t\t\t<div class=\"elementor-element elementor-element-16725b7 elementor-widget elementor-widget-text-editor\" data-id=\"16725b7\" data-element_type=\"widget\" data-widget_type=\"text-editor.default\">\n\t\t\t\t<div class=\"elementor-widget-container\">\n\t\t\t\t\t\t\t<div class=\"flex flex-grow flex-col gap-3\">\n<div class=\"min-h-[20px] flex items-start overflow-x-auto whitespace-pre-wrap break-words flex-col gap-4\">\n<div class=\"markdown prose w-full break-words dark:prose-invert light\">\n<h1>Abdominoplastia en Estambul con el Dr. \u00d6mer Faruk Deveci<\/h1>\n<p>La abdominoplastia es una intervenci\u00f3n quir\u00fargica que mejora el aspecto del abdomen eliminando el exceso de grasa y piel y restaurando los m\u00fasculos debilitados o separados. Este procedimiento es especialmente beneficioso para las personas que han sufrido una p\u00e9rdida de peso importante o un embarazo, lo que puede provocar flacidez de la piel y un vientre prominente. Si usted est\u00e1 considerando una abdominoplastia en Estambul, el Dr. \u00d6mer Faruk Deveci, un cirujano pl\u00e1stico experimentado y dedicado, est\u00e1 aqu\u00ed para guiarle a trav\u00e9s del proceso.<\/p>\n<h2>\u00bfQu\u00e9 es la abdominoplastia?<\/h2>\n<p>La abdominoplastia est\u00e1 dise\u00f1ada para tratar problemas comunes como el vientre prominente, la piel fl\u00e1cida y las estr\u00edas en el abdomen. La intervenci\u00f3n consiste en eliminar el exceso de piel y grasa, tensar los m\u00fasculos abdominales y reposicionar la piel del abdomen para crear un perfil m\u00e1s liso y firme.<\/p>\n<p>El procedimiento de abdominoplastia puede personalizarse para satisfacer las necesidades y objetivos \u00fanicos de cada paciente. Puede realizarse solo o en combinaci\u00f3n con otros procedimientos, como una liposucci\u00f3n o un cambio de imagen mamario, para mejorar el rejuvenecimiento general del cuerpo. El procedimiento puede mejorar significativamente el contorno del abdomen, dando lugar a un aspecto m\u00e1s tonificado y esbelto.<\/p>\n<h2>\u00bfPor qu\u00e9 elegir al Dr. Deveci para la abdominoplastia en Estambul?<\/h2>\n<p>La elecci\u00f3n del cirujano adecuado para su abdominoplastia es crucial. El Dr. Deveci aporta a\u00f1os de experiencia y un profundo conocimiento de la est\u00e9tica corporal a cada intervenci\u00f3n. Da prioridad a las necesidades y deseos individuales de sus pacientes, asegur\u00e1ndose de que los resultados de la cirug\u00eda se ajustan a sus objetivos est\u00e9ticos. Su enfoque se caracteriza por un profundo respeto por la forma natural, centr\u00e1ndose en realzar la belleza natural de sus pacientes. Puede obtener m\u00e1s informaci\u00f3n sobre el enfoque del Dr. Deveci y su dedicaci\u00f3n a sus pacientes <a href=\"https:\/\/dromerfaruk.com\/es\/\" target=\"_new\">aqu\u00ed<\/a>.<\/p>\n<h2>La abdominoplastia<\/h2>\n<p>El procedimiento de abdominoplastia comienza con una consulta exhaustiva, durante la cual el Dr. Deveci discutir\u00e1 sus objetivos, evaluar\u00e1 su estructura abdominal y desarrollar\u00e1 un plan quir\u00fargico personalizado. Este plan tendr\u00e1 en cuenta factores como la elasticidad de su piel, la cantidad de grasa sobrante y sus objetivos est\u00e9ticos espec\u00edficos.<\/p>\n<p>Durante la intervenci\u00f3n, el Dr. Deveci realiza una incisi\u00f3n horizontal en la zona comprendida entre la l\u00ednea del vello p\u00fabico y el ombligo. A trav\u00e9s de esta incisi\u00f3n se reparan y suturan los m\u00fasculos abdominales debilitados y se elimina el exceso de grasa, tejido y piel. Puede ser necesaria una segunda incisi\u00f3n alrededor del ombligo para eliminar el exceso de piel en la parte superior del abdomen.<\/p>\n<p>La intervenci\u00f3n se realiza bajo anestesia general y puede durar varias horas, dependiendo del alcance de la cirug\u00eda. El Dr. Deveci utiliza t\u00e9cnicas y tecnolog\u00edas avanzadas para garantizar la seguridad y comodidad de sus pacientes durante todo el procedimiento.<\/p>\n<h2>Coste de la abdominoplastia en Estambul 2023<\/h2>\n<p>El coste de una abdominoplastia puede variar en funci\u00f3n de una serie de factores, como los objetivos espec\u00edficos del paciente y el alcance de la intervenci\u00f3n. Durante su consulta, el Dr. Deveci le proporcionar\u00e1 un presupuesto detallado basado en su plan quir\u00fargico personalizado. A pesar de las variaciones en el coste, el Dr. Deveci se compromete a proporcionar una atenci\u00f3n de alta calidad que sea accesible y asequible. Si desea m\u00e1s informaci\u00f3n sobre el coste de una abdominoplastia, <a href=\"https:\/\/dromerfaruk.com\/es\/?page_id=2605\" target=\"_new\">p\u00f3ngase en contacto con nosotros<\/a>.<\/p>\n<h2>Recuperaci\u00f3n de la abdominoplastia<\/h2>\n<p>La recuperaci\u00f3n de una abdominoplastia implica un periodo de reposo y actividad f\u00edsica limitada. Normalmente se aconseja a los pacientes que eviten cualquier actividad extenuante durante al menos dos semanas.<\/p>\n<p>La hinchaz\u00f3n, los hematomas y las molestias son normales despu\u00e9s de una abdominoplastia, pero estos s\u00edntomas pueden tratarse con medicaci\u00f3n. La mayor\u00eda de los pacientes pueden retomar sus actividades normales en dos o tres semanas, aunque la cicatrizaci\u00f3n continuar\u00e1 durante varias semanas a medida que disminuya la inflamaci\u00f3n y mejoren las l\u00edneas de la incisi\u00f3n.<\/p>\n<p>El Dr. Deveci proporciona instrucciones detalladas de cuidados postoperatorios y est\u00e1 disponible para responder a cualquier pregunta o duda durante el proceso de recuperaci\u00f3n. Se dedica a garantizar que cada paciente tenga una recuperaci\u00f3n c\u00f3moda y sin problemas.<\/p>\n<h2>Concertar una consulta<\/h2>\n<p>Si usted est\u00e1 considerando una abdominoplastia en Estambul, programe una consulta con el Dr. Deveci. \u00c9l puede discutir el procedimiento con usted en detalle, responder a sus preguntas, y ayudarle a decidir si una abdominoplastia es la opci\u00f3n correcta para usted. Para nuestros pacientes internacionales, tenemos una p\u00e1gina dedicada a ayudarle en su viaje <a href=\"https:\/\/dromerfaruk.com\/es\/?page_id=2637\" target=\"_new\">hasta aqu\u00ed<\/a>.<\/p>\n<p>Una abdominoplastia puede realzar su belleza natural y aumentar su confianza en s\u00ed misma. Conf\u00ede en la experiencia y el cuidado compasivo del Dr. \u00d6mer Faruk Deveci para su viaje hacia una mayor belleza y confianza en s\u00ed mismo.<\/p>\n<\/div>\n<\/div>\n<\/div>\n\t\t\t\t\t\t<\/div>\n\t\t\t\t<\/div>\n\t\t\t\t\t<\/div>\n\t\t<\/div>\n\t\t\t\t\t<\/div>\n\t\t<\/section>\n\t\t\t\t<\/div>\n\t\t","protected":false},"excerpt":{"rendered":"<p>Abdominoplastia en Estambul con el Dr. \u00d6mer Faruk Deveci La abdominoplastia es una intervenci\u00f3n quir\u00fargica que mejora el aspecto del abdomen eliminando el exceso de grasa y piel y restaurando los m\u00fasculos debilitados o separados. Este procedimiento es especialmente beneficioso para las personas que han sufrido una p\u00e9rdida de peso importante o un embarazo, lo [&hellip;]<\/p>\n","protected":false},"author":1,"featured_media":0,"parent":0,"menu_order":0,"comment_status":"closed","ping_status":"closed","template":"","meta":{"_coblocks_attr":"","_coblocks_dimensions":"","_coblocks_responsive_height":"","_coblocks_accordion_ie_support":"","site-sidebar-layout":"no-sidebar","site-content-layout":"page-builder","ast-site-content-layout":"default","site-content-style":"default","site-sidebar-style":"default","ast-global-header-display":"","ast-banner-title-visibility":"","ast-main-header-display":"","ast-hfb-above-header-display":"","ast-hfb-below-header-display":"","ast-hfb-mobile-header-display":"","site-post-title":"disabled","ast-breadcrumbs-content":"","ast-featured-img":"disabled","footer-sml-layout":"","ast-disable-related-posts":"","theme-transparent-header-meta":"","adv-header-id-meta":"","stick-header-meta":"","header-above-stick-meta":"","header-main-stick-meta":"","header-below-stick-meta":"","astra-migrate-meta-layouts":"default","ast-page-background-enabled":"default","ast-page-background-meta":{"desktop":{"background-color":"var(--ast-global-color-4)","background-image":"","background-repeat":"repeat","background-position":"center center","background-size":"auto","background-attachment":"scroll","background-type":"","background-media":"","overlay-type":"","overlay-color":"","overlay-opacity":"","overlay-gradient":""},"tablet":{"background-color":"","background-image":"","background-repeat":"repeat","background-position":"center center","background-size":"auto","background-attachment":"scroll","background-type":"","background-media":"","overlay-type":"","overlay-color":"","overlay-opacity":"","overlay-gradient":""},"mobile":{"background-color":"","background-image":"","background-repeat":"repeat","background-position":"center center","background-size":"auto","background-attachment":"scroll","background-type":"","background-media":"","overlay-type":"","overlay-color":"","overlay-opacity":"","overlay-gradient":""}},"ast-content-background-meta":{"desktop":{"background-color":"var(--ast-global-color-5)","background-image":"","background-repeat":"repeat","background-position":"center center","background-size":"auto","background-attachment":"scroll","background-type":"","background-media":"","overlay-type":"","overlay-color":"","overlay-opacity":"","overlay-gradient":""},"tablet":{"background-color":"var(--ast-global-color-5)","background-image":"","background-repeat":"repeat","background-position":"center center","background-size":"auto","background-attachment":"scroll","background-type":"","background-media":"","overlay-type":"","overlay-color":"","overlay-opacity":"","overlay-gradient":""},"mobile":{"background-color":"var(--ast-global-color-5)","background-image":"","background-repeat":"repeat","background-position":"center center","background-size":"auto","background-attachment":"scroll","background-type":"","background-media":"","overlay-type":"","overlay-color":"","overlay-opacity":"","overlay-gradient":""}},"footnotes":""},"class_list":["post-2642","page","type-page","status-publish","hentry"],"_links":{"self":[{"href":"https:\/\/dromerfaruk.com\/es\/wp-json\/wp\/v2\/pages\/2642","targetHints":{"allow":["GET"]}}],"collection":[{"href":"https:\/\/dromerfaruk.com\/es\/wp-json\/wp\/v2\/pages"}],"about":[{"href":"https:\/\/dromerfaruk.com\/es\/wp-json\/wp\/v2\/types\/page"}],"author":[{"embeddable":true,"href":"https:\/\/dromerfaruk.com\/es\/wp-json\/wp\/v2\/users\/1"}],"replies":[{"embeddable":true,"href":"https:\/\/dromerfaruk.com\/es\/wp-json\/wp\/v2\/comments?post=2642"}],"version-history":[{"count":0,"href":"https:\/\/dromerfaruk.com\/es\/wp-json\/wp\/v2\/pages\/2642\/revisions"}],"wp:attachment":[{"href":"https:\/\/dromerfaruk.com\/es\/wp-json\/wp\/v2\/media?parent=2642"}],"curies":[{"name":"wp","href":"https:\/\/api.w.org\/{rel}","templated":true}]}}