{"id":2630,"date":"2023-07-28T17:59:01","date_gmt":"2023-07-28T17:59:01","guid":{"rendered":"https:\/\/dromerfaruk.com\/rinoplastia\/"},"modified":"2023-08-09T16:49:26","modified_gmt":"2023-08-09T16:49:26","slug":"rinoplastia","status":"publish","type":"page","link":"https:\/\/dromerfaruk.com\/es\/rinoplastia\/","title":{"rendered":"Rinoplastia"},"content":{"rendered":"\t\t<div data-elementor-type=\"wp-page\" data-elementor-id=\"2630\" class=\"elementor elementor-2630 elementor-2039\">\n\t\t\t\t\t\t<section class=\"elementor-section elementor-top-section elementor-element elementor-element-0514c85 elementor-section-boxed elementor-section-height-default elementor-section-height-default\" data-id=\"0514c85\" data-element_type=\"section\" data-settings=\"{&quot;background_background&quot;:&quot;classic&quot;}\">\n\t\t\t\t\t\t<div class=\"elementor-container elementor-column-gap-default\">\n\t\t\t\t\t<div class=\"elementor-column elementor-col-100 elementor-top-column elementor-element elementor-element-1317695\" data-id=\"1317695\" data-element_type=\"column\">\n\t\t\t<div class=\"elementor-widget-wrap elementor-element-populated\">\n\t\t\t\t\t\t<div class=\"elementor-element elementor-element-ba4172e elementor-widget elementor-widget-text-editor\" data-id=\"ba4172e\" data-element_type=\"widget\" data-widget_type=\"text-editor.default\">\n\t\t\t\t<div class=\"elementor-widget-container\">\n\t\t\t\t\t\t\t<div class=\"flex flex-grow flex-col gap-3\">\n<div class=\"min-h-[20px] flex items-start overflow-x-auto whitespace-pre-wrap break-words flex-col gap-4\">\n<div class=\"markdown prose w-full break-words dark:prose-invert light\">\n<div class=\"min-h-[20px] flex items-start overflow-x-auto whitespace-pre-wrap break-words flex-col gap-4\">\n<div class=\"markdown prose w-full break-words dark:prose-invert light\">\n<div class=\"flex flex-grow flex-col gap-3\">\n<div class=\"min-h-[20px] flex items-start overflow-x-auto whitespace-pre-wrap break-words flex-col gap-4\">\n<div class=\"markdown prose w-full break-words dark:prose-invert light\">\n<h1>Rinoplastia en Estambul con el Dr. \u00d6mer Faruk Deveci<\/h1>\n<p>La rinoplastia, coloquialmente conocida como \u00abreparaci\u00f3n de la nariz\u00bb, es una intervenci\u00f3n quir\u00fargica que puede mejorar significativamente la armon\u00eda facial mediante la remodelaci\u00f3n, el redimensionamiento o la redefinici\u00f3n de la estructura de la nariz. Si est\u00e1 considerando someterse a una rinoplastia en Estambul, el Dr. \u00d6mer Faruk Deveci, un cirujano pl\u00e1stico altamente cualificado y dedicado, est\u00e1 aqu\u00ed para guiarle en cada paso del proceso.<\/p>\n<h2>\u00bfQu\u00e9 es la rinoplastia?<\/h2>\n<p>La rinoplastia es una intervenci\u00f3n quir\u00fargica que puede modificar la forma, el tama\u00f1o o las proporciones de la nariz, mejorando el equilibrio facial y aumentando la confianza en s\u00ed mismo. Tambi\u00e9n puede corregir problemas estructurales, como un tabique desviado, que pueden causar problemas respiratorios. La rinoplastia es una de las cirug\u00edas pl\u00e1sticas m\u00e1s complejas e intrincadas, que requiere un alto nivel de habilidad, precisi\u00f3n y ojo art\u00edstico para los detalles.<\/p>\n<p>La nariz, como rasgo central del rostro, desempe\u00f1a un papel crucial en la determinaci\u00f3n de la armon\u00eda y el equilibrio faciales. Incluso una ligera alteraci\u00f3n puede tener un impacto significativo en la apariencia de una persona. La rinoplastia, por tanto, no consiste s\u00f3lo en cambiar la nariz, sino en mejorar la est\u00e9tica facial en general.<\/p>\n<h2>Tipos de rinoplastia<\/h2>\n<p>A grandes rasgos, la rinoplastia puede clasificarse en dos tipos: est\u00e9tica y funcional.<\/p>\n<ul>\n<li>\n<p><strong>Rinoplastia est\u00e9tica<\/strong>: Este procedimiento se realiza para mejorar la apariencia est\u00e9tica de la nariz. Puede solucionar diversos problemas, como una nariz que se considera demasiado grande o peque\u00f1a, una nariz torcida o descentrada o una nariz con una joroba en el puente. Tambi\u00e9n puede afinar la punta nasal que es demasiado grande, bulbosa, ca\u00edda o respingona, y ajustar las fosas nasales que est\u00e1n excesivamente acampanadas o pellizcadas.<\/p>\n<\/li>\n<li>\n<p><strong>Rinoplastia funcional<\/strong>: Este procedimiento se realiza principalmente para corregir problemas estructurales que afectan a la respiraci\u00f3n, como el tabique desviado, el colapso de la v\u00e1lvula nasal y la hipertrofia de cornetes. Aunque el objetivo principal es mejorar la funci\u00f3n nasal, la rinoplastia funcional tambi\u00e9n puede mejorar la est\u00e9tica nasal.<\/p>\n<\/li>\n<\/ul>\n<h2>El viaje de la rinoplastia con el Dr. Deveci<\/h2>\n<h3>Consulta inicial<\/h3>\n<p>El viaje hacia una nueva nariz comienza con una consulta en profundidad con el Dr. Deveci. Durante esta reuni\u00f3n, hablar\u00e1 de sus objetivos, evaluar\u00e1 su estructura facial y le explicar\u00e1 el procedimiento en detalle. Tambi\u00e9n desarrollar\u00e1 un plan quir\u00fargico personalizado que tenga en cuenta sus objetivos est\u00e9ticos espec\u00edficos y las caracter\u00edsticas \u00fanicas de su nariz y su cara.<\/p>\n<p>El Dr. Deveci cree en un enfoque centrado en el paciente, en el que se tienen en cuenta sus objetivos est\u00e9ticos, su estilo de vida y su salud general. Escuchar\u00e1 sus preocupaciones, responder\u00e1 a sus preguntas y le proporcionar\u00e1 un asesoramiento honesto y profesional. La consulta es una gran oportunidad para que exprese sus expectativas y comprenda lo que la intervenci\u00f3n puede conseguir de forma realista.<\/p>\n<h3>Planificaci\u00f3n preoperatoria<\/h3>\n<p>Una vez que decida proceder con la cirug\u00eda, el Dr. Deveci y su equipo le proporcionar\u00e1n instrucciones preoperatorias detalladas. Pueden incluir directrices sobre la dieta, el consumo de alcohol, el tabaquismo y los medicamentos. Seguir estas instrucciones es crucial para su seguridad y el \u00e9xito de la intervenci\u00f3n.<\/p>\n<p>La planificaci\u00f3n preoperatoria tambi\u00e9n incluye una evaluaci\u00f3n m\u00e9dica exhaustiva para garantizar que se encuentra en buen estado de salud para la intervenci\u00f3n. Esto puede incluir an\u00e1lisis de sangre, diagn\u00f3stico por imagen y una revisi\u00f3n de su historial m\u00e9dico. El Dr. Deveci y su equipo le guiar\u00e1n a trav\u00e9s de este proceso, asegur\u00e1ndose de que est\u00e9 bien preparado para la cirug\u00eda.<\/p>\n<h3>Cirug\u00eda<\/h3>\n<p>La rinoplastia suele realizarse bajo anestesia general. Durante la intervenci\u00f3n, el Dr. Deveci realizar\u00e1 incisiones en el interior de la nariz o a trav\u00e9s de la columela (la estrecha franja de tejido que separa las fosas nasales) para acceder a las estructuras subyacentes. A continuaci\u00f3n, remodelar\u00e1 el hueso y el cart\u00edlago para conseguir el aspecto deseado. La intervenci\u00f3n suele durar entre una y tres horas, dependiendo de la complejidad del procedimiento.<\/p>\n<p>El Dr. Deveci utiliza t\u00e9cnicas quir\u00fargicas avanzadas para minimizar las cicatrices y garantizar los resultados m\u00e1s naturales. Est\u00e1 comprometido con la seguridad del paciente y se adhiere a los m\u00e1s altos est\u00e1ndares de atenci\u00f3n quir\u00fargica.<\/p>\n<h3>Cuidados postoperatorios<\/h3>\n<p>Tras la intervenci\u00f3n, deber\u00e1 descansar y recuperarse. El Dr. Deveci le proporcionar\u00e1 instrucciones postoperatorias espec\u00edficas, que pueden incluir c\u00f3mo cuidar la zona quir\u00fargica, los medicamentos que debe aplicarse o tomar por v\u00eda oral y cu\u00e1ndo realizar el seguimiento con el Dr. Deveci. Seguir estas instrucciones puede ayudar a garantizar una recuperaci\u00f3n sin problemas y unos resultados \u00f3ptimos.<\/p>\n<h2>\u00bfPor qu\u00e9 elegir al Dr. Deveci para una rinoplastia en Estambul?<\/h2>\n<p>El Dr. Deveci es un cirujano pl\u00e1stico altamente cualificado y experimentado especializado en rinoplastia. Es conocido por su meticulosa t\u00e9cnica quir\u00fargica, su ojo art\u00edstico y su compromiso con la atenci\u00f3n al paciente. Su objetivo es crear resultados que parezcan naturales, est\u00e9n en armon\u00eda con el resto de los rasgos faciales y cumplan los objetivos est\u00e9ticos del paciente.<\/p>\n<h2>Coste de la rinoplastia en Estambul 2023<\/h2>\n<p>El coste de la rinoplastia puede variar en funci\u00f3n de varios factores, como la complejidad de la intervenci\u00f3n y la experiencia del cirujano. Durante su consulta, el Dr. Deveci le proporcionar\u00e1 un presupuesto detallado basado en su plan quir\u00fargico personalizado. Si desea m\u00e1s informaci\u00f3n sobre el coste de la rinoplastia, <a href=\"https:\/\/dromerfaruk.com\/es\/?page_id=2605\" target=\"_new\">p\u00f3ngase en contacto con nosotros<\/a>.<\/p>\n<h2>Concertar una consulta<\/h2>\n<p>Si usted est\u00e1 considerando la rinoplastia en Estambul, programar una consulta con el Dr. Deveci. \u00c9l puede discutir el procedimiento con usted en detalle, responder a sus preguntas, y ayudarle a decidir si la rinoplastia es la opci\u00f3n correcta para usted. Para nuestros pacientes internacionales, tenemos una p\u00e1gina dedicada a ayudarle en su viaje <a href=\"https:\/\/dromerfaruk.com\/es\/pacientes-internacionales\/\" target=\"_new\">hasta aqu\u00ed<\/a>.<\/p>\n<p>La rinoplastia puede mejorar significativamente su armon\u00eda facial y aumentar su confianza en s\u00ed mismo. Conf\u00ede en la experiencia y el cuidado compasivo del Dr. \u00d6mer Faruk Deveci para su viaje hacia una mayor belleza y confianza en s\u00ed mismo.<\/p>\n<\/div>\n<\/div>\n<\/div>\n<\/div>\n<\/div>\n<\/div>\n<\/div>\n<\/div>\n\t\t\t\t\t\t<\/div>\n\t\t\t\t<\/div>\n\t\t\t\t\t<\/div>\n\t\t<\/div>\n\t\t\t\t\t<\/div>\n\t\t<\/section>\n\t\t\t\t<\/div>\n\t\t","protected":false},"excerpt":{"rendered":"<p>Rinoplastia en Estambul con el Dr. \u00d6mer Faruk Deveci La rinoplastia, coloquialmente conocida como \u00abreparaci\u00f3n de la nariz\u00bb, es una intervenci\u00f3n quir\u00fargica que puede mejorar significativamente la armon\u00eda facial mediante la remodelaci\u00f3n, el redimensionamiento o la redefinici\u00f3n de la estructura de la nariz. Si est\u00e1 considerando someterse a una rinoplastia en Estambul, el Dr. \u00d6mer [&hellip;]<\/p>\n","protected":false},"author":1,"featured_media":0,"parent":0,"menu_order":0,"comment_status":"closed","ping_status":"closed","template":"","meta":{"_coblocks_attr":"","_coblocks_dimensions":"","_coblocks_responsive_height":"","_coblocks_accordion_ie_support":"","site-sidebar-layout":"no-sidebar","site-content-layout":"page-builder","ast-site-content-layout":"default","site-content-style":"default","site-sidebar-style":"default","ast-global-header-display":"","ast-banner-title-visibility":"","ast-main-header-display":"","ast-hfb-above-header-display":"","ast-hfb-below-header-display":"","ast-hfb-mobile-header-display":"","site-post-title":"disabled","ast-breadcrumbs-content":"","ast-featured-img":"disabled","footer-sml-layout":"","ast-disable-related-posts":"","theme-transparent-header-meta":"","adv-header-id-meta":"","stick-header-meta":"","header-above-stick-meta":"","header-main-stick-meta":"","header-below-stick-meta":"","astra-migrate-meta-layouts":"default","ast-page-background-enabled":"default","ast-page-background-meta":{"desktop":{"background-color":"var(--ast-global-color-4)","background-image":"","background-repeat":"repeat","background-position":"center center","background-size":"auto","background-attachment":"scroll","background-type":"","background-media":"","overlay-type":"","overlay-color":"","overlay-opacity":"","overlay-gradient":""},"tablet":{"background-color":"","background-image":"","background-repeat":"repeat","background-position":"center center","background-size":"auto","background-attachment":"scroll","background-type":"","background-media":"","overlay-type":"","overlay-color":"","overlay-opacity":"","overlay-gradient":""},"mobile":{"background-color":"","background-image":"","background-repeat":"repeat","background-position":"center center","background-size":"auto","background-attachment":"scroll","background-type":"","background-media":"","overlay-type":"","overlay-color":"","overlay-opacity":"","overlay-gradient":""}},"ast-content-background-meta":{"desktop":{"background-color":"var(--ast-global-color-5)","background-image":"","background-repeat":"repeat","background-position":"center center","background-size":"auto","background-attachment":"scroll","background-type":"","background-media":"","overlay-type":"","overlay-color":"","overlay-opacity":"","overlay-gradient":""},"tablet":{"background-color":"var(--ast-global-color-5)","background-image":"","background-repeat":"repeat","background-position":"center center","background-size":"auto","background-attachment":"scroll","background-type":"","background-media":"","overlay-type":"","overlay-color":"","overlay-opacity":"","overlay-gradient":""},"mobile":{"background-color":"var(--ast-global-color-5)","background-image":"","background-repeat":"repeat","background-position":"center center","background-size":"auto","background-attachment":"scroll","background-type":"","background-media":"","overlay-type":"","overlay-color":"","overlay-opacity":"","overlay-gradient":""}},"footnotes":""},"class_list":["post-2630","page","type-page","status-publish","hentry"],"_links":{"self":[{"href":"https:\/\/dromerfaruk.com\/es\/wp-json\/wp\/v2\/pages\/2630","targetHints":{"allow":["GET"]}}],"collection":[{"href":"https:\/\/dromerfaruk.com\/es\/wp-json\/wp\/v2\/pages"}],"about":[{"href":"https:\/\/dromerfaruk.com\/es\/wp-json\/wp\/v2\/types\/page"}],"author":[{"embeddable":true,"href":"https:\/\/dromerfaruk.com\/es\/wp-json\/wp\/v2\/users\/1"}],"replies":[{"embeddable":true,"href":"https:\/\/dromerfaruk.com\/es\/wp-json\/wp\/v2\/comments?post=2630"}],"version-history":[{"count":0,"href":"https:\/\/dromerfaruk.com\/es\/wp-json\/wp\/v2\/pages\/2630\/revisions"}],"wp:attachment":[{"href":"https:\/\/dromerfaruk.com\/es\/wp-json\/wp\/v2\/media?parent=2630"}],"curies":[{"name":"wp","href":"https:\/\/api.w.org\/{rel}","templated":true}]}}