{"id":2621,"date":"2023-07-28T18:04:46","date_gmt":"2023-07-28T18:04:46","guid":{"rendered":"https:\/\/dromerfaruk.com\/lifting-brasileno-de-gluteos\/"},"modified":"2023-08-09T16:49:24","modified_gmt":"2023-08-09T16:49:24","slug":"lifting-brasileno-de-gluteos","status":"publish","type":"page","link":"https:\/\/dromerfaruk.com\/es\/lifting-brasileno-de-gluteos\/","title":{"rendered":"Lifting brasile\u00f1o de gl\u00fateos"},"content":{"rendered":"\t\t<div data-elementor-type=\"wp-page\" data-elementor-id=\"2621\" class=\"elementor elementor-2621 elementor-2045\">\n\t\t\t\t\t\t<section class=\"elementor-section elementor-top-section elementor-element elementor-element-3e928dd elementor-section-boxed elementor-section-height-default elementor-section-height-default\" data-id=\"3e928dd\" data-element_type=\"section\" data-settings=\"{&quot;background_background&quot;:&quot;classic&quot;}\">\n\t\t\t\t\t\t<div class=\"elementor-container elementor-column-gap-default\">\n\t\t\t\t\t<div class=\"elementor-column elementor-col-100 elementor-top-column elementor-element elementor-element-47c7198\" data-id=\"47c7198\" data-element_type=\"column\">\n\t\t\t<div class=\"elementor-widget-wrap elementor-element-populated\">\n\t\t\t\t\t\t<div class=\"elementor-element elementor-element-99d8329 elementor-widget elementor-widget-text-editor\" data-id=\"99d8329\" data-element_type=\"widget\" data-widget_type=\"text-editor.default\">\n\t\t\t\t<div class=\"elementor-widget-container\">\n\t\t\t\t\t\t\t<div class=\"min-h-[20px] flex items-start overflow-x-auto whitespace-pre-wrap break-words flex-col gap-4\">\n<div class=\"markdown prose w-full break-words dark:prose-invert light\">\n<h1>Lifting brasile\u00f1o de gl\u00fateos en Estambul con el Dr. \u00d6mer Faruk Deveci<\/h1>\n<p>El lifting brasile\u00f1o de gl\u00fateos (Brazilian Butt Lift, BBL) es un popular procedimiento est\u00e9tico que utiliza la propia grasa de la persona para mejorar el tama\u00f1o y la forma de sus gl\u00fateos. Si usted est\u00e1 considerando un lifting de gl\u00fateos brasile\u00f1o en Estambul, el Dr. \u00d6mer Faruk Deveci, un cirujano pl\u00e1stico experimentado y dedicado, est\u00e1 aqu\u00ed para guiarle a trav\u00e9s del proceso.<\/p>\n<h2>Comprender el lifting brasile\u00f1o de gl\u00fateos<\/h2>\n<p>El lifting de gl\u00fateos brasile\u00f1o consta de dos pasos principales: liposucci\u00f3n y transferencia de grasa. Durante la liposucci\u00f3n, se extrae grasa de zonas del cuerpo en las que hay exceso, como el abdomen, las caderas o los muslos. A continuaci\u00f3n, la grasa extra\u00edda se purifica y se inyecta en los gl\u00fateos para mejorar su tama\u00f1o y forma.<\/p>\n<p>El resultado es un gl\u00fateo m\u00e1s redondeado y levantado, sin necesidad de implantes. El beneficio adicional de este procedimiento es el efecto adelgazante en las zonas donde se realiza la liposucci\u00f3n.<\/p>\n<h2>\u00bfPor qu\u00e9 elegir al Dr. Deveci para un lifting de gl\u00fateos brasile\u00f1o en Estambul?<\/h2>\n<p>La elecci\u00f3n del cirujano adecuado para su lifting brasile\u00f1o de gl\u00fateos es crucial. El Dr. Deveci aporta a\u00f1os de experiencia y un profundo conocimiento de la est\u00e9tica corporal a cada intervenci\u00f3n. Da prioridad a las necesidades y deseos individuales de sus pacientes, asegur\u00e1ndose de que los resultados de la cirug\u00eda se ajustan a sus objetivos est\u00e9ticos. Su enfoque se caracteriza por un profundo respeto por la forma natural, centr\u00e1ndose en realzar la belleza natural de sus pacientes. Puede obtener m\u00e1s informaci\u00f3n sobre el enfoque del Dr. Deveci y su dedicaci\u00f3n a sus pacientes <a href=\"https:\/\/dromerfaruk.com\/es\/\" target=\"_new\">aqu\u00ed<\/a>.<\/p>\n<h2>El lifting brasile\u00f1o de gl\u00fateos<\/h2>\n<p>El procedimiento de lifting brasile\u00f1o de gl\u00fateos comienza con una consulta exhaustiva, durante la cual el Dr. Deveci discutir\u00e1 sus objetivos, evaluar\u00e1 su estructura corporal y desarrollar\u00e1 un plan quir\u00fargico personalizado.<\/p>\n<p>Durante la intervenci\u00f3n, el Dr. Deveci realiza primero una liposucci\u00f3n para eliminar la grasa de las zonas designadas. A continuaci\u00f3n, la grasa extra\u00edda se purifica y se prepara para su transferencia. A continuaci\u00f3n, la grasa purificada se inyecta cuidadosamente en los gl\u00fateos a distintas profundidades para conseguir un realce de aspecto natural.<\/p>\n<h2>Coste del lifting brasile\u00f1o de gl\u00fateos en Estambul 2023<\/h2>\n<p>El coste de un lifting de gl\u00fateos brasile\u00f1o puede variar en funci\u00f3n de varios factores, como la cantidad de grasa que se transfiera y los objetivos espec\u00edficos del paciente. Durante su consulta, el Dr. Deveci le proporcionar\u00e1 un presupuesto detallado basado en su plan quir\u00fargico personalizado. A pesar de las variaciones en el coste, el Dr. Deveci se compromete a proporcionar una atenci\u00f3n de alta calidad que sea accesible y asequible. Para obtener m\u00e1s informaci\u00f3n sobre el coste de un lifting de gl\u00fateos brasile\u00f1o, <a href=\"https:\/\/dromerfaruk.com\/es\/?page_id=2605\" target=\"_new\">p\u00f3ngase en contacto con nosotros<\/a>.<\/p>\n<h2>Recuperaci\u00f3n del lifting brasile\u00f1o de gl\u00fateos<\/h2>\n<p>La recuperaci\u00f3n de un lifting de gl\u00fateos brasile\u00f1o implica un periodo de reposo y actividad f\u00edsica limitada. Normalmente se aconseja a los pacientes que eviten sentarse directamente sobre las nalgas durante unas dos semanas para permitir que las c\u00e9lulas grasas transferidas establezcan un riego sangu\u00edneo.<\/p>\n<p>El Dr. Deveci proporciona instrucciones detalladas de cuidados postoperatorios y est\u00e1 disponible para responder a cualquier pregunta o duda durante el proceso de recuperaci\u00f3n.<\/p>\n<h2>Concertar una consulta<\/h2>\n<p>Si usted est\u00e1 considerando un levantamiento brasile\u00f1o de gl\u00fateos en Estambul, programe una consulta con el Dr. Deveci. \u00c9l puede discutir el procedimiento con usted en detalle, responder a sus preguntas, y ayudarle a decidir si un lifting de gl\u00fateos brasile\u00f1o es la opci\u00f3n correcta para usted. Para nuestros pacientes internacionales, tenemos una p\u00e1gina dedicada a ayudarle en su viaje <a href=\"https:\/\/dromerfaruk.com\/international-patients\/\" target=\"_new\">hasta aqu\u00ed<\/a>.<\/p>\n<p>Un lifting brasile\u00f1o de gl\u00fateos puede realzar su belleza natural y aumentar su confianza en s\u00ed misma. Conf\u00ede en la experiencia y el cuidado compasivo del Dr. \u00d6mer Faruk Deveci para su viaje hacia una mayor belleza y confianza en s\u00ed mismo.<\/p>\n<\/div>\n<\/div>\n\t\t\t\t\t\t<\/div>\n\t\t\t\t<\/div>\n\t\t\t\t\t<\/div>\n\t\t<\/div>\n\t\t\t\t\t<\/div>\n\t\t<\/section>\n\t\t\t\t<\/div>\n\t\t","protected":false},"excerpt":{"rendered":"<p>Lifting brasile\u00f1o de gl\u00fateos en Estambul con el Dr. \u00d6mer Faruk Deveci El lifting brasile\u00f1o de gl\u00fateos (Brazilian Butt Lift, BBL) es un popular procedimiento est\u00e9tico que utiliza la propia grasa de la persona para mejorar el tama\u00f1o y la forma de sus gl\u00fateos. Si usted est\u00e1 considerando un lifting de gl\u00fateos brasile\u00f1o en Estambul, [&hellip;]<\/p>\n","protected":false},"author":1,"featured_media":0,"parent":0,"menu_order":0,"comment_status":"closed","ping_status":"closed","template":"","meta":{"_coblocks_attr":"","_coblocks_dimensions":"","_coblocks_responsive_height":"","_coblocks_accordion_ie_support":"","site-sidebar-layout":"no-sidebar","site-content-layout":"page-builder","ast-site-content-layout":"default","site-content-style":"default","site-sidebar-style":"default","ast-global-header-display":"","ast-banner-title-visibility":"","ast-main-header-display":"","ast-hfb-above-header-display":"","ast-hfb-below-header-display":"","ast-hfb-mobile-header-display":"","site-post-title":"disabled","ast-breadcrumbs-content":"","ast-featured-img":"disabled","footer-sml-layout":"","ast-disable-related-posts":"","theme-transparent-header-meta":"","adv-header-id-meta":"","stick-header-meta":"","header-above-stick-meta":"","header-main-stick-meta":"","header-below-stick-meta":"","astra-migrate-meta-layouts":"default","ast-page-background-enabled":"default","ast-page-background-meta":{"desktop":{"background-color":"var(--ast-global-color-4)","background-image":"","background-repeat":"repeat","background-position":"center center","background-size":"auto","background-attachment":"scroll","background-type":"","background-media":"","overlay-type":"","overlay-color":"","overlay-opacity":"","overlay-gradient":""},"tablet":{"background-color":"","background-image":"","background-repeat":"repeat","background-position":"center center","background-size":"auto","background-attachment":"scroll","background-type":"","background-media":"","overlay-type":"","overlay-color":"","overlay-opacity":"","overlay-gradient":""},"mobile":{"background-color":"","background-image":"","background-repeat":"repeat","background-position":"center center","background-size":"auto","background-attachment":"scroll","background-type":"","background-media":"","overlay-type":"","overlay-color":"","overlay-opacity":"","overlay-gradient":""}},"ast-content-background-meta":{"desktop":{"background-color":"var(--ast-global-color-5)","background-image":"","background-repeat":"repeat","background-position":"center center","background-size":"auto","background-attachment":"scroll","background-type":"","background-media":"","overlay-type":"","overlay-color":"","overlay-opacity":"","overlay-gradient":""},"tablet":{"background-color":"var(--ast-global-color-5)","background-image":"","background-repeat":"repeat","background-position":"center center","background-size":"auto","background-attachment":"scroll","background-type":"","background-media":"","overlay-type":"","overlay-color":"","overlay-opacity":"","overlay-gradient":""},"mobile":{"background-color":"var(--ast-global-color-5)","background-image":"","background-repeat":"repeat","background-position":"center center","background-size":"auto","background-attachment":"scroll","background-type":"","background-media":"","overlay-type":"","overlay-color":"","overlay-opacity":"","overlay-gradient":""}},"footnotes":""},"class_list":["post-2621","page","type-page","status-publish","hentry"],"_links":{"self":[{"href":"https:\/\/dromerfaruk.com\/es\/wp-json\/wp\/v2\/pages\/2621","targetHints":{"allow":["GET"]}}],"collection":[{"href":"https:\/\/dromerfaruk.com\/es\/wp-json\/wp\/v2\/pages"}],"about":[{"href":"https:\/\/dromerfaruk.com\/es\/wp-json\/wp\/v2\/types\/page"}],"author":[{"embeddable":true,"href":"https:\/\/dromerfaruk.com\/es\/wp-json\/wp\/v2\/users\/1"}],"replies":[{"embeddable":true,"href":"https:\/\/dromerfaruk.com\/es\/wp-json\/wp\/v2\/comments?post=2621"}],"version-history":[{"count":0,"href":"https:\/\/dromerfaruk.com\/es\/wp-json\/wp\/v2\/pages\/2621\/revisions"}],"wp:attachment":[{"href":"https:\/\/dromerfaruk.com\/es\/wp-json\/wp\/v2\/media?parent=2621"}],"curies":[{"name":"wp","href":"https:\/\/api.w.org\/{rel}","templated":true}]}}